{"id":6498,"date":"2025-09-12T10:19:09","date_gmt":"2025-09-12T08:19:09","guid":{"rendered":"https:\/\/domigoo.pl\/index.php\/produkt\/garnek-z-pokrywa-24cm-taupe-berlingerhaus-bh-8101\/"},"modified":"2025-10-25T08:38:44","modified_gmt":"2025-10-25T06:38:44","slug":"garnek-z-pokrywa-24cm-taupe-berlingerhaus-bh-8101","status":"publish","type":"product","link":"https:\/\/domigoo.pl\/index.php\/produkt\/garnek-z-pokrywa-24cm-taupe-berlingerhaus-bh-8101\/","title":{"rendered":"Garnek z pokryw\u0105 24cm Taupe BerlingerHaus BH-8101"},"content":{"rendered":"<h2 style=\"text-align: center;\" class=\"def\"><span style=\"font-size: 18pt; font-family: verdana, geneva, sans-serif;\" class=\"def\">Garnek z pokryw\u0105 24cm Taupe Collection<\/span><\/h2>\n<h2 style=\"text-align: center;\" class=\"def\"><span style=\"font-size: 18pt; font-family: verdana, geneva, sans-serif;\" class=\"def\">&nbsp;BerlingerHaus <\/span><span style=\"font-size: 18pt; font-family: verdana, geneva, sans-serif;\" class=\"def\">BH-8101<\/span><\/h2>\n<p class=\"def\"><span style=\"font-size: 18pt; font-family: verdana, geneva, sans-serif;\" class=\"def\"><img fetchpriority=\"high\" decoding=\"async\" src=\"https:\/\/berlingerhaus.com.pl\/images\/tn107\/3000-4000\/Garnek-z-pokrywa-24cm-Taupe-BerlingerHaus-BH-8101_[3618]_696.jpg\" width=\"649\" height=\"649\" alt=\"\" style=\"display: block; margin-left: auto; margin-right: auto;\" class=\"def\"><\/span><\/p>\n<p style=\"text-align: center;\" class=\"def\">&nbsp;<span style=\"font-family: verdana, geneva, sans-serif;\" class=\"def\"><span style=\"font-size: 12pt;\" class=\"def\"><span class=\"def\">Garnek znajduje zastosowanie na wszelkiego rodzaju kuchenkach: od&nbsp;<span class=\"def\"><strong class=\"def\">gazowych<\/strong><\/span>&nbsp;i&nbsp;<strong class=\"def\"><span class=\"def\">indukcyjnych<\/span><\/strong>&nbsp;po&nbsp;<span class=\"def\"><strong class=\"def\">elektryczne<\/strong><\/span>&nbsp;czy&nbsp;<span class=\"def\"><strong class=\"def\">halogenowe<\/strong><\/span>.<\/span><\/span> &nbsp;<\/span><\/p>\n<p style=\"text-align: center;\" class=\"def\"><span style=\"font-family: verdana, geneva, sans-serif;\" class=\"def\">Wykonany z <span class=\"def\"><strong class=\"def\">najwy\u017cszej jako\u015bci&nbsp; aluminium<\/strong><\/span>.<\/span><\/p>\n<p style=\"text-align: center;\" class=\"def\"><span style=\"font-family: verdana, geneva, sans-serif;\" class=\"def\">Elegancki design i niezawodno\u015b\u0107 w wersji taupe<span class=\"def\">.<\/span><\/span><span style=\"font-family: verdana, geneva, sans-serif;\" class=\"def\"><span class=\"def\"><\/span><\/span><\/p>\n<p style=\"text-align: center;\" class=\"def\"><span style=\"font-family: verdana, geneva, sans-serif;\" class=\"def\">Zaopatrzony w ergonomiczne uchwyty&nbsp;<strong class=\"def\"><span class=\"def\">SOFT TOUCH<\/span><\/strong>, dzi\u0119ki kt\u00f3rym gotowanie staje si\u0119 jeszcze przyjemniejsze.<\/span><\/p>\n<p style=\"text-align: center;\" class=\"def\"><span style=\"font-family: verdana, geneva, sans-serif;\" class=\"def\">&nbsp;<span style=\"font-size: 12pt;\" class=\"def\">&nbsp;Zastosowanie&nbsp;<strong class=\"def\">nieprzywieraj\u0105cego dna<\/strong><span class=\"def\"><strong class=\"def\">&nbsp;<\/strong><\/span>oraz<span class=\"def\"><strong class=\"def\">&nbsp;pow\u0142oki tytanowej<\/strong><\/span>&nbsp;sprawia, \u017ce rozgrzane naczynie&nbsp;oddaje ciep\u0142o ca\u0142\u0105 sw\u0105 powierzchni\u0105, co pozwala na r\u00f3wnomiern\u0105 obr\u00f3bk\u0119 termiczn\u0105, nawet przy u\u017cyciu minimalnej ilo\u015bci t\u0142uszczu.<\/span><\/span><\/p>\n<p style=\"text-align: center;\" class=\"def\"><span style=\"font-family: verdana, geneva, sans-serif;\" class=\"def\"><span style=\"font-size: 12pt;\" class=\"def\"><img decoding=\"async\" src=\"https:\/\/berlingerhaus.com.pl\/images\/tn107\/2000-3000\/Garnek-z-pokrywa-24cm-Taupe-Collection-BerlingerHaus-BH-8101_[2982]_696.jpg\" width=\"565\" height=\"565\" alt=\"\" style=\"float: left;\" class=\"def\"><\/span><\/span><\/p>\n<p style=\"text-align: center;\" class=\"def\"><span style=\"font-family: verdana, geneva, sans-serif;\" class=\"def\"><span style=\"font-size: 12pt;\" class=\"def\">&nbsp;<\/span>&nbsp;<\/span><span style=\"font-family: verdana, geneva, sans-serif;\" class=\"def\">&nbsp;<strong class=\"def\"><span style=\"text-decoration: underline;\" class=\"def\">SPECYFIKACJA TECHNICZNA<\/span><\/strong><\/span><\/p>\n<p style=\"text-align: center;\" class=\"def\"><span style=\"font-family: verdana, geneva, sans-serif;\" class=\"def\">&nbsp;<span style=\"font-size: 12pt;\" class=\"def\">Kolor: <strong class=\"def\">szaro \/ be\u017cowy<\/strong><\/span><\/span><\/p>\n<p style=\"text-align: center;\" class=\"def\"><span style=\"font-family: verdana, geneva, sans-serif;\" class=\"def\">&nbsp;<\/span><span style=\"font-size: 12pt;\" class=\"def\">Pow\u0142oka wewn\u0119trzna:&nbsp;<strong class=\"def\">Tytanowa, nieprzywieraj\u0105ca<\/strong><\/span><\/p>\n<p style=\"text-align: center;\" class=\"def\"><span style=\"font-family: verdana, geneva, sans-serif;\" class=\"def\">&nbsp;<span style=\"font-size: 12pt;\" class=\"def\">Wymiary:&nbsp;<strong class=\"def\">\u00d824 x 11,8cm (4,1 l )<\/strong><\/span><\/span><\/p>\n<p style=\"text-align: center;\" class=\"def\"><span style=\"font-family: verdana, geneva, sans-serif;\" class=\"def\">&nbsp;<span style=\"font-size: 12pt;\" class=\"def\"><strong class=\"def\">UWAGA! Mycie w zmywarce mo\u017ce spowodowa\u0107 uszkodzenia pow\u0142oki i odbarwi\u0107 uchwyty!<\/strong><\/span><\/span><\/p>\n<p style=\"text-align: center;\" class=\"def\"><span style=\"font-family: verdana, geneva, sans-serif;\" class=\"def\">&nbsp;<span style=\"font-size: 12pt;\" class=\"def\">Zastosowanie:&nbsp;<strong class=\"def\">Wszystkie rodzaje kuchenek &#8211; gazowe, indukcyjne, elektryczne, halogenowe<\/strong><\/span><\/span><\/p>\n","protected":false},"excerpt":{"rendered":"<p>Wymiary: \u00d824 x 11,8cm (4,1 l )<br \/>\nWewn\u0119trzna pow\u0142oka: Tytanowa, nieprzywieraj\u0105ca<br \/>\nSystem Turbo Induction: Tak<br \/>\nEco Friendly: Tak<br \/>\nZastosowanie: Wszystkie rodzaje kuchenek &#8211; gazowe, indukcyjne, elektryczne, halogenowe<\/p>\n","protected":false},"featured_media":0,"comment_status":"open","ping_status":"closed","template":"","meta":{"ocean_post_layout":"","ocean_both_sidebars_style":"","ocean_both_sidebars_content_width":0,"ocean_both_sidebars_sidebars_width":0,"ocean_sidebar":"","ocean_second_sidebar":"","ocean_disable_margins":"enable","ocean_add_body_class":"","ocean_shortcode_before_top_bar":"","ocean_shortcode_after_top_bar":"","ocean_shortcode_before_header":"","ocean_shortcode_after_header":"","ocean_has_shortcode":"","ocean_shortcode_after_title":"","ocean_shortcode_before_footer_widgets":"","ocean_shortcode_after_footer_widgets":"","ocean_shortcode_before_footer_bottom":"","ocean_shortcode_after_footer_bottom":"","ocean_display_top_bar":"default","ocean_display_header":"default","ocean_header_style":"","ocean_center_header_left_menu":"","ocean_custom_header_template":"","ocean_custom_logo":0,"ocean_custom_retina_logo":0,"ocean_custom_logo_max_width":0,"ocean_custom_logo_tablet_max_width":0,"ocean_custom_logo_mobile_max_width":0,"ocean_custom_logo_max_height":0,"ocean_custom_logo_tablet_max_height":0,"ocean_custom_logo_mobile_max_height":0,"ocean_header_custom_menu":"","ocean_menu_typo_font_family":"","ocean_menu_typo_font_subset":"","ocean_menu_typo_font_size":0,"ocean_menu_typo_font_size_tablet":0,"ocean_menu_typo_font_size_mobile":0,"ocean_menu_typo_font_size_unit":"px","ocean_menu_typo_font_weight":"","ocean_menu_typo_font_weight_tablet":"","ocean_menu_typo_font_weight_mobile":"","ocean_menu_typo_transform":"","ocean_menu_typo_transform_tablet":"","ocean_menu_typo_transform_mobile":"","ocean_menu_typo_line_height":0,"ocean_menu_typo_line_height_tablet":0,"ocean_menu_typo_line_height_mobile":0,"ocean_menu_typo_line_height_unit":"","ocean_menu_typo_spacing":0,"ocean_menu_typo_spacing_tablet":0,"ocean_menu_typo_spacing_mobile":0,"ocean_menu_typo_spacing_unit":"","ocean_menu_link_color":"","ocean_menu_link_color_hover":"","ocean_menu_link_color_active":"","ocean_menu_link_background":"","ocean_menu_link_hover_background":"","ocean_menu_link_active_background":"","ocean_menu_social_links_bg":"","ocean_menu_social_hover_links_bg":"","ocean_menu_social_links_color":"","ocean_menu_social_hover_links_color":"","ocean_disable_title":"default","ocean_disable_heading":"default","ocean_post_title":"","ocean_post_subheading":"","ocean_post_title_style":"","ocean_post_title_background_color":"","ocean_post_title_background":0,"ocean_post_title_bg_image_position":"","ocean_post_title_bg_image_attachment":"","ocean_post_title_bg_image_repeat":"","ocean_post_title_bg_image_size":"","ocean_post_title_height":0,"ocean_post_title_bg_overlay":0.5,"ocean_post_title_bg_overlay_color":"","ocean_disable_breadcrumbs":"default","ocean_breadcrumbs_color":"","ocean_breadcrumbs_separator_color":"","ocean_breadcrumbs_links_color":"","ocean_breadcrumbs_links_hover_color":"","ocean_display_footer_widgets":"default","ocean_display_footer_bottom":"default","ocean_custom_footer_template":""},"product_brand":[],"product_cat":[15],"product_tag":[3898,3919,3897,4077],"class_list":{"0":"post-6498","1":"product","2":"type-product","3":"status-publish","5":"product_cat-wszystkie-produkty","6":"product_tag-3898","7":"product_tag-3919","8":"product_tag-berlinger-haus","9":"product_tag-bh-8101","11":"entry","13":"first","14":"outofstock","15":"shipping-taxable","16":"product-type-simple","17":"has-product-nav","18":"col","19":"span_1_of_4","20":"owp-content-center","21":"owp-thumbs-layout-horizontal","22":"owp-btn-normal","23":"owp-tabs-layout-horizontal","24":"has-no-thumbnails"},"jetpack_sharing_enabled":true,"_links":{"self":[{"href":"https:\/\/domigoo.pl\/index.php\/wp-json\/wp\/v2\/product\/6498","targetHints":{"allow":["GET"]}}],"collection":[{"href":"https:\/\/domigoo.pl\/index.php\/wp-json\/wp\/v2\/product"}],"about":[{"href":"https:\/\/domigoo.pl\/index.php\/wp-json\/wp\/v2\/types\/product"}],"replies":[{"embeddable":true,"href":"https:\/\/domigoo.pl\/index.php\/wp-json\/wp\/v2\/comments?post=6498"}],"wp:attachment":[{"href":"https:\/\/domigoo.pl\/index.php\/wp-json\/wp\/v2\/media?parent=6498"}],"wp:term":[{"taxonomy":"product_brand","embeddable":true,"href":"https:\/\/domigoo.pl\/index.php\/wp-json\/wp\/v2\/product_brand?post=6498"},{"taxonomy":"product_cat","embeddable":true,"href":"https:\/\/domigoo.pl\/index.php\/wp-json\/wp\/v2\/product_cat?post=6498"},{"taxonomy":"product_tag","embeddable":true,"href":"https:\/\/domigoo.pl\/index.php\/wp-json\/wp\/v2\/product_tag?post=6498"}],"curies":[{"name":"wp","href":"https:\/\/api.w.org\/{rel}","templated":true}]}}