{"id":6500,"date":"2025-09-12T10:19:10","date_gmt":"2025-09-12T08:19:10","guid":{"rendered":"https:\/\/domigoo.pl\/index.php\/produkt\/garnek-z-pokrywka-20-cm-berlinger-haus-bh-1716\/"},"modified":"2025-09-26T20:05:29","modified_gmt":"2025-09-26T18:05:29","slug":"garnek-z-pokrywka-20-cm-berlinger-haus-bh-1716","status":"publish","type":"product","link":"https:\/\/domigoo.pl\/index.php\/produkt\/garnek-z-pokrywka-20-cm-berlinger-haus-bh-1716\/","title":{"rendered":"Garnek z pokrywk\u0105 20 cm Berlinger Haus BH-1716"},"content":{"rendered":"<h2 style=\"text-align: center;\" class=\"def\"><span style=\"font-size: x-large;\" class=\"def\"><span class=\"def\">Garnek&nbsp;<\/span><span class=\"def\">2,5 L&nbsp;<\/span><span class=\"def\">z pokrywk\u0105 20 cm <\/span><\/span><span style=\"font-size: 18pt;\" class=\"def\"><strong class=\"def\">Berlinger Haus BH-1716<\/strong><\/span><\/h2>\n<p style=\"text-align: center;\" class=\"def\"><span style=\"font-size: 18pt;\" class=\"def\"><strong class=\"def\">EBONY ROSEWOOD<\/strong><\/span>&nbsp;<\/p>\n<p style=\"text-align: center;\" class=\"def\"><img fetchpriority=\"high\" decoding=\"async\" height=\"622\" width=\"618\" src=\"https:\/\/berlingerhaus.com.pl\/images\/tn107\/2000-3000\/Garnek-z-pokrywka-20-cm-Berlinger-Haus-BH-1716_[2436]_695.jpg\" alt=\"image\" class=\"def\"><\/p>\n<p style=\"text-align: center;\" class=\"def\"><span style=\"font-size: 12pt;\" class=\"def\">Wykonany z&nbsp;<strong class=\"def\">wysokiej jako\u015bci kutego aluminium<\/strong>&nbsp;z dnem ferromagnetycznym oraz systemem&nbsp;<em class=\"def\">TURBO INDUCTION<\/em>, kt\u00f3ry zapewnia&nbsp;<strong class=\"def\">r\u00f3wnomierne<\/strong>&nbsp;oraz&nbsp;<strong class=\"def\">szybsze nagrzewanie<\/strong>, dzi\u0119ki czemu zaoszcz\u0119dzimy nie tylko czas, ale i energi\u0119.<\/span><\/p>\n<p style=\"text-align: center;\" class=\"def\"><span style=\"font-size: 12pt;\" class=\"def\">Zastosowanie&nbsp;<strong class=\"def\">pow\u0142oki marmurowej<\/strong>&nbsp;zapobiega przywieraniu. Garnek zaopatrzony jest w mi\u0119kki, ergonomiczny<strong class=\"def\">&nbsp;uchwyt SOFT TOUCH<\/strong>, dzi\u0119ki kt\u00f3remu unikniemy poparze\u0144, a praca w kuchni stanie si\u0119 jeszcze przyjemniejsza.&nbsp;<\/span><\/p>\n<p style=\"text-align: center;\" class=\"def\"><span style=\"font-size: 12pt;\" class=\"def\">Przystosowany&nbsp;<strong class=\"def\">do ka\u017cdego rodzaju kuchenki<\/strong>&nbsp;&#8211; gazowej, indukcyjnej, ceramicznej, elektrycznej czy halogenowej.<\/span><\/p>\n<p style=\"text-align: center;\" class=\"def\"><span style=\"font-size: 12pt;\" class=\"def\">\u0141atwy w czyszczeniu.&nbsp;<\/span><\/p>\n<p style=\"text-align: center;\" class=\"def\">&nbsp;<\/p>\n<p style=\"text-align: center;\" class=\"def\"><img decoding=\"async\" height=\"652\" width=\"579\" src=\"https:\/\/berlingerhaus.com.pl\/images\/tn107\/2000-3000\/Garnek-z-pokrywka-20-cm-Berlinger-Haus-BH-1716_[2435]_695.jpg\" alt=\"image\" style=\"float: right;\" class=\"def\"><\/p>\n<h4 style=\"text-align: center;\" class=\"def\">&nbsp;<\/h4>\n<h4 style=\"text-align: center;\" class=\"def\"><span style=\"text-decoration: underline; font-size: 18pt;\" class=\"def\"><strong class=\"def\">SPECYFIKACJA TECHNICZNA<\/strong><\/span><\/h4>\n<p style=\"text-align: center;\" class=\"def\">&nbsp;<span style=\"font-size: 12pt;\" class=\"def\">Wykonanie:<strong class=\"def\">&nbsp;Wysokiej jako\u015bci kute aluminium<\/strong><\/span><\/p>\n<p style=\"text-align: center;\" class=\"def\"><span style=\"font-size: 12pt;\" class=\"def\">Pow\u0142oka wewn\u0119trzna:&nbsp;<strong class=\"def\">Marmurowa<\/strong><\/span><\/p>\n<p style=\"text-align: center;\" class=\"def\"><span style=\"font-size: 12pt;\" class=\"def\">Kolor:&nbsp;<strong class=\"def\">Czarny matowy z uchwytami w kolorze imitacji drewna<\/strong><\/span><\/p>\n<p style=\"text-align: center;\" class=\"def\"><span style=\"font-size: 12pt;\" class=\"def\">Wymiary:&nbsp;<strong class=\"def\">\u00d820 x&nbsp;10,4 cm<\/strong><\/span><\/p>\n<p style=\"text-align: center;\" class=\"def\"><span style=\"font-size: 12pt;\" class=\"def\">Pojemno\u015b\u0107:&nbsp;<strong class=\"def\">2,5 L<\/strong><\/span><\/p>\n<p style=\"text-align: center;\" class=\"def\"><span style=\"font-size: 12pt;\" class=\"def\"><strong class=\"def\">\u0141atwy w czyszczeniu, nie zalecamy mycia w zmywarce, szczeg\u00f3\u0142owe instrukcje i zalecenia producenta odno\u015bnie czyszczenia zawarte w instrukcji obs\u0142ugi.&nbsp;<\/strong><br class=\"def\"><br \/>\n<\/span><\/p>\n<p style=\"text-align: center;\" class=\"def\"><span style=\"font-size: 12pt;\" class=\"def\">Zastosowanie:<strong class=\"def\">&nbsp;Kuchenki ka\u017cdego typu &#8211; gazowe, indukcyjne, elektryczne, ceramiczne, halogenowe<\/strong><\/span><\/p>\n<p style=\"text-align: center;\" class=\"def\"><span style=\"font-size: 12pt;\" class=\"def\"><strong class=\"def\">UWAGA!<\/strong>&nbsp;<em class=\"def\">Mycie w zmywarce (nie stosuj\u0105c si\u0119 do zapis\u00f3w instrukcji obs\u0142ugi ) mo\u017ce spowodowa\u0107 uszkodzenia pow\u0142oki i odbarwi\u0107 uchwyty!<\/em><\/span><\/p>\n","protected":false},"excerpt":{"rendered":"<p>Garnek o pojemno\u015bci 2.5l z pokrywk\u0105 o \u015brednicy 20cm. Wewn\u0119trzna pow\u0142oka marmurowa zapobiega przywieraniu, a system Turbo Induction pozwala na szybsze i r\u00f3wnomierne nagrzewanie naczynia, dzi\u0119ki czemu gotowanie jest nie tylko szybsze, ale i ta\u0144sze! Garnek dedykowany jest do wszystkich rodzaj\u00f3w kuchenek, w tym indukcyjnych.<\/p>\n","protected":false},"featured_media":0,"comment_status":"open","ping_status":"closed","template":"","meta":{"ocean_post_layout":"","ocean_both_sidebars_style":"","ocean_both_sidebars_content_width":0,"ocean_both_sidebars_sidebars_width":0,"ocean_sidebar":"","ocean_second_sidebar":"","ocean_disable_margins":"enable","ocean_add_body_class":"","ocean_shortcode_before_top_bar":"","ocean_shortcode_after_top_bar":"","ocean_shortcode_before_header":"","ocean_shortcode_after_header":"","ocean_has_shortcode":"","ocean_shortcode_after_title":"","ocean_shortcode_before_footer_widgets":"","ocean_shortcode_after_footer_widgets":"","ocean_shortcode_before_footer_bottom":"","ocean_shortcode_after_footer_bottom":"","ocean_display_top_bar":"default","ocean_display_header":"default","ocean_header_style":"","ocean_center_header_left_menu":"","ocean_custom_header_template":"","ocean_custom_logo":0,"ocean_custom_retina_logo":0,"ocean_custom_logo_max_width":0,"ocean_custom_logo_tablet_max_width":0,"ocean_custom_logo_mobile_max_width":0,"ocean_custom_logo_max_height":0,"ocean_custom_logo_tablet_max_height":0,"ocean_custom_logo_mobile_max_height":0,"ocean_header_custom_menu":"","ocean_menu_typo_font_family":"","ocean_menu_typo_font_subset":"","ocean_menu_typo_font_size":0,"ocean_menu_typo_font_size_tablet":0,"ocean_menu_typo_font_size_mobile":0,"ocean_menu_typo_font_size_unit":"px","ocean_menu_typo_font_weight":"","ocean_menu_typo_font_weight_tablet":"","ocean_menu_typo_font_weight_mobile":"","ocean_menu_typo_transform":"","ocean_menu_typo_transform_tablet":"","ocean_menu_typo_transform_mobile":"","ocean_menu_typo_line_height":0,"ocean_menu_typo_line_height_tablet":0,"ocean_menu_typo_line_height_mobile":0,"ocean_menu_typo_line_height_unit":"","ocean_menu_typo_spacing":0,"ocean_menu_typo_spacing_tablet":0,"ocean_menu_typo_spacing_mobile":0,"ocean_menu_typo_spacing_unit":"","ocean_menu_link_color":"","ocean_menu_link_color_hover":"","ocean_menu_link_color_active":"","ocean_menu_link_background":"","ocean_menu_link_hover_background":"","ocean_menu_link_active_background":"","ocean_menu_social_links_bg":"","ocean_menu_social_hover_links_bg":"","ocean_menu_social_links_color":"","ocean_menu_social_hover_links_color":"","ocean_disable_title":"default","ocean_disable_heading":"default","ocean_post_title":"","ocean_post_subheading":"","ocean_post_title_style":"","ocean_post_title_background_color":"","ocean_post_title_background":0,"ocean_post_title_bg_image_position":"","ocean_post_title_bg_image_attachment":"","ocean_post_title_bg_image_repeat":"","ocean_post_title_bg_image_size":"","ocean_post_title_height":0,"ocean_post_title_bg_overlay":0.5,"ocean_post_title_bg_overlay_color":"","ocean_disable_breadcrumbs":"default","ocean_breadcrumbs_color":"","ocean_breadcrumbs_separator_color":"","ocean_breadcrumbs_links_color":"","ocean_breadcrumbs_links_hover_color":"","ocean_display_footer_widgets":"default","ocean_display_footer_bottom":"default","ocean_custom_footer_template":""},"product_brand":[],"product_cat":[15],"product_tag":[3896,3898,3897,4080],"class_list":{"0":"post-6500","1":"product","2":"type-product","3":"status-publish","5":"product_cat-wszystkie-produkty","6":"product_tag-3896","7":"product_tag-3898","8":"product_tag-berlinger-haus","9":"product_tag-bh-1716","11":"entry","13":"first","14":"instock","15":"shipping-taxable","16":"product-type-simple","17":"has-product-nav","18":"col","19":"span_1_of_4","20":"owp-content-center","21":"owp-thumbs-layout-horizontal","22":"owp-btn-normal","23":"owp-tabs-layout-horizontal","24":"has-no-thumbnails"},"jetpack_sharing_enabled":true,"_links":{"self":[{"href":"https:\/\/domigoo.pl\/index.php\/wp-json\/wp\/v2\/product\/6500","targetHints":{"allow":["GET"]}}],"collection":[{"href":"https:\/\/domigoo.pl\/index.php\/wp-json\/wp\/v2\/product"}],"about":[{"href":"https:\/\/domigoo.pl\/index.php\/wp-json\/wp\/v2\/types\/product"}],"replies":[{"embeddable":true,"href":"https:\/\/domigoo.pl\/index.php\/wp-json\/wp\/v2\/comments?post=6500"}],"wp:attachment":[{"href":"https:\/\/domigoo.pl\/index.php\/wp-json\/wp\/v2\/media?parent=6500"}],"wp:term":[{"taxonomy":"product_brand","embeddable":true,"href":"https:\/\/domigoo.pl\/index.php\/wp-json\/wp\/v2\/product_brand?post=6500"},{"taxonomy":"product_cat","embeddable":true,"href":"https:\/\/domigoo.pl\/index.php\/wp-json\/wp\/v2\/product_cat?post=6500"},{"taxonomy":"product_tag","embeddable":true,"href":"https:\/\/domigoo.pl\/index.php\/wp-json\/wp\/v2\/product_tag?post=6500"}],"curies":[{"name":"wp","href":"https:\/\/api.w.org\/{rel}","templated":true}]}}