{"id":6501,"date":"2025-09-12T10:19:10","date_gmt":"2025-09-12T08:19:10","guid":{"rendered":"https:\/\/domigoo.pl\/index.php\/produkt\/garnek-z-pokrywka-20-cm-berlingerhaus-sahara-marble-bh-8395\/"},"modified":"2026-03-16T06:17:49","modified_gmt":"2026-03-16T05:17:49","slug":"garnek-z-pokrywka-20-cm-berlingerhaus-sahara-marble-bh-8395","status":"publish","type":"product","link":"https:\/\/domigoo.pl\/index.php\/produkt\/garnek-z-pokrywka-20-cm-berlingerhaus-sahara-marble-bh-8395\/","title":{"rendered":"Garnek z pokrywk\u0105 20 cm BerlingerHaus Sahara Marble BH-8395"},"content":{"rendered":"<h1 style=\"text-align: center;\" class=\"def\"><strong class=\"def\">Garnek z pokrywk\u0105 20 cm BerlingerHaus<\/strong><\/h1>\n<h1 style=\"text-align: center;\" class=\"def\"><strong class=\"def\">&nbsp;Sahara Marble BH-8395<\/strong><\/h1>\n<hr class=\"def\">\n<p data-start=\"80\" data-end=\"412\" style=\"text-align: center;\" class=\"def\"><span style=\"font-size: 14pt;\" class=\"def\">Garnek z pokrywk\u0105 <strong data-start=\"98\" data-end=\"136\" class=\"def\">BerlingerHaus Sahara Marble \u00d820 cm<\/strong> to idealne rozwi\u0105zanie dla ka\u017cdego, kto ceni elegancj\u0119, trwa\u0142o\u015b\u0107 i wygod\u0119 gotowania. Wykonany z <strong data-start=\"233\" data-end=\"253\" class=\"def\">kutego aluminium<\/strong> i pokryty innowacyjn\u0105 <strong data-start=\"276\" data-end=\"325\" class=\"def\">3-warstwow\u0105 pow\u0142ok\u0105 nieprzywieraj\u0105c\u0105 titanPro<\/strong>, gwarantuje doskona\u0142\u0105 wydajno\u015b\u0107 ciepln\u0105 i komfort u\u017cytkowania bez przywierania potraw.<\/span><\/p>\n<p data-start=\"414\" data-end=\"707\" style=\"text-align: center;\" class=\"def\"><span style=\"font-size: 14pt;\" class=\"def\">Z pojemno\u015bci\u0105 <strong data-start=\"428\" data-end=\"441\" class=\"def\">2,6 litra<\/strong> i wymiarami \u00d820 x 11 cm, garnek \u015bwietnie sprawdza si\u0119 w codziennym gotowaniu zup, sos\u00f3w, ry\u017cu czy warzyw. <strong data-start=\"548\" data-end=\"598\" class=\"def\">Matowe wyko\u0144czenie w kolorze kremowego marmuru<\/strong> oraz <strong data-start=\"604\" data-end=\"628\" class=\"def\">minimalistyczny styl<\/strong> nadaj\u0105 mu elegancki wygl\u0105d, kt\u00f3ry idealnie komponuje si\u0119 z nowoczesn\u0105 kuchni\u0105.<\/span><\/p>\n<p data-start=\"414\" data-end=\"707\" style=\"text-align: center;\" class=\"def\"><span style=\"font-size: 14pt;\" class=\"def\"><img fetchpriority=\"high\" decoding=\"async\" src=\"https:\/\/berlingerhaus.com.pl\/images\/tn107\/5000-6000\/Garnek-z-pokrywka-20-cm-BerlingerHaus-Sahara-Marble-BH-8395_[5933]_696.jpg\" width=\"696\" height=\"696\" alt=\"\" class=\"def\"><\/span><\/p>\n<h2 style=\"text-align: center;\" class=\"def\"><span style=\"font-size: 18pt;\" class=\"def\"><strong data-start=\"1355\" data-end=\"1374\" class=\"def\"><strong class=\"def\">Cechy produktu:<\/strong><\/strong><\/span><\/h2>\n<p data-start=\"1377\" data-end=\"1432\" style=\"text-align: center;\" class=\"def\"><span style=\"font-size: 14pt;\" class=\"def\"><strong class=\"def\">\u015arednica:<\/strong> \u00d820 cm | Wysoko\u015b\u0107: 11 cm | Pojemno\u015b\u0107: 2,6 L<\/span><\/p>\n<p data-start=\"1435\" data-end=\"1492\" style=\"text-align: center;\" class=\"def\"><span style=\"font-size: 14pt;\" class=\"def\"><strong class=\"def\">Materia\u0142:<\/strong> kute aluminium z 3-warstwow\u0105 pow\u0142ok\u0105 titanPro<\/span><\/p>\n<p data-start=\"1495\" data-end=\"1541\" style=\"text-align: center;\" class=\"def\"><span style=\"font-size: 14pt;\" class=\"def\"><strong class=\"def\">Kolor:<\/strong> matowy krem z marmurowym wyko\u0144czeniem<\/span><\/p>\n<p data-start=\"1544\" data-end=\"1623\" style=\"text-align: center;\" class=\"def\"><span style=\"font-size: 14pt;\" class=\"def\"><strong class=\"def\">Pokrywka:<\/strong> szk\u0142o hartowane z silikonow\u0105 uszczelk\u0105 soft close i otworem parowym<\/span><\/p>\n<p data-start=\"1626\" data-end=\"1716\" style=\"text-align: center;\" class=\"def\"><span style=\"font-size: 14pt;\" class=\"def\">Uchwyty i pokr\u0119t\u0142o: soft touch, ch\u0142odne w dotyku, z marmurowym efektem i srebrn\u0105 wstawk\u0105<\/span><\/p>\n<p data-start=\"1719\" data-end=\"1780\" style=\"text-align: center;\" class=\"def\"><span style=\"font-size: 14pt;\" class=\"def\"><strong class=\"def\">Dno: <\/strong>turbo indukcja \u2013 szybkie i energooszcz\u0119dne nagrzewanie<\/span><\/p>\n<p data-start=\"1783\" data-end=\"1818\" style=\"text-align: center;\" class=\"def\"><span style=\"font-size: 14pt;\" class=\"def\"><strong class=\"def\">Styl:<\/strong> nowoczesny, minimalistyczny<\/span><\/p>\n<p data-start=\"1821\" data-end=\"1871\" style=\"text-align: center;\" class=\"def\"><span style=\"font-size: 14pt;\" class=\"def\">Do wszystkich typ\u00f3w kuchenek, tak\u017ce indukcyjnych<\/span><\/p>\n<p data-start=\"1874\" data-end=\"1914\" style=\"text-align: center;\" class=\"def\"><span style=\"font-size: 14pt;\" class=\"def\"><strong class=\"def\">ECO-friendly:<\/strong> bez PFOA, o\u0142owiu i kadmu<\/span><\/p>\n<p data-start=\"1917\" data-end=\"1936\" style=\"text-align: center;\" class=\"def\"><span style=\"font-size: 14pt;\" class=\"def\">\u0141atwe czyszczenie<\/span><\/p>\n<p data-start=\"1917\" data-end=\"1936\" style=\"text-align: center;\" class=\"def\"><span style=\"font-size: 14pt;\" class=\"def\"><img decoding=\"async\" src=\"https:\/\/berlingerhaus.com.pl\/images\/tn107\/5000-6000\/Garnek-z-pokrywka-20-cm-BerlingerHaus-Sahara-Marble-BH-8395_[5932]_696.jpg\" width=\"696\" height=\"696\" alt=\"\" class=\"def\"><\/span><\/p>\n","protected":false},"excerpt":{"rendered":"<p>\u015arednica: \u00d820 cm | Wysoko\u015b\u0107: 11 cm | Pojemno\u015b\u0107: 2,6 L<br \/>\nMateria\u0142: kute aluminium z 3-warstwow\u0105 pow\u0142ok\u0105 titanPro<br \/>\nKolor: matowy krem z marmurowym wyko\u0144czeniem<\/p>\n","protected":false},"featured_media":0,"comment_status":"open","ping_status":"closed","template":"","meta":{"ocean_post_layout":"","ocean_both_sidebars_style":"","ocean_both_sidebars_content_width":0,"ocean_both_sidebars_sidebars_width":0,"ocean_sidebar":"","ocean_second_sidebar":"","ocean_disable_margins":"enable","ocean_add_body_class":"","ocean_shortcode_before_top_bar":"","ocean_shortcode_after_top_bar":"","ocean_shortcode_before_header":"","ocean_shortcode_after_header":"","ocean_has_shortcode":"","ocean_shortcode_after_title":"","ocean_shortcode_before_footer_widgets":"","ocean_shortcode_after_footer_widgets":"","ocean_shortcode_before_footer_bottom":"","ocean_shortcode_after_footer_bottom":"","ocean_display_top_bar":"default","ocean_display_header":"default","ocean_header_style":"","ocean_center_header_left_menu":"","ocean_custom_header_template":"","ocean_custom_logo":0,"ocean_custom_retina_logo":0,"ocean_custom_logo_max_width":0,"ocean_custom_logo_tablet_max_width":0,"ocean_custom_logo_mobile_max_width":0,"ocean_custom_logo_max_height":0,"ocean_custom_logo_tablet_max_height":0,"ocean_custom_logo_mobile_max_height":0,"ocean_header_custom_menu":"","ocean_menu_typo_font_family":"","ocean_menu_typo_font_subset":"","ocean_menu_typo_font_size":0,"ocean_menu_typo_font_size_tablet":0,"ocean_menu_typo_font_size_mobile":0,"ocean_menu_typo_font_size_unit":"px","ocean_menu_typo_font_weight":"","ocean_menu_typo_font_weight_tablet":"","ocean_menu_typo_font_weight_mobile":"","ocean_menu_typo_transform":"","ocean_menu_typo_transform_tablet":"","ocean_menu_typo_transform_mobile":"","ocean_menu_typo_line_height":0,"ocean_menu_typo_line_height_tablet":0,"ocean_menu_typo_line_height_mobile":0,"ocean_menu_typo_line_height_unit":"","ocean_menu_typo_spacing":0,"ocean_menu_typo_spacing_tablet":0,"ocean_menu_typo_spacing_mobile":0,"ocean_menu_typo_spacing_unit":"","ocean_menu_link_color":"","ocean_menu_link_color_hover":"","ocean_menu_link_color_active":"","ocean_menu_link_background":"","ocean_menu_link_hover_background":"","ocean_menu_link_active_background":"","ocean_menu_social_links_bg":"","ocean_menu_social_hover_links_bg":"","ocean_menu_social_links_color":"","ocean_menu_social_hover_links_color":"","ocean_disable_title":"default","ocean_disable_heading":"default","ocean_post_title":"","ocean_post_subheading":"","ocean_post_title_style":"","ocean_post_title_background_color":"","ocean_post_title_background":0,"ocean_post_title_bg_image_position":"","ocean_post_title_bg_image_attachment":"","ocean_post_title_bg_image_repeat":"","ocean_post_title_bg_image_size":"","ocean_post_title_height":0,"ocean_post_title_bg_overlay":0.5,"ocean_post_title_bg_overlay_color":"","ocean_disable_breadcrumbs":"default","ocean_breadcrumbs_color":"","ocean_breadcrumbs_separator_color":"","ocean_breadcrumbs_links_color":"","ocean_breadcrumbs_links_hover_color":"","ocean_display_footer_widgets":"default","ocean_display_footer_bottom":"default","ocean_custom_footer_template":""},"product_brand":[],"product_cat":[15],"product_tag":[3954,3898,3897,4081],"class_list":{"0":"post-6501","1":"product","2":"type-product","3":"status-publish","5":"product_cat-wszystkie-produkty","6":"product_tag-3954","7":"product_tag-3898","8":"product_tag-berlinger-haus","9":"product_tag-bh-8395","11":"entry","13":"first","14":"instock","15":"shipping-taxable","16":"product-type-simple","17":"has-product-nav","18":"col","19":"span_1_of_4","20":"owp-content-center","21":"owp-thumbs-layout-horizontal","22":"owp-btn-normal","23":"owp-tabs-layout-horizontal","24":"has-no-thumbnails"},"jetpack_sharing_enabled":true,"_links":{"self":[{"href":"https:\/\/domigoo.pl\/index.php\/wp-json\/wp\/v2\/product\/6501","targetHints":{"allow":["GET"]}}],"collection":[{"href":"https:\/\/domigoo.pl\/index.php\/wp-json\/wp\/v2\/product"}],"about":[{"href":"https:\/\/domigoo.pl\/index.php\/wp-json\/wp\/v2\/types\/product"}],"replies":[{"embeddable":true,"href":"https:\/\/domigoo.pl\/index.php\/wp-json\/wp\/v2\/comments?post=6501"}],"wp:attachment":[{"href":"https:\/\/domigoo.pl\/index.php\/wp-json\/wp\/v2\/media?parent=6501"}],"wp:term":[{"taxonomy":"product_brand","embeddable":true,"href":"https:\/\/domigoo.pl\/index.php\/wp-json\/wp\/v2\/product_brand?post=6501"},{"taxonomy":"product_cat","embeddable":true,"href":"https:\/\/domigoo.pl\/index.php\/wp-json\/wp\/v2\/product_cat?post=6501"},{"taxonomy":"product_tag","embeddable":true,"href":"https:\/\/domigoo.pl\/index.php\/wp-json\/wp\/v2\/product_tag?post=6501"}],"curies":[{"name":"wp","href":"https:\/\/api.w.org\/{rel}","templated":true}]}}