{"id":6503,"date":"2025-09-12T10:19:11","date_gmt":"2025-09-12T08:19:11","guid":{"rendered":"https:\/\/domigoo.pl\/index.php\/produkt\/garnek-z-pokrywka-20-cm-z-powloka-nieprzywierajaca-eterna-berlinger-haus-bh-6560-outlet\/"},"modified":"2026-01-25T20:39:55","modified_gmt":"2026-01-25T19:39:55","slug":"garnek-z-pokrywka-20-cm-z-powloka-nieprzywierajaca-eterna-berlinger-haus-bh-6560-outlet","status":"publish","type":"product","link":"https:\/\/domigoo.pl\/index.php\/produkt\/garnek-z-pokrywka-20-cm-z-powloka-nieprzywierajaca-eterna-berlinger-haus-bh-6560-outlet\/","title":{"rendered":"Garnek z pokrywk\u0105 20 cm z pow\u0142ok\u0105 nieprzywieraj\u0105c\u0105 Eterna\u00ae Berlinger Haus BH-6560 | OUTLET"},"content":{"rendered":"<h1 style=\"text-align: center;\" class=\"def\">Garnek z pokrywk\u0105 20 cm z pow\u0142ok\u0105 nieprzywieraj\u0105c\u0105 Eterna Berlinger Haus BH-6560 | OUTLET<\/h1>\n<hr class=\"def\">\n<p style=\"text-align: center;\" class=\"def\"><span style=\"font-size: 24pt; color: rgb(255, 0, 0); font-family: 'book antiqua', palatino, serif;\" class=\"def\"><strong class=\"def\">OUTLET<\/strong><\/span><\/p>\n<p style=\"text-align: center;\" class=\"def\"><span style=\"font-family: 'book antiqua', palatino, serif; font-size: 24pt;\" class=\"def\"><em class=\"def\"><span style=\"color: #ff0000;\" class=\"def\">Produkt pochodzi z oferty&nbsp;<strong class=\"def\">OUTLET\u00d3W<\/strong><\/span><\/em><\/span><\/p>\n<p style=\"text-align: center;\" class=\"def\"><span style=\"font-size: 14pt;\" class=\"def\">Nowy produkt. Zarysowanie na pow\u0142oce zewn\u0119trznej.<\/span><\/p>\n<p style=\"text-align: center;\" class=\"def\"><span style=\"font-size: 14pt;\" class=\"def\">Wada nie wp\u0142ywa na u\u017cytkowanie.<\/span><\/p>\n<p style=\"text-align: center;\" class=\"def\"><span style=\"font-size: 14pt;\" class=\"def\"><img fetchpriority=\"high\" decoding=\"async\" src=\"https:\/\/berlingerhaus.com.pl\/images\/tn107\/5000-6000\/Garnek-z-pokrywka-20-cm-z-powloka-nieprzywierajaca-Eterna-Berlinger-Haus-BH-6560-OUTLET_[5612]_696.jpg\" width=\"639\" height=\"639\" alt=\"\" class=\"def\"><\/span><\/p>\n<h4 style=\"box-sizing: border-box; outline: none; color: #131313; font-family: Montserrat; font-size: 14px; text-align: center;\" class=\"def\"><span style=\"box-sizing: border-box; outline: none; font-size: large;\" class=\"def\"><span style=\"box-sizing: border-box; outline: none;\" class=\"def\">Pow\u0142oka Whitford Eterna\u00ae Non-Stick<\/span>&nbsp;<\/span><\/h4>\n<p style=\"box-sizing: border-box; outline: none; color: #131313; font-family: Montserrat; font-size: 14px; text-align: center;\" class=\"def\"><span style=\"box-sizing: border-box; outline: none; font-size: medium;\" class=\"def\">To jedna z najlepszych, najbardziej wytrwa\u0142ych i odpornych pow\u0142ok nieprzywieraj\u0105cych na \u015bwiecie!<\/span><\/p>\n<p style=\"box-sizing: border-box; outline: none; color: #131313; font-family: Montserrat; font-size: 14px; text-align: center;\" class=\"def\"><span style=\"box-sizing: border-box; outline: none; font-size: medium;\" class=\"def\"><span style=\"box-sizing: border-box; outline: none; font-weight: bold;\" class=\"def\">Zapobiega przywieraniu<\/span>&nbsp;i utrzymuje swoj\u0105 struktur\u0119 o wiele d\u0142u\u017cej ni\u017c jakakolwiek inna pow\u0142oka.<\/span><\/p>\n<p style=\"box-sizing: border-box; outline: none; color: #131313; font-family: Montserrat; font-size: 14px; text-align: center;\" class=\"def\"><span style=\"box-sizing: border-box; outline: none; font-size: medium;\" class=\"def\">To wyj\u0105tkowa technologia kompozyt\u00f3w fluoropolimerowych, kt\u00f3ra zapewnia znaczn\u0105 popraw\u0119 w\u0142a\u015bciwo\u015bci antyadhezyjnych.<\/span><\/p>\n<p style=\"box-sizing: border-box; outline: none; color: #131313; font-family: Montserrat; font-size: 14px; text-align: center;\" class=\"def\"><span style=\"box-sizing: border-box; outline: none; font-size: medium;\" class=\"def\"><\/span><\/p>\n<p style=\"text-align: center;\" class=\"def\"><span style=\"font-size: 14pt;\" class=\"def\"><\/span><\/p>\n<p style=\"text-align: center;\" class=\"def\"><span style=\"font-size: 14pt;\" class=\"def\"><\/span><\/p>\n","protected":false},"excerpt":{"rendered":"<p>Nowy produkt. Zarysowanie na pow\u0142oce zewn\u0119trznej.<br \/>\nWada nie wp\u0142ywa na u\u017cytkowanie.<\/p>\n","protected":false},"featured_media":0,"comment_status":"open","ping_status":"closed","template":"","meta":{"ocean_post_layout":"","ocean_both_sidebars_style":"","ocean_both_sidebars_content_width":0,"ocean_both_sidebars_sidebars_width":0,"ocean_sidebar":"","ocean_second_sidebar":"","ocean_disable_margins":"enable","ocean_add_body_class":"","ocean_shortcode_before_top_bar":"","ocean_shortcode_after_top_bar":"","ocean_shortcode_before_header":"","ocean_shortcode_after_header":"","ocean_has_shortcode":"","ocean_shortcode_after_title":"","ocean_shortcode_before_footer_widgets":"","ocean_shortcode_after_footer_widgets":"","ocean_shortcode_before_footer_bottom":"","ocean_shortcode_after_footer_bottom":"","ocean_display_top_bar":"default","ocean_display_header":"default","ocean_header_style":"","ocean_center_header_left_menu":"","ocean_custom_header_template":"","ocean_custom_logo":0,"ocean_custom_retina_logo":0,"ocean_custom_logo_max_width":0,"ocean_custom_logo_tablet_max_width":0,"ocean_custom_logo_mobile_max_width":0,"ocean_custom_logo_max_height":0,"ocean_custom_logo_tablet_max_height":0,"ocean_custom_logo_mobile_max_height":0,"ocean_header_custom_menu":"","ocean_menu_typo_font_family":"","ocean_menu_typo_font_subset":"","ocean_menu_typo_font_size":0,"ocean_menu_typo_font_size_tablet":0,"ocean_menu_typo_font_size_mobile":0,"ocean_menu_typo_font_size_unit":"px","ocean_menu_typo_font_weight":"","ocean_menu_typo_font_weight_tablet":"","ocean_menu_typo_font_weight_mobile":"","ocean_menu_typo_transform":"","ocean_menu_typo_transform_tablet":"","ocean_menu_typo_transform_mobile":"","ocean_menu_typo_line_height":0,"ocean_menu_typo_line_height_tablet":0,"ocean_menu_typo_line_height_mobile":0,"ocean_menu_typo_line_height_unit":"","ocean_menu_typo_spacing":0,"ocean_menu_typo_spacing_tablet":0,"ocean_menu_typo_spacing_mobile":0,"ocean_menu_typo_spacing_unit":"","ocean_menu_link_color":"","ocean_menu_link_color_hover":"","ocean_menu_link_color_active":"","ocean_menu_link_background":"","ocean_menu_link_hover_background":"","ocean_menu_link_active_background":"","ocean_menu_social_links_bg":"","ocean_menu_social_hover_links_bg":"","ocean_menu_social_links_color":"","ocean_menu_social_hover_links_color":"","ocean_disable_title":"default","ocean_disable_heading":"default","ocean_post_title":"","ocean_post_subheading":"","ocean_post_title_style":"","ocean_post_title_background_color":"","ocean_post_title_background":0,"ocean_post_title_bg_image_position":"","ocean_post_title_bg_image_attachment":"","ocean_post_title_bg_image_repeat":"","ocean_post_title_bg_image_size":"","ocean_post_title_height":0,"ocean_post_title_bg_overlay":0.5,"ocean_post_title_bg_overlay_color":"","ocean_disable_breadcrumbs":"default","ocean_breadcrumbs_color":"","ocean_breadcrumbs_separator_color":"","ocean_breadcrumbs_links_color":"","ocean_breadcrumbs_links_hover_color":"","ocean_display_footer_widgets":"default","ocean_display_footer_bottom":"default","ocean_custom_footer_template":""},"product_brand":[],"product_cat":[15],"product_tag":[3954,3898,3897,4083],"class_list":{"0":"post-6503","1":"product","2":"type-product","3":"status-publish","5":"product_cat-wszystkie-produkty","6":"product_tag-3954","7":"product_tag-3898","8":"product_tag-berlinger-haus","9":"product_tag-bh-6560o","11":"entry","13":"first","14":"instock","15":"shipping-taxable","16":"product-type-simple","17":"has-product-nav","18":"col","19":"span_1_of_4","20":"owp-content-center","21":"owp-thumbs-layout-horizontal","22":"owp-btn-normal","23":"owp-tabs-layout-horizontal","24":"has-no-thumbnails"},"jetpack_sharing_enabled":true,"_links":{"self":[{"href":"https:\/\/domigoo.pl\/index.php\/wp-json\/wp\/v2\/product\/6503","targetHints":{"allow":["GET"]}}],"collection":[{"href":"https:\/\/domigoo.pl\/index.php\/wp-json\/wp\/v2\/product"}],"about":[{"href":"https:\/\/domigoo.pl\/index.php\/wp-json\/wp\/v2\/types\/product"}],"replies":[{"embeddable":true,"href":"https:\/\/domigoo.pl\/index.php\/wp-json\/wp\/v2\/comments?post=6503"}],"wp:attachment":[{"href":"https:\/\/domigoo.pl\/index.php\/wp-json\/wp\/v2\/media?parent=6503"}],"wp:term":[{"taxonomy":"product_brand","embeddable":true,"href":"https:\/\/domigoo.pl\/index.php\/wp-json\/wp\/v2\/product_brand?post=6503"},{"taxonomy":"product_cat","embeddable":true,"href":"https:\/\/domigoo.pl\/index.php\/wp-json\/wp\/v2\/product_cat?post=6503"},{"taxonomy":"product_tag","embeddable":true,"href":"https:\/\/domigoo.pl\/index.php\/wp-json\/wp\/v2\/product_tag?post=6503"}],"curies":[{"name":"wp","href":"https:\/\/api.w.org\/{rel}","templated":true}]}}