{"id":6504,"date":"2025-09-12T10:19:11","date_gmt":"2025-09-12T08:19:11","guid":{"rendered":"https:\/\/domigoo.pl\/index.php\/produkt\/garnek-z-pokrywka-20cm-berlingerhaus-bh-8187-matte-black\/"},"modified":"2026-04-13T13:25:55","modified_gmt":"2026-04-13T11:25:55","slug":"garnek-z-pokrywka-20cm-berlingerhaus-bh-8187-matte-black","status":"publish","type":"product","link":"https:\/\/domigoo.pl\/index.php\/produkt\/garnek-z-pokrywka-20cm-berlingerhaus-bh-8187-matte-black\/","title":{"rendered":"Garnek z pokrywk\u0105 20cm | BerlingerHaus BH-8187 Matte Black"},"content":{"rendered":"<h2 style=\"text-align: center;\" class=\"def\"><span style=\"font-size: 24pt;\" class=\"def\">Garnek z pokrywk\u0105 20cm | BerlingerHaus<\/span><\/h2>\n<h2 style=\"text-align: center;\" class=\"def\"><span style=\"font-size: 24pt;\" class=\"def\">&nbsp;BH-8187 Matte Black<\/span><\/h2>\n<hr class=\"def\">\n<p style=\"text-align: center;\" class=\"def\"><span style=\"font-size: 14pt; font-family: verdana, geneva, sans-serif;\" class=\"def\">Wprowad\u017a do swojej kuchni odrobin\u0119 elegancji z&nbsp; kolekcj\u0105 <b class=\"def\">Matte Black .<\/b><\/span><\/p>\n<p style=\"text-align: center;\" class=\"def\"><span style=\"font-size: 14pt; font-family: verdana, geneva, sans-serif;\" class=\"def\">Jego harmonijny design w subtelnym, matowym odcieniu&nbsp;<strong class=\"def\">czarnego matu&nbsp;<\/strong> nie tylko cieszy oko, ale r\u00f3wnie\u017c zachwyca funkcjonalno\u015bci\u0105. <\/span><\/p>\n<p style=\"text-align: center;\" class=\"def\"><span style=\"font-size: 14pt; font-family: verdana, geneva, sans-serif;\" class=\"def\">Wykonany z&nbsp;<strong class=\"def\">kutego aluminium<\/strong>, garnek \u0142\u0105czy w sobie lekko\u015b\u0107 i wyj\u0105tkow\u0105 trwa\u0142o\u015b\u0107, zapewniaj\u0105c r\u00f3wnomierne rozprowadzanie ciep\u0142a i oszcz\u0119dno\u015b\u0107 energii podczas gotowania.<\/span><\/p>\n<p style=\"text-align: center;\" class=\"def\"><span style=\"font-size: 14pt;\" class=\"def\"><img fetchpriority=\"high\" decoding=\"async\" src=\"https:\/\/berlingerhaus.com.pl\/images\/tn107\/5000-6000\/Garnek-z-pokrywka-20cm-BerlingerHaus-BH-8187-Matte-Black_[5193]_696.jpg\" width=\"613\" height=\"613\" alt=\"\" class=\"def\"><\/span><\/p>\n<p style=\"text-align: center;\" class=\"def\"><span style=\"font-size: 14pt;\" class=\"def\">Garnek wyposa\u017cony jest w <strong class=\"def\">nieprzywieraj\u0105c\u0105 pow\u0142ok\u0119 TitanPro<\/strong>, kt\u00f3ra sprawia, \u017ce nawet najbardziej wymagaj\u0105ce potrawy przygotujesz z \u0142atwo\u015bci\u0105, bez obaw o przypalenie. <\/span><\/p>\n<p style=\"text-align: center;\" class=\"def\"><span style=\"font-size: 14pt;\" class=\"def\">Dzi\u0119ki pojemno\u015bci&nbsp;<strong class=\"def\">2,5 litra<\/strong> i wymiarom <strong class=\"def\">\u00d820 cm x 10,4 cm<\/strong>, to idealny wyb\u00f3r do gotowania zup, sos\u00f3w czy gulaszy \u2013 zar\u00f3wno na co dzie\u0144, jak i podczas wyj\u0105tkowych okazji.<\/span><\/p>\n<p style=\"text-align: center;\" class=\"def\"><span style=\"font-size: 14pt;\" class=\"def\">Szklana pokrywka z silikonowym rantem subtelnie dope\u0142nia ca\u0142o\u015b\u0107, chroni\u0105c kraw\u0119dzie garnka i zapewniaj\u0105c szczelno\u015b\u0107.<\/span><\/p>\n<p style=\"text-align: center;\" class=\"def\"><span style=\"font-size: 14pt;\" class=\"def\">Garnek z kolekcji&nbsp;<strong class=\"def\">Matte Black<\/strong> to kwintesencja nowoczesnej elegancji .<\/span><\/p>\n<p style=\"text-align: center;\" class=\"def\"><span style=\"font-size: 14pt;\" class=\"def\"><img decoding=\"async\" src=\"https:\/\/berlingerhaus.com.pl\/images\/tn107\/5000-6000\/Garnek-z-pokrywka-20cm-BerlingerHaus-BH-8187-Matte-Black_[5192]_696.jpg\" width=\"509\" height=\"509\" alt=\"\" style=\"float: left;\" class=\"def\"><\/span><\/p>\n<h2 style=\"text-align: center;\" class=\"def\"><span style=\"font-size: 18pt;\" class=\"def\"><strong class=\"def\"><span style=\"font-family: verdana, geneva, sans-serif;\" class=\"def\">Cechy produktu:<\/span><\/strong><\/span><\/h2>\n<p style=\"text-align: center;\" class=\"def\"><span style=\"font-size: 14pt; font-family: verdana, geneva, sans-serif;\" class=\"def\"><strong class=\"def\">Materia\u0142<\/strong>: kute aluminium&nbsp;<\/span><\/p>\n<p style=\"text-align: center;\" class=\"def\"><span style=\"font-size: 14pt; font-family: verdana, geneva, sans-serif;\" class=\"def\"><strong class=\"def\">Pow\u0142oka<\/strong>: nieprzywieraj\u0105ca TitanPro<\/span><\/p>\n<p style=\"text-align: center;\" class=\"def\"><span style=\"font-size: 14pt; font-family: verdana, geneva, sans-serif;\" class=\"def\"><strong class=\"def\">Wymiary<\/strong>: 20cm&nbsp;<\/span><\/p>\n<p style=\"text-align: center;\" class=\"def\"><span style=\"font-size: 14pt; font-family: verdana, geneva, sans-serif;\" class=\"def\"><strong class=\"def\">Pojemno\u015b\u0107<\/strong>: 2,5L<\/span><\/p>\n<p style=\"text-align: center;\" class=\"def\"><span style=\"font-size: 14pt; font-family: verdana, geneva, sans-serif;\" class=\"def\"><strong class=\"def\">Kolor<\/strong>:&nbsp; matowa czer\u0144<\/span><\/p>\n<p style=\"text-align: center;\" class=\"def\"><span style=\"font-size: 14pt; font-family: verdana, geneva, sans-serif;\" class=\"def\"><strong class=\"def\">Kolekcja<\/strong>: Matte Black&nbsp;<\/span><\/p>\n<p style=\"text-align: center;\" class=\"def\"><span style=\"font-family: verdana, geneva, sans-serif;\" class=\"def\"><span style=\"font-size: 14pt;\" class=\"def\">Zastosowanie: do wszystkich rodzaj\u00f3w kuchenek&nbsp;<strong class=\"def\">gazowe, indukcyjne, elektryczne, ceramiczne, halogenowe<\/strong><\/span><span style=\"font-size: 14pt;\" class=\"def\"><strong class=\"def\"><\/strong><\/span><\/span><\/p>\n<p style=\"text-align: center;\" class=\"def\"><span style=\"font-size: 14pt; font-family: verdana, geneva, sans-serif;\" class=\"def\"><strong class=\"def\">\u0141atwy w czyszczeniu, nie zalecamy mycia w zmywarce, szczeg\u00f3\u0142owe instrukcje i zalecenia producenta odno\u015bnie czyszczenia zawarte w instrukcji obs\u0142ugi.&nbsp;<\/strong><\/span><\/p>\n","protected":false},"excerpt":{"rendered":"<p>Materia\u0142: Kute aluminium<br \/>\nPow\u0142oka: 3-warstwowa, nieprzywieraj\u0105ca titanPro<br \/>\nWymiary: \u00d820 x 10,4 cm<br \/>\nPojemno\u015b\u0107: 2,5L<br \/>\nUchwyt: Soft Touch<br \/>\nDo wszystkich rodzaj\u00f3w kuchenek: gazowej, elektrycznej, ceramicznej, halogenowej, indukcyjnej<br \/>\nKolor: Matowa czer\u0144<br \/>\nKolekcja: Matte Black Collection<\/p>\n","protected":false},"featured_media":0,"comment_status":"open","ping_status":"closed","template":"","meta":{"ocean_post_layout":"","ocean_both_sidebars_style":"","ocean_both_sidebars_content_width":0,"ocean_both_sidebars_sidebars_width":0,"ocean_sidebar":"","ocean_second_sidebar":"","ocean_disable_margins":"enable","ocean_add_body_class":"","ocean_shortcode_before_top_bar":"","ocean_shortcode_after_top_bar":"","ocean_shortcode_before_header":"","ocean_shortcode_after_header":"","ocean_has_shortcode":"","ocean_shortcode_after_title":"","ocean_shortcode_before_footer_widgets":"","ocean_shortcode_after_footer_widgets":"","ocean_shortcode_before_footer_bottom":"","ocean_shortcode_after_footer_bottom":"","ocean_display_top_bar":"default","ocean_display_header":"default","ocean_header_style":"","ocean_center_header_left_menu":"","ocean_custom_header_template":"","ocean_custom_logo":0,"ocean_custom_retina_logo":0,"ocean_custom_logo_max_width":0,"ocean_custom_logo_tablet_max_width":0,"ocean_custom_logo_mobile_max_width":0,"ocean_custom_logo_max_height":0,"ocean_custom_logo_tablet_max_height":0,"ocean_custom_logo_mobile_max_height":0,"ocean_header_custom_menu":"","ocean_menu_typo_font_family":"","ocean_menu_typo_font_subset":"","ocean_menu_typo_font_size":0,"ocean_menu_typo_font_size_tablet":0,"ocean_menu_typo_font_size_mobile":0,"ocean_menu_typo_font_size_unit":"px","ocean_menu_typo_font_weight":"","ocean_menu_typo_font_weight_tablet":"","ocean_menu_typo_font_weight_mobile":"","ocean_menu_typo_transform":"","ocean_menu_typo_transform_tablet":"","ocean_menu_typo_transform_mobile":"","ocean_menu_typo_line_height":0,"ocean_menu_typo_line_height_tablet":0,"ocean_menu_typo_line_height_mobile":0,"ocean_menu_typo_line_height_unit":"","ocean_menu_typo_spacing":0,"ocean_menu_typo_spacing_tablet":0,"ocean_menu_typo_spacing_mobile":0,"ocean_menu_typo_spacing_unit":"","ocean_menu_link_color":"","ocean_menu_link_color_hover":"","ocean_menu_link_color_active":"","ocean_menu_link_background":"","ocean_menu_link_hover_background":"","ocean_menu_link_active_background":"","ocean_menu_social_links_bg":"","ocean_menu_social_hover_links_bg":"","ocean_menu_social_links_color":"","ocean_menu_social_hover_links_color":"","ocean_disable_title":"default","ocean_disable_heading":"default","ocean_post_title":"","ocean_post_subheading":"","ocean_post_title_style":"","ocean_post_title_background_color":"","ocean_post_title_background":0,"ocean_post_title_bg_image_position":"","ocean_post_title_bg_image_attachment":"","ocean_post_title_bg_image_repeat":"","ocean_post_title_bg_image_size":"","ocean_post_title_height":0,"ocean_post_title_bg_overlay":0.5,"ocean_post_title_bg_overlay_color":"","ocean_disable_breadcrumbs":"default","ocean_breadcrumbs_color":"","ocean_breadcrumbs_separator_color":"","ocean_breadcrumbs_links_color":"","ocean_breadcrumbs_links_hover_color":"","ocean_display_footer_widgets":"default","ocean_display_footer_bottom":"default","ocean_custom_footer_template":""},"product_brand":[],"product_cat":[15],"product_tag":[3962,3898,3897,4084],"class_list":{"0":"post-6504","1":"product","2":"type-product","3":"status-publish","5":"product_cat-wszystkie-produkty","6":"product_tag-3962","7":"product_tag-3898","8":"product_tag-berlinger-haus","9":"product_tag-bh-8187","11":"entry","13":"first","14":"instock","15":"shipping-taxable","16":"product-type-simple","17":"has-product-nav","18":"col","19":"span_1_of_4","20":"owp-content-center","21":"owp-thumbs-layout-horizontal","22":"owp-btn-normal","23":"owp-tabs-layout-horizontal","24":"has-no-thumbnails"},"jetpack_sharing_enabled":true,"_links":{"self":[{"href":"https:\/\/domigoo.pl\/index.php\/wp-json\/wp\/v2\/product\/6504","targetHints":{"allow":["GET"]}}],"collection":[{"href":"https:\/\/domigoo.pl\/index.php\/wp-json\/wp\/v2\/product"}],"about":[{"href":"https:\/\/domigoo.pl\/index.php\/wp-json\/wp\/v2\/types\/product"}],"replies":[{"embeddable":true,"href":"https:\/\/domigoo.pl\/index.php\/wp-json\/wp\/v2\/comments?post=6504"}],"wp:attachment":[{"href":"https:\/\/domigoo.pl\/index.php\/wp-json\/wp\/v2\/media?parent=6504"}],"wp:term":[{"taxonomy":"product_brand","embeddable":true,"href":"https:\/\/domigoo.pl\/index.php\/wp-json\/wp\/v2\/product_brand?post=6504"},{"taxonomy":"product_cat","embeddable":true,"href":"https:\/\/domigoo.pl\/index.php\/wp-json\/wp\/v2\/product_cat?post=6504"},{"taxonomy":"product_tag","embeddable":true,"href":"https:\/\/domigoo.pl\/index.php\/wp-json\/wp\/v2\/product_tag?post=6504"}],"curies":[{"name":"wp","href":"https:\/\/api.w.org\/{rel}","templated":true}]}}