{"id":6505,"date":"2025-09-12T10:19:11","date_gmt":"2025-09-12T08:19:11","guid":{"rendered":"https:\/\/domigoo.pl\/index.php\/produkt\/garnek-z-pokrywka-20cm-berlingerhaus-bh-8357-black-rose-collection\/"},"modified":"2026-04-06T11:25:49","modified_gmt":"2026-04-06T09:25:49","slug":"garnek-z-pokrywka-20cm-berlingerhaus-bh-8357-black-rose-collection","status":"publish","type":"product","link":"https:\/\/domigoo.pl\/index.php\/produkt\/garnek-z-pokrywka-20cm-berlingerhaus-bh-8357-black-rose-collection\/","title":{"rendered":"Garnek z pokrywk\u0105 20cm BerlingerHaus BH- 8357 | Black Rose Collection"},"content":{"rendered":"<h1 style=\"text-align: center;\" class=\"def\"><strong class=\"def\">Garnek z pokrywk\u0105 20cm BerlingerHaus<\/strong><\/h1>\n<h1 style=\"text-align: center;\" class=\"def\"><strong class=\"def\">&nbsp;BH- 8357 | Black Rose Collection<\/strong><\/h1>\n<hr class=\"def\">\n<p class=\"def\"><strong class=\"def\"><\/strong><\/p>\n<p style=\"text-align: center;\" class=\"def\"><span style=\"font-size: 14pt; font-family: verdana, geneva, sans-serif;\" class=\"def\">Wprowad\u017a do swojej kuchni odrobin\u0119 elegancji z <strong class=\"def\">najnowsz\u0105 ods\u0142on\u0105 kolekcji Black Rose&nbsp;<\/strong><\/span><\/p>\n<p style=\"text-align: center;\" class=\"def\"><span style=\"font-size: 14pt; font-family: verdana, geneva, sans-serif;\" class=\"def\">Jego harmonijny design w subtelnym, matowym odcieniu&nbsp;<strong class=\"def\">czarnego matu&nbsp;<\/strong> nie tylko cieszy oko, ale r\u00f3wnie\u017c zachwyca funkcjonalno\u015bci\u0105. <\/span><\/p>\n<p style=\"text-align: center;\" class=\"def\"><span style=\"font-size: 14pt; font-family: verdana, geneva, sans-serif;\" class=\"def\">Wykonany z&nbsp;<strong class=\"def\">kutego aluminium<\/strong>, garnek \u0142\u0105czy w sobie lekko\u015b\u0107 i wyj\u0105tkow\u0105 trwa\u0142o\u015b\u0107, zapewniaj\u0105c r\u00f3wnomierne rozprowadzanie ciep\u0142a i oszcz\u0119dno\u015b\u0107 energii podczas gotowania.<\/span><\/p>\n<p style=\"text-align: center;\" class=\"def\"><span style=\"font-size: 14pt; font-family: verdana, geneva, sans-serif;\" class=\"def\"><img fetchpriority=\"high\" decoding=\"async\" src=\"https:\/\/berlingerhaus.com.pl\/images\/tn107\/5000-6000\/Garnek-z-pokrywka-20cm-BerlingerHaus-BH-8357-Black-Rose-Collection_[5989]_696.jpg\" width=\"696\" height=\"696\" alt=\"\" class=\"def\"><\/span><\/p>\n<p style=\"text-align: center;\" class=\"def\"><span style=\"font-size: 14pt;\" class=\"def\">Garnek wyposa\u017cony jest w <strong class=\"def\">nieprzywieraj\u0105c\u0105 pow\u0142ok\u0119 TitanPro<\/strong>, kt\u00f3ra sprawia, \u017ce nawet najbardziej wymagaj\u0105ce potrawy przygotujesz z \u0142atwo\u015bci\u0105, bez obaw o przypalenie. <\/span><\/p>\n<p style=\"text-align: center;\" class=\"def\"><span style=\"font-size: 14pt;\" class=\"def\"><\/span><\/p>\n<h2 style=\"text-align: center;\" class=\"def\"><span style=\"font-size: 14pt; font-family: verdana, geneva, sans-serif;\" class=\"def\"><span style=\"font-size: 18pt;\" class=\"def\"><strong class=\"def\">Cechy produktu:&nbsp;<\/strong><\/span><\/span><\/h2>\n<p data-start=\"451\" data-end=\"477\" style=\"text-align: center;\" class=\"def\"><span style=\"font-size: 14pt;\" class=\"def\"><strong data-start=\"451\" data-end=\"464\" class=\"def\">Kolekcja:<\/strong> Black Rose<\/span><\/p>\n<p data-start=\"480\" data-end=\"533\" style=\"text-align: center;\" class=\"def\"><span style=\"font-size: 14pt;\" class=\"def\"><strong data-start=\"480\" data-end=\"492\" class=\"def\">Wymiary:<\/strong> \u00d820 cm, wysoko\u015b\u0107 11 cm, pojemno\u015b\u0107 2,6L<\/span><\/p>\n<p data-start=\"536\" data-end=\"615\" style=\"text-align: center;\" class=\"def\"><span style=\"font-size: 14pt;\" class=\"def\"><strong data-start=\"536\" data-end=\"549\" class=\"def\">Materia\u0142:<\/strong> kute aluminium z <strong data-start=\"567\" data-end=\"613\" class=\"def\">potr\u00f3jn\u0105 pow\u0142ok\u0105 nieprzywieraj\u0105c\u0105 titanPro<\/strong><\/span><\/p>\n<p data-start=\"618\" data-end=\"684\" style=\"text-align: center;\" class=\"def\"><span style=\"font-size: 14pt;\" class=\"def\"><strong data-start=\"618\" data-end=\"628\" class=\"def\">Kolor:<\/strong> matowa czer\u0144 z detalami w odcieniu <strong data-start=\"664\" data-end=\"682\" class=\"def\">r\u00f3\u017cowego z\u0142ota<\/strong><\/span><\/p>\n<p data-start=\"687\" data-end=\"794\" style=\"text-align: center;\" class=\"def\"><span style=\"font-size: 14pt;\" class=\"def\"><strong data-start=\"687\" data-end=\"700\" class=\"def\">Pokrywka:<\/strong> szk\u0142o hartowane z systemem <strong data-start=\"728\" data-end=\"742\" class=\"def\">soft close<\/strong> i silikonow\u0105 ramk\u0105 odporn\u0105 na wysokie temperatury<\/span><\/p>\n<p data-start=\"862\" data-end=\"968\" style=\"text-align: center;\" class=\"def\"><span style=\"font-size: 14pt;\" class=\"def\"><strong data-start=\"862\" data-end=\"882\" class=\"def\">Uchwyty i ga\u0142ka:<\/strong> ergonomiczne, <strong data-start=\"897\" data-end=\"911\" class=\"def\">soft touch<\/strong>, typu <strong data-start=\"918\" data-end=\"931\" class=\"def\">stay cool<\/strong> \u2013 bezpieczne i komfortowe w u\u017cyciu<\/span><\/p>\n<p data-start=\"971\" data-end=\"1044\" style=\"text-align: center;\" class=\"def\"><span style=\"font-size: 14pt;\" class=\"def\"><strong data-start=\"971\" data-end=\"980\" class=\"def\">Styl:<\/strong> nowoczesny, <strong data-start=\"993\" data-end=\"1019\" class=\"def\">minimalistyczny design<\/strong> z matowym wyko\u0144czeniem<\/span><\/p>\n<p data-start=\"1047\" data-end=\"1134\" style=\"text-align: center;\" class=\"def\"><span style=\"font-size: 14pt;\" class=\"def\"><strong data-start=\"1047\" data-end=\"1055\" class=\"def\">Dno:<\/strong> <strong data-start=\"1056\" data-end=\"1075\" class=\"def\">Turbo Induction<\/strong> \u2013 szybkie, r\u00f3wnomierne nagrzewanie i oszcz\u0119dno\u015b\u0107 energii<\/span><\/p>\n<p data-start=\"1137\" data-end=\"1221\" style=\"text-align: center;\" class=\"def\"><span style=\"font-size: 14pt;\" class=\"def\"><strong data-start=\"1137\" data-end=\"1156\" class=\"def\">Kompatybilno\u015b\u0107:<\/strong> odpowiedni do wszystkich rodzaj\u00f3w kuchenek, w tym indukcyjnych<\/span><\/p>\n<p data-start=\"1137\" data-end=\"1221\" style=\"text-align: center;\" class=\"def\"><span style=\"font-size: 14pt;\" class=\"def\"><img decoding=\"async\" src=\"https:\/\/berlingerhaus.com.pl\/images\/tn107\/5000-6000\/Garnek-z-pokrywka-20cm-BerlingerHaus-BH-8357-Black-Rose-Collection_[5988]_696.jpg\" width=\"696\" height=\"696\" alt=\"\" class=\"def\"><\/span><\/p>\n<p data-start=\"1224\" data-end=\"1277\" style=\"text-align: center;\" class=\"def\">\n","protected":false},"excerpt":{"rendered":"<p>Kolekcja: Black Rose<br \/>\nWymiary: \u00d820 cm, wysoko\u015b\u0107 11 cm, pojemno\u015b\u0107 2,6L<br \/>\nMateria\u0142: kute aluminium z potr\u00f3jn\u0105 pow\u0142ok\u0105 nieprzywieraj\u0105c\u0105 titanPro<\/p>\n","protected":false},"featured_media":0,"comment_status":"open","ping_status":"closed","template":"","meta":{"ocean_post_layout":"","ocean_both_sidebars_style":"","ocean_both_sidebars_content_width":0,"ocean_both_sidebars_sidebars_width":0,"ocean_sidebar":"","ocean_second_sidebar":"","ocean_disable_margins":"enable","ocean_add_body_class":"","ocean_shortcode_before_top_bar":"","ocean_shortcode_after_top_bar":"","ocean_shortcode_before_header":"","ocean_shortcode_after_header":"","ocean_has_shortcode":"","ocean_shortcode_after_title":"","ocean_shortcode_before_footer_widgets":"","ocean_shortcode_after_footer_widgets":"","ocean_shortcode_before_footer_bottom":"","ocean_shortcode_after_footer_bottom":"","ocean_display_top_bar":"default","ocean_display_header":"default","ocean_header_style":"","ocean_center_header_left_menu":"","ocean_custom_header_template":"","ocean_custom_logo":0,"ocean_custom_retina_logo":0,"ocean_custom_logo_max_width":0,"ocean_custom_logo_tablet_max_width":0,"ocean_custom_logo_mobile_max_width":0,"ocean_custom_logo_max_height":0,"ocean_custom_logo_tablet_max_height":0,"ocean_custom_logo_mobile_max_height":0,"ocean_header_custom_menu":"","ocean_menu_typo_font_family":"","ocean_menu_typo_font_subset":"","ocean_menu_typo_font_size":0,"ocean_menu_typo_font_size_tablet":0,"ocean_menu_typo_font_size_mobile":0,"ocean_menu_typo_font_size_unit":"px","ocean_menu_typo_font_weight":"","ocean_menu_typo_font_weight_tablet":"","ocean_menu_typo_font_weight_mobile":"","ocean_menu_typo_transform":"","ocean_menu_typo_transform_tablet":"","ocean_menu_typo_transform_mobile":"","ocean_menu_typo_line_height":0,"ocean_menu_typo_line_height_tablet":0,"ocean_menu_typo_line_height_mobile":0,"ocean_menu_typo_line_height_unit":"","ocean_menu_typo_spacing":0,"ocean_menu_typo_spacing_tablet":0,"ocean_menu_typo_spacing_mobile":0,"ocean_menu_typo_spacing_unit":"","ocean_menu_link_color":"","ocean_menu_link_color_hover":"","ocean_menu_link_color_active":"","ocean_menu_link_background":"","ocean_menu_link_hover_background":"","ocean_menu_link_active_background":"","ocean_menu_social_links_bg":"","ocean_menu_social_hover_links_bg":"","ocean_menu_social_links_color":"","ocean_menu_social_hover_links_color":"","ocean_disable_title":"default","ocean_disable_heading":"default","ocean_post_title":"","ocean_post_subheading":"","ocean_post_title_style":"","ocean_post_title_background_color":"","ocean_post_title_background":0,"ocean_post_title_bg_image_position":"","ocean_post_title_bg_image_attachment":"","ocean_post_title_bg_image_repeat":"","ocean_post_title_bg_image_size":"","ocean_post_title_height":0,"ocean_post_title_bg_overlay":0.5,"ocean_post_title_bg_overlay_color":"","ocean_disable_breadcrumbs":"default","ocean_breadcrumbs_color":"","ocean_breadcrumbs_separator_color":"","ocean_breadcrumbs_links_color":"","ocean_breadcrumbs_links_hover_color":"","ocean_display_footer_widgets":"default","ocean_display_footer_bottom":"default","ocean_custom_footer_template":""},"product_brand":[],"product_cat":[15],"product_tag":[3962,3898,3897,4085],"class_list":{"0":"post-6505","1":"product","2":"type-product","3":"status-publish","5":"product_cat-wszystkie-produkty","6":"product_tag-3962","7":"product_tag-3898","8":"product_tag-berlinger-haus","9":"product_tag-bh-8357","11":"entry","13":"first","14":"instock","15":"shipping-taxable","16":"product-type-simple","17":"has-product-nav","18":"col","19":"span_1_of_4","20":"owp-content-center","21":"owp-thumbs-layout-horizontal","22":"owp-btn-normal","23":"owp-tabs-layout-horizontal","24":"has-no-thumbnails"},"jetpack_sharing_enabled":true,"_links":{"self":[{"href":"https:\/\/domigoo.pl\/index.php\/wp-json\/wp\/v2\/product\/6505","targetHints":{"allow":["GET"]}}],"collection":[{"href":"https:\/\/domigoo.pl\/index.php\/wp-json\/wp\/v2\/product"}],"about":[{"href":"https:\/\/domigoo.pl\/index.php\/wp-json\/wp\/v2\/types\/product"}],"replies":[{"embeddable":true,"href":"https:\/\/domigoo.pl\/index.php\/wp-json\/wp\/v2\/comments?post=6505"}],"wp:attachment":[{"href":"https:\/\/domigoo.pl\/index.php\/wp-json\/wp\/v2\/media?parent=6505"}],"wp:term":[{"taxonomy":"product_brand","embeddable":true,"href":"https:\/\/domigoo.pl\/index.php\/wp-json\/wp\/v2\/product_brand?post=6505"},{"taxonomy":"product_cat","embeddable":true,"href":"https:\/\/domigoo.pl\/index.php\/wp-json\/wp\/v2\/product_cat?post=6505"},{"taxonomy":"product_tag","embeddable":true,"href":"https:\/\/domigoo.pl\/index.php\/wp-json\/wp\/v2\/product_tag?post=6505"}],"curies":[{"name":"wp","href":"https:\/\/api.w.org\/{rel}","templated":true}]}}