{"id":6507,"date":"2025-09-12T10:19:12","date_gmt":"2025-09-12T08:19:12","guid":{"rendered":"https:\/\/domigoo.pl\/index.php\/produkt\/garnek-z-pokrywka-20cm-berlingerhaus-bh-7786-sahara-collection\/"},"modified":"2026-04-06T11:25:49","modified_gmt":"2026-04-06T09:25:49","slug":"garnek-z-pokrywka-20cm-berlingerhaus-bh-7786-sahara-collection","status":"publish","type":"product","link":"https:\/\/domigoo.pl\/index.php\/produkt\/garnek-z-pokrywka-20cm-berlingerhaus-bh-7786-sahara-collection\/","title":{"rendered":"Garnek z pokrywk\u0105 20cm BerlingerHaus BH-7786 Sahara Collection"},"content":{"rendered":"<h2 style=\"text-align: center;\" class=\"def\"><span style=\"font-size: 24pt;\" class=\"def\">Garnek z pokrywk\u0105 20cm BerlingerHaus<\/span><\/h2>\n<h2 style=\"text-align: center;\" class=\"def\"><span style=\"font-size: 24pt;\" class=\"def\">&nbsp;BH-7786 Sahara Collection<\/span><\/h2>\n<hr class=\"def\">\n<p style=\"text-align: center;\" class=\"def\"><span style=\"font-size: 18pt;\" class=\"def\">Ten garnek \u0142\u0105czy w sobie funkcjonalno\u015b\u0107 i nowoczesny design, idealny do codziennego gotowania oraz specjalnych okazji. Przeznaczony zar\u00f3wno do u\u017cytku na kuchence, jak i w piekarniku (odporny na temperatury do&nbsp;<strong class=\"def\">220\u00b0C<\/strong>), oferuje wszechstronno\u015b\u0107 i wygod\u0119.<\/span><\/p>\n<p class=\"def\"><img fetchpriority=\"high\" decoding=\"async\" src=\"https:\/\/berlingerhaus.com.pl\/images\/tn107\/4000-5000\/Garnek-z-pokrywka-20cm-BerlingerHaus-BH-7786-Sahara-Collection_[4472]_696.jpg\" width=\"688\" height=\"688\" alt=\"\" style=\"display: block; margin-left: auto; margin-right: auto;\" class=\"def\"><\/p>\n<p style=\"text-align: center;\" class=\"def\"><span style=\"color: rgb(0, 0, 0); font-size: 14pt;\" class=\"def\"><strong class=\"def\"><\/strong><\/span><\/p>\n<p style=\"text-align: center;\" class=\"def\"><span style=\"color: rgb(0, 0, 0); font-size: 14pt;\" class=\"def\"><strong class=\"def\">Specyfikacja :&nbsp;<\/strong><\/span><\/p>\n<p style=\"text-align: center;\" class=\"def\"><span style=\"color: rgb(0, 0, 0); font-size: 14pt;\" class=\"def\"><strong class=\"def\">3-warstwowa pow\u0142oka TitanPro<\/strong>: niezwykle trwa\u0142a i odporna na zarysowania, zapobiega przywieraniu potraw, co u\u0142atwia gotowanie i czyszczenie.<\/span><\/p>\n<p style=\"text-align: center;\" class=\"def\"><span style=\"color: rgb(0, 0, 0); font-size: 14pt;\" class=\"def\"><strong class=\"def\">Ergonomiczny uchwyt Stay Cook<\/strong>: mi\u0119kki w dotyku, zapewnia pewny i komfortowy chwyt, nawet przy d\u0142ugim gotowaniu.<\/span><\/p>\n<p style=\"text-align: center;\" class=\"def\"><span style=\"color: rgb(0, 0, 0); font-size: 14pt;\" class=\"def\"><strong class=\"def\">Pokrywa ze szk\u0142a hartowanego<\/strong>: wzmocniona mi\u0119kkim silikonem odpornym na wysokie temperatury, pozwala na bezpieczne i wygodne monitorowanie potraw w trakcie gotowania.<\/span><\/p>\n<p style=\"text-align: center;\" class=\"def\"><span style=\"color: rgb(0, 0, 0); font-size: 14pt;\" class=\"def\"><strong class=\"def\">Ga\u0142ka ze stali nierdzewnej<\/strong>: wyko\u0144czona eleganck\u0105, z\u0142ot\u0105 pow\u0142ok\u0105 PVD, kt\u00f3ra nadaje garnkowi luksusowy wygl\u0105d.<\/span><\/p>\n<p style=\"text-align: center;\" class=\"def\"><span style=\"color: rgb(0, 0, 0); font-size: 14pt;\" class=\"def\"><strong class=\"def\">Pokrywa z filtrem siatkowym<\/strong>: zapewnia dodatkow\u0105 wygod\u0119 podczas odcedzania i gotowania.<\/span><\/p>\n<p style=\"text-align: center;\" class=\"def\"><span style=\"color: rgb(0, 0, 0); font-size: 14pt;\" class=\"def\"><strong class=\"def\">Technologia turboindukcji<\/strong>: umo\u017cliwia szybkie i r\u00f3wnomierne nagrzewanie, oszcz\u0119dzaj\u0105c czas i energi\u0119.<\/span><\/p>\n<p style=\"text-align: center;\" class=\"def\"><strong class=\"def\"><span style=\"color: rgb(0, 0, 0); font-size: 14pt;\" class=\"def\">2 sztuki slikonowych uchwyt\u00f3w&nbsp; \u017caroodpornych<\/span><\/strong><\/p>\n<p style=\"text-align: center;\" class=\"def\"><strong class=\"def\"><span style=\"color: rgb(0, 0, 0); font-size: 14pt;\" class=\"def\"><img decoding=\"async\" src=\"https:\/\/berlingerhaus.com.pl\/images\/tn107\/4000-5000\/Garnek-z-pokrywka-20cm-BerlingerHaus-BH-7786-Sahara-Collection_[4473]_696.jpg\" width=\"696\" height=\"696\" alt=\"\" class=\"def\"><\/span><\/strong><\/p>\n","protected":false},"excerpt":{"rendered":"<p>Materia\u0142: kute aluminium<br \/>\n\u2022 Garnek z pokrywk\u0105 \u00d820*10,5 cm 2,8L<br \/>\n\u2022 Kolor: matowy krem<br \/>\n\u2022 W zestawie 2 szt. od\u0142\u0105czanych silikonowych uchwyt\u00f3w.<\/p>\n","protected":false},"featured_media":0,"comment_status":"open","ping_status":"closed","template":"","meta":{"ocean_post_layout":"","ocean_both_sidebars_style":"","ocean_both_sidebars_content_width":0,"ocean_both_sidebars_sidebars_width":0,"ocean_sidebar":"","ocean_second_sidebar":"","ocean_disable_margins":"enable","ocean_add_body_class":"","ocean_shortcode_before_top_bar":"","ocean_shortcode_after_top_bar":"","ocean_shortcode_before_header":"","ocean_shortcode_after_header":"","ocean_has_shortcode":"","ocean_shortcode_after_title":"","ocean_shortcode_before_footer_widgets":"","ocean_shortcode_after_footer_widgets":"","ocean_shortcode_before_footer_bottom":"","ocean_shortcode_after_footer_bottom":"","ocean_display_top_bar":"default","ocean_display_header":"default","ocean_header_style":"","ocean_center_header_left_menu":"","ocean_custom_header_template":"","ocean_custom_logo":0,"ocean_custom_retina_logo":0,"ocean_custom_logo_max_width":0,"ocean_custom_logo_tablet_max_width":0,"ocean_custom_logo_mobile_max_width":0,"ocean_custom_logo_max_height":0,"ocean_custom_logo_tablet_max_height":0,"ocean_custom_logo_mobile_max_height":0,"ocean_header_custom_menu":"","ocean_menu_typo_font_family":"","ocean_menu_typo_font_subset":"","ocean_menu_typo_font_size":0,"ocean_menu_typo_font_size_tablet":0,"ocean_menu_typo_font_size_mobile":0,"ocean_menu_typo_font_size_unit":"px","ocean_menu_typo_font_weight":"","ocean_menu_typo_font_weight_tablet":"","ocean_menu_typo_font_weight_mobile":"","ocean_menu_typo_transform":"","ocean_menu_typo_transform_tablet":"","ocean_menu_typo_transform_mobile":"","ocean_menu_typo_line_height":0,"ocean_menu_typo_line_height_tablet":0,"ocean_menu_typo_line_height_mobile":0,"ocean_menu_typo_line_height_unit":"","ocean_menu_typo_spacing":0,"ocean_menu_typo_spacing_tablet":0,"ocean_menu_typo_spacing_mobile":0,"ocean_menu_typo_spacing_unit":"","ocean_menu_link_color":"","ocean_menu_link_color_hover":"","ocean_menu_link_color_active":"","ocean_menu_link_background":"","ocean_menu_link_hover_background":"","ocean_menu_link_active_background":"","ocean_menu_social_links_bg":"","ocean_menu_social_hover_links_bg":"","ocean_menu_social_links_color":"","ocean_menu_social_hover_links_color":"","ocean_disable_title":"default","ocean_disable_heading":"default","ocean_post_title":"","ocean_post_subheading":"","ocean_post_title_style":"","ocean_post_title_background_color":"","ocean_post_title_background":0,"ocean_post_title_bg_image_position":"","ocean_post_title_bg_image_attachment":"","ocean_post_title_bg_image_repeat":"","ocean_post_title_bg_image_size":"","ocean_post_title_height":0,"ocean_post_title_bg_overlay":0.5,"ocean_post_title_bg_overlay_color":"","ocean_disable_breadcrumbs":"default","ocean_breadcrumbs_color":"","ocean_breadcrumbs_separator_color":"","ocean_breadcrumbs_links_color":"","ocean_breadcrumbs_links_hover_color":"","ocean_display_footer_widgets":"default","ocean_display_footer_bottom":"default","ocean_custom_footer_template":""},"product_brand":[],"product_cat":[15],"product_tag":[3962,3898,3897,4087],"class_list":{"0":"post-6507","1":"product","2":"type-product","3":"status-publish","5":"product_cat-wszystkie-produkty","6":"product_tag-3962","7":"product_tag-3898","8":"product_tag-berlinger-haus","9":"product_tag-bh-7786","11":"entry","13":"first","14":"instock","15":"shipping-taxable","16":"product-type-simple","17":"has-product-nav","18":"col","19":"span_1_of_4","20":"owp-content-center","21":"owp-thumbs-layout-horizontal","22":"owp-btn-normal","23":"owp-tabs-layout-horizontal","24":"has-no-thumbnails"},"jetpack_sharing_enabled":true,"_links":{"self":[{"href":"https:\/\/domigoo.pl\/index.php\/wp-json\/wp\/v2\/product\/6507","targetHints":{"allow":["GET"]}}],"collection":[{"href":"https:\/\/domigoo.pl\/index.php\/wp-json\/wp\/v2\/product"}],"about":[{"href":"https:\/\/domigoo.pl\/index.php\/wp-json\/wp\/v2\/types\/product"}],"replies":[{"embeddable":true,"href":"https:\/\/domigoo.pl\/index.php\/wp-json\/wp\/v2\/comments?post=6507"}],"wp:attachment":[{"href":"https:\/\/domigoo.pl\/index.php\/wp-json\/wp\/v2\/media?parent=6507"}],"wp:term":[{"taxonomy":"product_brand","embeddable":true,"href":"https:\/\/domigoo.pl\/index.php\/wp-json\/wp\/v2\/product_brand?post=6507"},{"taxonomy":"product_cat","embeddable":true,"href":"https:\/\/domigoo.pl\/index.php\/wp-json\/wp\/v2\/product_cat?post=6507"},{"taxonomy":"product_tag","embeddable":true,"href":"https:\/\/domigoo.pl\/index.php\/wp-json\/wp\/v2\/product_tag?post=6507"}],"curies":[{"name":"wp","href":"https:\/\/api.w.org\/{rel}","templated":true}]}}