{"id":6508,"date":"2025-09-12T10:19:12","date_gmt":"2025-09-12T08:19:12","guid":{"rendered":"https:\/\/domigoo.pl\/index.php\/produkt\/garnek-z-pokrywka-20cm-berlingerhaus-bh-8319-sahara-nordic\/"},"modified":"2026-04-06T11:25:49","modified_gmt":"2026-04-06T09:25:49","slug":"garnek-z-pokrywka-20cm-berlingerhaus-bh-8319-sahara-nordic","status":"publish","type":"product","link":"https:\/\/domigoo.pl\/index.php\/produkt\/garnek-z-pokrywka-20cm-berlingerhaus-bh-8319-sahara-nordic\/","title":{"rendered":"Garnek z pokrywk\u0105 20cm BerlingerHaus BH-8319 Sahara Nordic"},"content":{"rendered":"<h1 style=\"text-align: center;\" class=\"def\"><strong class=\"def\">Garnek z pokrywk\u0105 20cm&nbsp;<\/strong><\/h1>\n<h1 style=\"text-align: center;\" class=\"def\"><strong class=\"def\">&nbsp;BerlingerHaus BH-8319 Sahara Nordic Collection<\/strong><\/h1>\n<hr class=\"def\">\n<p class=\"def\">\n<p style=\"text-align: center;\" class=\"def\"><span style=\"font-size: 14pt;\" class=\"def\">Garnek <strong data-start=\"81\" data-end=\"114\" class=\"def\">Berlinger Haus Sahara BH-8319<\/strong>&nbsp;to elegancka i funkcjonalna propozycja, kt\u00f3ra zadowoli ka\u017cdego, kto ceni nowoczesny design po\u0142\u0105czony z niezawodn\u0105 jako\u015bci\u0105. <\/span><\/p>\n<p style=\"text-align: center;\" class=\"def\"><span style=\"font-size: 14pt;\" class=\"def\">Wyj\u0105tkowa&nbsp;<strong data-start=\"249\" data-end=\"269\" class=\"def\">pow\u0142oka TitanPro<\/strong> oraz <strong data-start=\"275\" data-end=\"321\" class=\"def\">szklana pokrywka z systemem soft-close<\/strong> to tylko niekt\u00f3re z atut\u00f3w tego garnka.<\/span><\/p>\n<p style=\"text-align: center;\" class=\"def\"><span style=\"font-size: 14pt;\" class=\"def\">&nbsp;Idealny do codziennego gotowania na wszystkich typach kuchenek.<\/span><\/p>\n<p style=\"text-align: center;\" class=\"def\"><img fetchpriority=\"high\" decoding=\"async\" src=\"https:\/\/berlingerhaus.com.pl\/images\/tn107\/5000-6000\/Garnek-z-pokrywka-20cm-i-drewnianymi-elementami-BerlingerHaus-BH-8319-Sahara-Collection_[5868]_696.jpg\" width=\"577\" height=\"577\" alt=\"\" class=\"def\"><img decoding=\"async\" src=\"https:\/\/berlingerhaus.com.pl\/images\/tn107\/5000-6000\/Garnek-z-pokrywka-20cm-i-drewnianymi-elementami-BerlingerHaus-BH-8319-Sahara-Collection_[5869]_696.jpg\" width=\"575\" height=\"575\" alt=\"\" class=\"def\"><\/p>\n<p style=\"text-align: center;\" class=\"def\"><span style=\"font-size: 14pt;\" class=\"def\">\u2714 <strong data-start=\"479\" data-end=\"513\" class=\"def\">Ergonomiczna r\u0105czka i pokrywka<\/strong> \u2013 nowoczesny <strong data-start=\"527\" data-end=\"541\" class=\"def\">soft-touch<\/strong> uchwyt i pokrywka z drewnianymi akcentami oraz srebrnym wyko\u0144czeniem, kt\u00f3re zapewniaj\u0105 pewny chwyt i estetyczny wygl\u0105d.<\/span><\/p>\n<p style=\"text-align: center;\" class=\"def\"><span style=\"font-size: 14pt;\" class=\"def\"><br data-start=\"661\" data-end=\"664\" class=\"def\"><br \/>\n \u2714&nbsp;<strong data-start=\"666\" data-end=\"698\" class=\"def\">Szklana pokrywka<\/strong> \u2013 z <strong data-start=\"703\" data-end=\"726\" class=\"def\">systemem soft-close<\/strong> oraz odpornym na wysok\u0105 temperatur\u0119 silikonowym uszczelnieniem, umo\u017cliwia wygodne otwieranie i zamykanie garnka.<\/span><\/p>\n<p style=\"text-align: center;\" class=\"def\"><span style=\"font-size: 14pt;\" class=\"def\">&nbsp;<strong data-start=\"840\" data-end=\"857\" class=\"def\">Otw\u00f3r do pary<\/strong> zapobiega nadmiernemu nagromadzeniu si\u0119 ci\u015bnienia w \u015brodku.<\/span><\/p>\n<p style=\"text-align: center;\" class=\"def\"><img decoding=\"async\" src=\"https:\/\/berlingerhaus.com.pl\/images\/tn107\/5000-6000\/Garnek-z-pokrywka-20cm-i-drewnianymi-elementami-BerlingerHaus-BH-8319-Sahara-Collection_[5870]_696.jpg\" alt=\"\" style=\"float: left;\" class=\"def\"><\/p>\n<p style=\"text-align: center;\" class=\"def\"><span style=\"font-size: 14pt;\" class=\"def\"><\/span><\/p>\n<h2 style=\"text-align: center;\" class=\"def\"><span style=\"font-size: 14pt;\" class=\"def\"><span style=\"font-size: 18pt;\" class=\"def\"><strong class=\"def\">Specyfikacja:&nbsp;<\/strong><\/span><\/span><\/h2>\n<p style=\"text-align: center;\" class=\"def\"><span style=\"font-size: 14pt;\" class=\"def\"><strong data-start=\"290\" data-end=\"302\" class=\"def\">Materia\u0142<\/strong>: Kute aluminium z pow\u0142ok\u0105 TitanPro tytanow\u0105&nbsp;<\/span><\/p>\n<p style=\"text-align: center;\" class=\"def\"><span style=\"font-size: 14pt;\" class=\"def\"><strong data-start=\"342\" data-end=\"355\" class=\"def\">Pojemno\u015b\u0107<\/strong>: 2,6L<\/span><\/p>\n<p style=\"text-align: center;\" class=\"def\"><span style=\"font-size: 14pt;\" class=\"def\"><strong data-start=\"367\" data-end=\"379\" class=\"def\">Pokrywka<\/strong>: Szklana, system soft-close, otw\u00f3r do pary<\/span><\/p>\n<p style=\"text-align: center;\" class=\"def\"><span style=\"font-size: 14pt;\" class=\"def\"><strong data-start=\"439\" data-end=\"450\" class=\"def\">Wymiary<\/strong>: \u00d820*11 cm 2,6L<\/span><\/p>\n<p style=\"text-align: center;\" class=\"def\"><span style=\"font-size: 14pt;\" class=\"def\"><strong data-start=\"481\" data-end=\"505\" class=\"def\">Ergonomiczne uchwyty<\/strong>: Drewnopodobne wyko\u0144czenie z srebrnym akcentem<\/span><\/p>\n<p style=\"text-align: center;\" class=\"def\"><span style=\"font-size: 14pt;\" class=\"def\"><strong data-start=\"557\" data-end=\"572\" class=\"def\">Technologia<\/strong>: Turbo Induction, pasuje do wszystkich rodzaj\u00f3w kuchenek<\/span><\/p>\n","protected":false},"excerpt":{"rendered":"<p>Wymiary: \u00d820*11 cm 2,6L<br \/>\nMateria\u0142: Kute aluminium z pow\u0142ok\u0105 TitanPro<\/p>\n","protected":false},"featured_media":0,"comment_status":"open","ping_status":"closed","template":"","meta":{"ocean_post_layout":"","ocean_both_sidebars_style":"","ocean_both_sidebars_content_width":0,"ocean_both_sidebars_sidebars_width":0,"ocean_sidebar":"","ocean_second_sidebar":"","ocean_disable_margins":"enable","ocean_add_body_class":"","ocean_shortcode_before_top_bar":"","ocean_shortcode_after_top_bar":"","ocean_shortcode_before_header":"","ocean_shortcode_after_header":"","ocean_has_shortcode":"","ocean_shortcode_after_title":"","ocean_shortcode_before_footer_widgets":"","ocean_shortcode_after_footer_widgets":"","ocean_shortcode_before_footer_bottom":"","ocean_shortcode_after_footer_bottom":"","ocean_display_top_bar":"default","ocean_display_header":"default","ocean_header_style":"","ocean_center_header_left_menu":"","ocean_custom_header_template":"","ocean_custom_logo":0,"ocean_custom_retina_logo":0,"ocean_custom_logo_max_width":0,"ocean_custom_logo_tablet_max_width":0,"ocean_custom_logo_mobile_max_width":0,"ocean_custom_logo_max_height":0,"ocean_custom_logo_tablet_max_height":0,"ocean_custom_logo_mobile_max_height":0,"ocean_header_custom_menu":"","ocean_menu_typo_font_family":"","ocean_menu_typo_font_subset":"","ocean_menu_typo_font_size":0,"ocean_menu_typo_font_size_tablet":0,"ocean_menu_typo_font_size_mobile":0,"ocean_menu_typo_font_size_unit":"px","ocean_menu_typo_font_weight":"","ocean_menu_typo_font_weight_tablet":"","ocean_menu_typo_font_weight_mobile":"","ocean_menu_typo_transform":"","ocean_menu_typo_transform_tablet":"","ocean_menu_typo_transform_mobile":"","ocean_menu_typo_line_height":0,"ocean_menu_typo_line_height_tablet":0,"ocean_menu_typo_line_height_mobile":0,"ocean_menu_typo_line_height_unit":"","ocean_menu_typo_spacing":0,"ocean_menu_typo_spacing_tablet":0,"ocean_menu_typo_spacing_mobile":0,"ocean_menu_typo_spacing_unit":"","ocean_menu_link_color":"","ocean_menu_link_color_hover":"","ocean_menu_link_color_active":"","ocean_menu_link_background":"","ocean_menu_link_hover_background":"","ocean_menu_link_active_background":"","ocean_menu_social_links_bg":"","ocean_menu_social_hover_links_bg":"","ocean_menu_social_links_color":"","ocean_menu_social_hover_links_color":"","ocean_disable_title":"default","ocean_disable_heading":"default","ocean_post_title":"","ocean_post_subheading":"","ocean_post_title_style":"","ocean_post_title_background_color":"","ocean_post_title_background":0,"ocean_post_title_bg_image_position":"","ocean_post_title_bg_image_attachment":"","ocean_post_title_bg_image_repeat":"","ocean_post_title_bg_image_size":"","ocean_post_title_height":0,"ocean_post_title_bg_overlay":0.5,"ocean_post_title_bg_overlay_color":"","ocean_disable_breadcrumbs":"default","ocean_breadcrumbs_color":"","ocean_breadcrumbs_separator_color":"","ocean_breadcrumbs_links_color":"","ocean_breadcrumbs_links_hover_color":"","ocean_display_footer_widgets":"default","ocean_display_footer_bottom":"default","ocean_custom_footer_template":""},"product_brand":[],"product_cat":[15],"product_tag":[3962,3898,3897,4088],"class_list":{"0":"post-6508","1":"product","2":"type-product","3":"status-publish","5":"product_cat-wszystkie-produkty","6":"product_tag-3962","7":"product_tag-3898","8":"product_tag-berlinger-haus","9":"product_tag-bh-8319","11":"entry","13":"first","14":"instock","15":"shipping-taxable","16":"product-type-simple","17":"has-product-nav","18":"col","19":"span_1_of_4","20":"owp-content-center","21":"owp-thumbs-layout-horizontal","22":"owp-btn-normal","23":"owp-tabs-layout-horizontal","24":"has-no-thumbnails"},"jetpack_sharing_enabled":true,"_links":{"self":[{"href":"https:\/\/domigoo.pl\/index.php\/wp-json\/wp\/v2\/product\/6508","targetHints":{"allow":["GET"]}}],"collection":[{"href":"https:\/\/domigoo.pl\/index.php\/wp-json\/wp\/v2\/product"}],"about":[{"href":"https:\/\/domigoo.pl\/index.php\/wp-json\/wp\/v2\/types\/product"}],"replies":[{"embeddable":true,"href":"https:\/\/domigoo.pl\/index.php\/wp-json\/wp\/v2\/comments?post=6508"}],"wp:attachment":[{"href":"https:\/\/domigoo.pl\/index.php\/wp-json\/wp\/v2\/media?parent=6508"}],"wp:term":[{"taxonomy":"product_brand","embeddable":true,"href":"https:\/\/domigoo.pl\/index.php\/wp-json\/wp\/v2\/product_brand?post=6508"},{"taxonomy":"product_cat","embeddable":true,"href":"https:\/\/domigoo.pl\/index.php\/wp-json\/wp\/v2\/product_cat?post=6508"},{"taxonomy":"product_tag","embeddable":true,"href":"https:\/\/domigoo.pl\/index.php\/wp-json\/wp\/v2\/product_tag?post=6508"}],"curies":[{"name":"wp","href":"https:\/\/api.w.org\/{rel}","templated":true}]}}