{"id":6514,"date":"2025-09-12T10:19:45","date_gmt":"2025-09-12T08:19:45","guid":{"rendered":"https:\/\/domigoo.pl\/index.php\/produkt\/garnek-z-pokrywka-24-cm-berlingerhaus-sahara-marble-bh-8396\/"},"modified":"2026-03-23T07:43:54","modified_gmt":"2026-03-23T06:43:54","slug":"garnek-z-pokrywka-24-cm-berlingerhaus-sahara-marble-bh-8396","status":"publish","type":"product","link":"https:\/\/domigoo.pl\/index.php\/produkt\/garnek-z-pokrywka-24-cm-berlingerhaus-sahara-marble-bh-8396\/","title":{"rendered":"Garnek z pokrywk\u0105 24 cm BerlingerHaus Sahara Marble BH-8396"},"content":{"rendered":"<h1 style=\"text-align: center;\" class=\"def\"><strong class=\"def\">Garnek z pokrywk\u0105 24 cm BerlingerHaus<\/strong><\/h1>\n<h1 style=\"text-align: center;\" class=\"def\"><strong class=\"def\">&nbsp;Sahara Marble BH-8396<\/strong><\/h1>\n<hr class=\"def\">\n<p data-start=\"80\" data-end=\"403\" style=\"text-align: center;\" class=\"def\"><span style=\"font-size: 14pt;\" class=\"def\">Garnek z pokrywk\u0105 <strong data-start=\"98\" data-end=\"136\" class=\"def\">BerlingerHaus Sahara Marble \u00d824 cm<\/strong> to po\u0142\u0105czenie funkcjonalno\u015bci i nowoczesnego designu, kt\u00f3re idealnie sprawdzi si\u0119 w ka\u017cdej kuchni. Wykonany z trwa\u0142ego <strong data-start=\"256\" data-end=\"276\" class=\"def\">kutego aluminium<\/strong> i pokryty <strong data-start=\"287\" data-end=\"333\" class=\"def\">potr\u00f3jn\u0105 nieprzywieraj\u0105c\u0105 pow\u0142ok\u0105 titanPro<\/strong>, umo\u017cliwia zdrowe i wygodne gotowanie bez przypalania i przywierania.<\/span><\/p>\n<p data-start=\"405\" data-end=\"736\" style=\"text-align: center;\" class=\"def\"><span style=\"font-size: 14pt;\" class=\"def\">Z pojemno\u015bci\u0105 <strong data-start=\"419\" data-end=\"432\" class=\"def\">4,3 litra<\/strong> i wymiarami \u00d824 x 12,5 cm, garnek jest idealny do przygotowywania wi\u0119kszych porcji zup, gulaszy, da\u0144 jednogarnkowych i wielu innych potraw. <strong data-start=\"573\" data-end=\"623\" class=\"def\">Matowe wyko\u0144czenie w kolorze kremowego marmuru<\/strong> oraz <strong data-start=\"629\" data-end=\"659\" class=\"def\">minimalistyczna stylistyka<\/strong> dodaj\u0105 mu elegancji i sprawiaj\u0105, \u017ce b\u0119dzie ozdob\u0105 ka\u017cdej nowoczesnej kuchni.<\/span><\/p>\n<p data-start=\"405\" data-end=\"736\" style=\"text-align: center;\" class=\"def\"><span style=\"font-size: 14pt;\" class=\"def\"><img fetchpriority=\"high\" decoding=\"async\" src=\"https:\/\/berlingerhaus.com.pl\/images\/tn107\/5000-6000\/Garnek-z-pokrywka-24-cm-BerlingerHaus-Sahara-Marble-BH-8396_[5936]_696.jpg\" width=\"696\" height=\"696\" alt=\"\" class=\"def\"><\/span><\/p>\n<h2 style=\"text-align: center;\" class=\"def\"><span style=\"font-size: 18pt;\" class=\"def\"><strong data-start=\"1420\" data-end=\"1439\" class=\"def\"><strong class=\"def\">Cechy produktu:<\/strong><\/strong><\/span><\/h2>\n<p style=\"text-align: center;\" class=\"def\"><span style=\"font-size: 14pt;\" class=\"def\"><strong class=\"def\">\u015arednica:<\/strong> \u00d824 cm | Wysoko\u015b\u0107: 12,5 cm | Pojemno\u015b\u0107: 4,3 L<\/span><\/p>\n<p style=\"text-align: center;\" class=\"def\"><span style=\"font-size: 14pt;\" class=\"def\"><strong class=\"def\">Materia\u0142: <\/strong>kute aluminium z 3-warstwow\u0105 pow\u0142ok\u0105 titanPro<\/span><\/p>\n<p style=\"text-align: center;\" class=\"def\"><span style=\"font-size: 14pt;\" class=\"def\"><strong class=\"def\">Kolor: <\/strong>matowy krem z marmurowym efektem<\/span><\/p>\n<p style=\"text-align: center;\" class=\"def\"><span style=\"font-size: 14pt;\" class=\"def\"><strong class=\"def\">Pokrywka:<\/strong> szk\u0142o hartowane z silikonow\u0105 uszczelk\u0105 soft close i otworem parowym<\/span><\/p>\n<p style=\"text-align: center;\" class=\"def\"><span style=\"font-size: 14pt;\" class=\"def\">Uchwyty i pokr\u0119t\u0142o: soft touch, ergonomiczne, ch\u0142odne w dotyku, z marmurowym wyko\u0144czeniem i srebrn\u0105 wstawk\u0105<\/span><\/p>\n<p style=\"text-align: center;\" class=\"def\"><span style=\"font-size: 14pt;\" class=\"def\"><strong class=\"def\">Dno:<\/strong> turbo indukcja \u2013 szybkie i energooszcz\u0119dne nagrzewanie<\/span><\/p>\n<p style=\"text-align: center;\" class=\"def\"><span style=\"font-size: 14pt;\" class=\"def\"><strong class=\"def\">Styl: <\/strong>nowoczesny i minimalistyczny<\/span><\/p>\n<p style=\"text-align: center;\" class=\"def\"><span style=\"font-size: 14pt;\" class=\"def\">Kompatybilny ze wszystkimi typami kuchenek, r\u00f3wnie\u017c indukcyjnymi<\/span><\/p>\n<p style=\"text-align: center;\" class=\"def\"><span style=\"font-size: 14pt;\" class=\"def\"><strong class=\"def\">ECO-friendly:<\/strong> wolny od PFOA, o\u0142owiu i kadmu<\/span><\/p>\n<p style=\"text-align: center;\" class=\"def\"><span style=\"font-size: 14pt;\" class=\"def\">\u0141atwy w utrzymaniu czysto\u015bci<\/span><\/p>\n<p style=\"text-align: center;\" class=\"def\"><span style=\"font-size: 14pt;\" class=\"def\"><img decoding=\"async\" src=\"https:\/\/berlingerhaus.com.pl\/images\/tn107\/5000-6000\/Garnek-z-pokrywka-24-cm-BerlingerHaus-Sahara-Marble-BH-8396_[5937]_696.jpg\" width=\"696\" height=\"696\" alt=\"\" class=\"def\"><\/span><\/p>\n","protected":false},"excerpt":{"rendered":"<p>\u015arednica: \u00d824 cm | Wysoko\u015b\u0107: 12,5 cm | Pojemno\u015b\u0107: 4,3 L<br \/>\nMateria\u0142: kute aluminium z 3-warstwow\u0105 pow\u0142ok\u0105 titanPro<br \/>\nKolor: matowy krem z marmurowym efektem<\/p>\n","protected":false},"featured_media":0,"comment_status":"open","ping_status":"closed","template":"","meta":{"ocean_post_layout":"","ocean_both_sidebars_style":"","ocean_both_sidebars_content_width":0,"ocean_both_sidebars_sidebars_width":0,"ocean_sidebar":"","ocean_second_sidebar":"","ocean_disable_margins":"enable","ocean_add_body_class":"","ocean_shortcode_before_top_bar":"","ocean_shortcode_after_top_bar":"","ocean_shortcode_before_header":"","ocean_shortcode_after_header":"","ocean_has_shortcode":"","ocean_shortcode_after_title":"","ocean_shortcode_before_footer_widgets":"","ocean_shortcode_after_footer_widgets":"","ocean_shortcode_before_footer_bottom":"","ocean_shortcode_after_footer_bottom":"","ocean_display_top_bar":"default","ocean_display_header":"default","ocean_header_style":"","ocean_center_header_left_menu":"","ocean_custom_header_template":"","ocean_custom_logo":0,"ocean_custom_retina_logo":0,"ocean_custom_logo_max_width":0,"ocean_custom_logo_tablet_max_width":0,"ocean_custom_logo_mobile_max_width":0,"ocean_custom_logo_max_height":0,"ocean_custom_logo_tablet_max_height":0,"ocean_custom_logo_mobile_max_height":0,"ocean_header_custom_menu":"","ocean_menu_typo_font_family":"","ocean_menu_typo_font_subset":"","ocean_menu_typo_font_size":0,"ocean_menu_typo_font_size_tablet":0,"ocean_menu_typo_font_size_mobile":0,"ocean_menu_typo_font_size_unit":"px","ocean_menu_typo_font_weight":"","ocean_menu_typo_font_weight_tablet":"","ocean_menu_typo_font_weight_mobile":"","ocean_menu_typo_transform":"","ocean_menu_typo_transform_tablet":"","ocean_menu_typo_transform_mobile":"","ocean_menu_typo_line_height":0,"ocean_menu_typo_line_height_tablet":0,"ocean_menu_typo_line_height_mobile":0,"ocean_menu_typo_line_height_unit":"","ocean_menu_typo_spacing":0,"ocean_menu_typo_spacing_tablet":0,"ocean_menu_typo_spacing_mobile":0,"ocean_menu_typo_spacing_unit":"","ocean_menu_link_color":"","ocean_menu_link_color_hover":"","ocean_menu_link_color_active":"","ocean_menu_link_background":"","ocean_menu_link_hover_background":"","ocean_menu_link_active_background":"","ocean_menu_social_links_bg":"","ocean_menu_social_hover_links_bg":"","ocean_menu_social_links_color":"","ocean_menu_social_hover_links_color":"","ocean_disable_title":"default","ocean_disable_heading":"default","ocean_post_title":"","ocean_post_subheading":"","ocean_post_title_style":"","ocean_post_title_background_color":"","ocean_post_title_background":0,"ocean_post_title_bg_image_position":"","ocean_post_title_bg_image_attachment":"","ocean_post_title_bg_image_repeat":"","ocean_post_title_bg_image_size":"","ocean_post_title_height":0,"ocean_post_title_bg_overlay":0.5,"ocean_post_title_bg_overlay_color":"","ocean_disable_breadcrumbs":"default","ocean_breadcrumbs_color":"","ocean_breadcrumbs_separator_color":"","ocean_breadcrumbs_links_color":"","ocean_breadcrumbs_links_hover_color":"","ocean_display_footer_widgets":"default","ocean_display_footer_bottom":"default","ocean_custom_footer_template":""},"product_brand":[],"product_cat":[15],"product_tag":[3962,3898,3897,4094],"class_list":{"0":"post-6514","1":"product","2":"type-product","3":"status-publish","5":"product_cat-wszystkie-produkty","6":"product_tag-3962","7":"product_tag-3898","8":"product_tag-berlinger-haus","9":"product_tag-bh-8396","11":"entry","13":"first","14":"outofstock","15":"shipping-taxable","16":"product-type-simple","17":"has-product-nav","18":"col","19":"span_1_of_4","20":"owp-content-center","21":"owp-thumbs-layout-horizontal","22":"owp-btn-normal","23":"owp-tabs-layout-horizontal","24":"has-no-thumbnails"},"jetpack_sharing_enabled":true,"_links":{"self":[{"href":"https:\/\/domigoo.pl\/index.php\/wp-json\/wp\/v2\/product\/6514","targetHints":{"allow":["GET"]}}],"collection":[{"href":"https:\/\/domigoo.pl\/index.php\/wp-json\/wp\/v2\/product"}],"about":[{"href":"https:\/\/domigoo.pl\/index.php\/wp-json\/wp\/v2\/types\/product"}],"replies":[{"embeddable":true,"href":"https:\/\/domigoo.pl\/index.php\/wp-json\/wp\/v2\/comments?post=6514"}],"wp:attachment":[{"href":"https:\/\/domigoo.pl\/index.php\/wp-json\/wp\/v2\/media?parent=6514"}],"wp:term":[{"taxonomy":"product_brand","embeddable":true,"href":"https:\/\/domigoo.pl\/index.php\/wp-json\/wp\/v2\/product_brand?post=6514"},{"taxonomy":"product_cat","embeddable":true,"href":"https:\/\/domigoo.pl\/index.php\/wp-json\/wp\/v2\/product_cat?post=6514"},{"taxonomy":"product_tag","embeddable":true,"href":"https:\/\/domigoo.pl\/index.php\/wp-json\/wp\/v2\/product_tag?post=6514"}],"curies":[{"name":"wp","href":"https:\/\/api.w.org\/{rel}","templated":true}]}}