{"id":6528,"date":"2025-09-12T10:19:47","date_gmt":"2025-09-12T08:19:47","guid":{"rendered":"https:\/\/domigoo.pl\/index.php\/produkt\/garnek-z-pokrywka-28-cm-matte-green-collection-berlingerhaus-bh-8202\/"},"modified":"2026-04-13T13:30:01","modified_gmt":"2026-04-13T11:30:01","slug":"garnek-z-pokrywka-28-cm-matte-green-collection-berlingerhaus-bh-8202","status":"publish","type":"product","link":"https:\/\/domigoo.pl\/index.php\/produkt\/garnek-z-pokrywka-28-cm-matte-green-collection-berlingerhaus-bh-8202\/","title":{"rendered":"Garnek z pokrywk\u0105 28 cm Matte Green Collection BerlingerHaus BH-8202"},"content":{"rendered":"<h2 style=\"text-align: center;\" class=\"def\"><span style=\"font-size: 24pt;\" class=\"def\">Garnek z pokrywk\u0105 28 cm Matte Green Collection<\/span><\/h2>\n<h2 style=\"text-align: center;\" class=\"def\"><span style=\"font-size: 24pt;\" class=\"def\">&nbsp;BerlingerHaus BH-8202<\/span><\/h2>\n<p class=\"def\"><img fetchpriority=\"high\" decoding=\"async\" src=\"https:\/\/berlingerhaus.com.pl\/images\/tn107\/5000-6000\/Garnek-z-pokrywka-28-cm-Matte-Green-Collection-BerlingerHaus-BH-8202_[5591]_696.jpg\" alt=\"\" style=\"display: block; margin-left: auto; margin-right: auto;\" width=\"602\" height=\"602\" class=\"def\"><\/p>\n<p style=\"text-align: center;\" class=\"def\">\n<p style=\"text-align: center;\" class=\"def\"><span style=\"font-size: 18pt;\" class=\"def\">Garnek 28 cm z kolekcji Matte Green to eleganckie, funkcjonalne naczynie, kt\u00f3re zaspokoi potrzeby nawet najbardziej wymagaj\u0105cych kucharzy.<\/span><\/p>\n<p style=\"text-align: center;\" class=\"def\"><span style=\"font-size: 18pt;\" class=\"def\">&nbsp;Wykonany z kutego aluminium, charakteryzuje si\u0119 doskona\u0142\u0105 przewodno\u015bci\u0105 ciepln\u0105, zapewniaj\u0105c r\u00f3wnomierne gotowanie potraw. <\/span><\/p>\n<p style=\"text-align: center;\" class=\"def\"><span style=\"font-size: 18pt;\" class=\"def\">Wyj\u0105tkowa, potr\u00f3jna pow\u0142oka nieprzywieraj\u0105ca TitanPro zapewnia zdrowe gotowanie z minimalnym u\u017cyciem t\u0142uszczu, a tak\u017ce sprawia, \u017ce garnek jest niezwykle \u0142atwy do czyszczenia.<\/span><\/p>\n<p style=\"text-align: center;\" class=\"def\"><span style=\"font-size: 18pt;\" class=\"def\"><img decoding=\"async\" src=\"https:\/\/berlingerhaus.com.pl\/images\/tn107\/4000-5000\/Garnek-z-pokrywka-28-cm-Matte-Green-Collection-BerlingerHaus-BH-8202_[4820]_696.jpg\" width=\"621\" height=\"621\" alt=\"\" style=\"float: left;\" class=\"def\"><\/span><\/p>\n<p style=\"text-align: center;\" class=\"def\"><span style=\"font-size: 18pt;\" class=\"def\">Garnek wyposa\u017cony jest w pokrywk\u0119 z hartowanego szk\u0142a, kt\u00f3rej silikonowa uszczelka odporna na wysokie temperatury i system mi\u0119kkiego zamykania zapewniaj\u0105 wygod\u0119 u\u017cytkowania.<\/span><\/p>\n<p style=\"text-align: center;\" class=\"def\"><span style=\"font-size: 18pt;\" class=\"def\">&nbsp;Dodatkowo, otw\u00f3r parowy i funkcja strainer lid umo\u017cliwiaj\u0105 \u0142atwe odcedzanie potraw, co zwi\u0119ksza komfort gotowania.<\/span><\/p>\n<p style=\"text-align: center;\" class=\"def\"><span style=\"font-size: 18pt;\" class=\"def\">&nbsp;Ergonomiczne uchwyty i pokr\u0119t\u0142o z mi\u0119kkiego w dotyku materia\u0142u pozostaj\u0105 ch\u0142odne, zapewniaj\u0105c pe\u0142n\u0105 kontrol\u0119 i bezpiecze\u0144stwo podczas u\u017cytkowania.<\/span><\/p>\n<p style=\"text-align: center;\" class=\"def\"><span style=\"font-size: 18pt;\" class=\"def\"><img decoding=\"async\" src=\"https:\/\/berlingerhaus.com.pl\/images\/tn107\/4000-5000\/Garnek-z-pokrywka-28-cm-Matte-Green-Collection-BerlingerHaus-BH-8202_[4818]_696.jpg\" width=\"593\" height=\"593\" alt=\"\" class=\"def\"><img loading=\"lazy\" decoding=\"async\" src=\"https:\/\/berlingerhaus.com.pl\/images\/tn107\/4000-5000\/Garnek-z-pokrywka-28-cm-Matte-Green-Collection-BerlingerHaus-BH-8202_[4819]_696.jpg\" width=\"546\" height=\"546\" alt=\"\" class=\"def\"><\/span><\/p>\n<p style=\"text-align: center;\" class=\"def\"><span style=\"font-size: 18pt;\" class=\"def\"><\/span><\/p>\n<p style=\"text-align: center;\" class=\"def\"><span style=\"font-size: 24pt;\" class=\"def\"><strong class=\"def\">Kluczowe cechy produktu:<\/strong><\/span><\/p>\n<p style=\"text-align: center;\" class=\"def\"><span style=\"font-size: 14pt;\" class=\"def\"><strong class=\"def\">Materia\u0142<\/strong>: Kute aluminium z potr\u00f3jn\u0105 pow\u0142ok\u0105 TitanPro<\/span><\/p>\n<p style=\"text-align: center;\" class=\"def\"><span style=\"font-size: 14pt;\" class=\"def\"><strong class=\"def\">Wymiary<\/strong>: \u00d828 cm, g\u0142\u0119boko\u015b\u0107 12,4 cm, pojemno\u015b\u0107 6,1 L<\/span><\/p>\n<p style=\"text-align: center;\" class=\"def\"><span style=\"font-size: 14pt;\" class=\"def\"><strong class=\"def\">Kolor<\/strong>: Elegancki matowy zielony<\/span><\/p>\n<p style=\"text-align: center;\" class=\"def\"><span style=\"font-size: 14pt;\" class=\"def\"><strong class=\"def\">Pow\u0142oka<\/strong>: 3-warstwowa, trwa\u0142a pow\u0142oka TitanPro zapewniaj\u0105ca odporno\u015b\u0107 na przywieranie<\/span><\/p>\n<p style=\"text-align: center;\" class=\"def\"><span style=\"font-size: 14pt;\" class=\"def\"><strong class=\"def\">Pokrywka<\/strong>: Hartowane szk\u0142o z silikonow\u0105 uszczelk\u0105 odporn\u0105 na ciep\u0142o oraz otworem parowym i funkcj\u0105 strainer lid<\/span><\/p>\n<p style=\"text-align: center;\" class=\"def\"><span style=\"font-size: 14pt;\" class=\"def\"><strong class=\"def\">Uchwyty<\/strong>: Ergonomiczne, mi\u0119kkie w dotyku, ch\u0142odne podczas u\u017cytkowania<\/span><\/p>\n<p style=\"text-align: center;\" class=\"def\"><span style=\"font-size: 14pt;\" class=\"def\"><strong class=\"def\">Styl<\/strong>: Minimalistyczny, matowe wyko\u0144czenie w odcieniu zieleni<\/span><\/p>\n<p style=\"text-align: center;\" class=\"def\"><span style=\"font-size: 14pt;\" class=\"def\"><strong class=\"def\">Technologia<\/strong>: Turbo indukcja dla szybkiego i efektywnego rozprowadzania ciep\u0142a<\/span><\/p>\n<p style=\"text-align: center;\" class=\"def\"><span style=\"font-size: 14pt;\" class=\"def\"><strong class=\"def\">Kompatybilno\u015b\u0107<\/strong>: Nadaje si\u0119 do wszystkich typ\u00f3w p\u0142yt grzewczych, w tym indukcyjnych<\/span><\/p>\n<p style=\"text-align: center;\" class=\"def\"><span style=\"font-size: 14pt;\" class=\"def\"><strong class=\"def\">Ekologiczno\u015b\u0107<\/strong>: Wolny od PFOA, o\u0142owiu i kadmu<\/span><\/p>\n<p style=\"text-align: center;\" class=\"def\"><span style=\"font-size: 14pt;\" class=\"def\"><strong class=\"def\">\u0141atwe czyszczenie<\/strong>: Prosta w utrzymaniu w czysto\u015bc<\/span>i<\/p>\n","protected":false},"excerpt":{"rendered":"<p>Materia\u0142: Kute aluminium z potr\u00f3jn\u0105 pow\u0142ok\u0105 TitanPro<br \/>\nWymiary: \u00d828 cm, g\u0142\u0119boko\u015b\u0107 12,4 cm, pojemno\u015b\u0107 6,1 L<br \/>\nKolor: Elegancki matowy zielony<\/p>\n","protected":false},"featured_media":0,"comment_status":"open","ping_status":"closed","template":"","meta":{"ocean_post_layout":"","ocean_both_sidebars_style":"","ocean_both_sidebars_content_width":0,"ocean_both_sidebars_sidebars_width":0,"ocean_sidebar":"","ocean_second_sidebar":"","ocean_disable_margins":"enable","ocean_add_body_class":"","ocean_shortcode_before_top_bar":"","ocean_shortcode_after_top_bar":"","ocean_shortcode_before_header":"","ocean_shortcode_after_header":"","ocean_has_shortcode":"","ocean_shortcode_after_title":"","ocean_shortcode_before_footer_widgets":"","ocean_shortcode_after_footer_widgets":"","ocean_shortcode_before_footer_bottom":"","ocean_shortcode_after_footer_bottom":"","ocean_display_top_bar":"default","ocean_display_header":"default","ocean_header_style":"","ocean_center_header_left_menu":"","ocean_custom_header_template":"","ocean_custom_logo":0,"ocean_custom_retina_logo":0,"ocean_custom_logo_max_width":0,"ocean_custom_logo_tablet_max_width":0,"ocean_custom_logo_mobile_max_width":0,"ocean_custom_logo_max_height":0,"ocean_custom_logo_tablet_max_height":0,"ocean_custom_logo_mobile_max_height":0,"ocean_header_custom_menu":"","ocean_menu_typo_font_family":"","ocean_menu_typo_font_subset":"","ocean_menu_typo_font_size":0,"ocean_menu_typo_font_size_tablet":0,"ocean_menu_typo_font_size_mobile":0,"ocean_menu_typo_font_size_unit":"px","ocean_menu_typo_font_weight":"","ocean_menu_typo_font_weight_tablet":"","ocean_menu_typo_font_weight_mobile":"","ocean_menu_typo_transform":"","ocean_menu_typo_transform_tablet":"","ocean_menu_typo_transform_mobile":"","ocean_menu_typo_line_height":0,"ocean_menu_typo_line_height_tablet":0,"ocean_menu_typo_line_height_mobile":0,"ocean_menu_typo_line_height_unit":"","ocean_menu_typo_spacing":0,"ocean_menu_typo_spacing_tablet":0,"ocean_menu_typo_spacing_mobile":0,"ocean_menu_typo_spacing_unit":"","ocean_menu_link_color":"","ocean_menu_link_color_hover":"","ocean_menu_link_color_active":"","ocean_menu_link_background":"","ocean_menu_link_hover_background":"","ocean_menu_link_active_background":"","ocean_menu_social_links_bg":"","ocean_menu_social_hover_links_bg":"","ocean_menu_social_links_color":"","ocean_menu_social_hover_links_color":"","ocean_disable_title":"default","ocean_disable_heading":"default","ocean_post_title":"","ocean_post_subheading":"","ocean_post_title_style":"","ocean_post_title_background_color":"","ocean_post_title_background":0,"ocean_post_title_bg_image_position":"","ocean_post_title_bg_image_attachment":"","ocean_post_title_bg_image_repeat":"","ocean_post_title_bg_image_size":"","ocean_post_title_height":0,"ocean_post_title_bg_overlay":0.5,"ocean_post_title_bg_overlay_color":"","ocean_disable_breadcrumbs":"default","ocean_breadcrumbs_color":"","ocean_breadcrumbs_separator_color":"","ocean_breadcrumbs_links_color":"","ocean_breadcrumbs_links_hover_color":"","ocean_display_footer_widgets":"default","ocean_display_footer_bottom":"default","ocean_custom_footer_template":""},"product_brand":[],"product_cat":[15],"product_tag":[3962,3898,3897,4108],"class_list":{"0":"post-6528","1":"product","2":"type-product","3":"status-publish","5":"product_cat-wszystkie-produkty","6":"product_tag-3962","7":"product_tag-3898","8":"product_tag-berlinger-haus","9":"product_tag-bh-8202","11":"entry","13":"first","14":"instock","15":"shipping-taxable","16":"product-type-simple","17":"has-product-nav","18":"col","19":"span_1_of_4","20":"owp-content-center","21":"owp-thumbs-layout-horizontal","22":"owp-btn-normal","23":"owp-tabs-layout-horizontal","24":"has-no-thumbnails"},"jetpack_sharing_enabled":true,"_links":{"self":[{"href":"https:\/\/domigoo.pl\/index.php\/wp-json\/wp\/v2\/product\/6528","targetHints":{"allow":["GET"]}}],"collection":[{"href":"https:\/\/domigoo.pl\/index.php\/wp-json\/wp\/v2\/product"}],"about":[{"href":"https:\/\/domigoo.pl\/index.php\/wp-json\/wp\/v2\/types\/product"}],"replies":[{"embeddable":true,"href":"https:\/\/domigoo.pl\/index.php\/wp-json\/wp\/v2\/comments?post=6528"}],"wp:attachment":[{"href":"https:\/\/domigoo.pl\/index.php\/wp-json\/wp\/v2\/media?parent=6528"}],"wp:term":[{"taxonomy":"product_brand","embeddable":true,"href":"https:\/\/domigoo.pl\/index.php\/wp-json\/wp\/v2\/product_brand?post=6528"},{"taxonomy":"product_cat","embeddable":true,"href":"https:\/\/domigoo.pl\/index.php\/wp-json\/wp\/v2\/product_cat?post=6528"},{"taxonomy":"product_tag","embeddable":true,"href":"https:\/\/domigoo.pl\/index.php\/wp-json\/wp\/v2\/product_tag?post=6528"}],"curies":[{"name":"wp","href":"https:\/\/api.w.org\/{rel}","templated":true}]}}