{"id":6534,"date":"2025-09-12T10:19:47","date_gmt":"2025-09-12T08:19:47","guid":{"rendered":"https:\/\/domigoo.pl\/index.php\/produkt\/garnek-z-pokrywka-28cm-berlingerhaus-bh-8359-black-rose\/"},"modified":"2026-04-13T13:30:03","modified_gmt":"2026-04-13T11:30:03","slug":"garnek-z-pokrywka-28cm-berlingerhaus-bh-8359-black-rose","status":"publish","type":"product","link":"https:\/\/domigoo.pl\/index.php\/produkt\/garnek-z-pokrywka-28cm-berlingerhaus-bh-8359-black-rose\/","title":{"rendered":"Garnek z pokrywk\u0105 28cm BerlingerHaus BH-8359 Black Rose"},"content":{"rendered":"<h1 style=\"text-align: center;\" class=\"def\"><strong class=\"def\">Garnek z pokrywk\u0105 28cm BerlingerHaus <\/strong><\/h1>\n<h1 style=\"text-align: center;\" class=\"def\"><strong class=\"def\">BH-8359 Black Rose<\/strong><\/h1>\n<hr class=\"def\">\n<p style=\"text-align: center;\" class=\"def\"><span style=\"font-size: 14pt;\" class=\"def\">Garnek <strong data-start=\"81\" data-end=\"114\" class=\"def\">Berlinger Haus BH-8359 <\/strong>&nbsp;to elegancka i funkcjonalna propozycja, kt\u00f3ra zadowoli ka\u017cdego, kto ceni nowoczesny design po\u0142\u0105czony z niezawodn\u0105 jako\u015bci\u0105. <\/span><\/p>\n<p style=\"text-align: center;\" class=\"def\"><span style=\"font-size: 14pt;\" class=\"def\">Wyj\u0105tkowa&nbsp;<strong data-start=\"249\" data-end=\"269\" class=\"def\">pow\u0142oka TitanPro<\/strong> oraz <strong data-start=\"275\" data-end=\"321\" class=\"def\">szklana pokrywka z systemem soft-close<\/strong> to tylko niekt\u00f3re z atut\u00f3w tego garnka.<\/span><\/p>\n<p style=\"text-align: center;\" class=\"def\"><span style=\"font-size: 14pt;\" class=\"def\">&nbsp;Idealny do codziennego gotowania na wszystkich typach kuchenek.<\/span><\/p>\n<p style=\"text-align: center;\" class=\"def\"><span style=\"font-size: 14pt;\" class=\"def\"><img fetchpriority=\"high\" decoding=\"async\" src=\"https:\/\/berlingerhaus.com.pl\/images\/tn107\/6000-7000\/Garnek-z-pokrywka-28cm-BerlingerHaus-BH-8359-Black-Rose_[6110]_696.jpg\" width=\"575\" height=\"575\" alt=\"\" style=\"float: left;\" class=\"def\"><\/span><\/p>\n<h2 style=\"text-align: center;\" class=\"def\"><span style=\"font-size: 18pt;\" class=\"def\"><strong class=\"def\">Cechy produktu<\/strong><\/span><\/h2>\n<p style=\"text-align: center;\" class=\"def\"><span style=\"font-size: 14pt;\" class=\"def\">Materia\u0142:&nbsp;<b class=\"def\">Odlewne aluminium<\/b><\/span><\/p>\n<p style=\"text-align: center;\" class=\"def\"><span style=\"font-size: 14pt;\" class=\"def\">Pow\u0142oka:&nbsp;<b class=\"def\">3-warstwowa, nieprzywieraj\u0105ca titanPro<\/b><\/span><\/p>\n<p style=\"text-align: center;\" class=\"def\"><span style=\"font-size: 14pt;\" class=\"def\">\u015arednica: \u00d828<\/span><\/p>\n<p style=\"text-align: center;\" class=\"def\"><span style=\"font-size: 14pt;\" class=\"def\">Wysoko\u015b\u0107: 13 cm<\/span><\/p>\n<p style=\"text-align: center;\" class=\"def\"><span style=\"font-size: 14pt;\" class=\"def\">\u015arednica: 6,3L<\/span><\/p>\n<p style=\"text-align: center;\" class=\"def\"><span style=\"font-size: 14pt;\" class=\"def\"><b class=\"def\">Kolekcja: Black Rose<\/b><\/span><\/p>\n<p style=\"text-align: center;\" class=\"def\"><span style=\"font-size: 14pt;\" class=\"def\">Pokrywka:&nbsp;<b class=\"def\">Ze szk\u0142a hartowanego z systemem mi\u0119kkiego domykania, odpornym na wysok\u0105 temperatur\u0119 silikonem + otw\u00f3r na par\u0119<\/b><\/span><\/p>\n<p style=\"text-align: center;\" class=\"def\"><span style=\"font-size: 14pt;\" class=\"def\">Do wszystkich rodzaj\u00f3w kuchenek:<b class=\"def\">&nbsp;gazowej, elektrycznej, ceramicznej, halogenowej, indukcyjnej<\/b><\/span><\/p>\n<p style=\"text-align: center;\" class=\"def\"><span style=\"font-size: 14pt;\" class=\"def\">Eco-Friendly: <b class=\"def\">Brak PFOA, o\u0142owiu, kadmu<\/b><\/span><\/p>\n<p style=\"text-align: center;\" class=\"def\"><span style=\"font-size: 14pt;\" class=\"def\"><b class=\"def\">Uwaga! Nie zalecamy mycia w zmywarce.<\/b><\/span><\/p>\n<p style=\"text-align: center;\" class=\"def\"><span style=\"font-size: 14pt;\" class=\"def\"><b class=\"def\"><img decoding=\"async\" src=\"https:\/\/berlingerhaus.com.pl\/images\/tn107\/6000-7000\/Garnek-z-pokrywka-28cm-BerlingerHaus-BH-8359-Black-Rose_[6109]_696.jpg\" width=\"696\" height=\"696\" alt=\"\" class=\"def\"><\/b><\/span><\/p>\n","protected":false},"excerpt":{"rendered":"<p>Materia\u0142:\u00a0Odlewne aluminium<br \/>\nPow\u0142oka:\u00a03-warstwowa, nieprzywieraj\u0105ca titanPro<br \/>\n\u015arednica: \u00d828<br \/>\nWysoko\u015b\u0107: 13 cm<br \/>\n\u015arednica: 6,3L<\/p>\n","protected":false},"featured_media":0,"comment_status":"open","ping_status":"closed","template":"","meta":{"ocean_post_layout":"","ocean_both_sidebars_style":"","ocean_both_sidebars_content_width":0,"ocean_both_sidebars_sidebars_width":0,"ocean_sidebar":"","ocean_second_sidebar":"","ocean_disable_margins":"enable","ocean_add_body_class":"","ocean_shortcode_before_top_bar":"","ocean_shortcode_after_top_bar":"","ocean_shortcode_before_header":"","ocean_shortcode_after_header":"","ocean_has_shortcode":"","ocean_shortcode_after_title":"","ocean_shortcode_before_footer_widgets":"","ocean_shortcode_after_footer_widgets":"","ocean_shortcode_before_footer_bottom":"","ocean_shortcode_after_footer_bottom":"","ocean_display_top_bar":"default","ocean_display_header":"default","ocean_header_style":"","ocean_center_header_left_menu":"","ocean_custom_header_template":"","ocean_custom_logo":0,"ocean_custom_retina_logo":0,"ocean_custom_logo_max_width":0,"ocean_custom_logo_tablet_max_width":0,"ocean_custom_logo_mobile_max_width":0,"ocean_custom_logo_max_height":0,"ocean_custom_logo_tablet_max_height":0,"ocean_custom_logo_mobile_max_height":0,"ocean_header_custom_menu":"","ocean_menu_typo_font_family":"","ocean_menu_typo_font_subset":"","ocean_menu_typo_font_size":0,"ocean_menu_typo_font_size_tablet":0,"ocean_menu_typo_font_size_mobile":0,"ocean_menu_typo_font_size_unit":"px","ocean_menu_typo_font_weight":"","ocean_menu_typo_font_weight_tablet":"","ocean_menu_typo_font_weight_mobile":"","ocean_menu_typo_transform":"","ocean_menu_typo_transform_tablet":"","ocean_menu_typo_transform_mobile":"","ocean_menu_typo_line_height":0,"ocean_menu_typo_line_height_tablet":0,"ocean_menu_typo_line_height_mobile":0,"ocean_menu_typo_line_height_unit":"","ocean_menu_typo_spacing":0,"ocean_menu_typo_spacing_tablet":0,"ocean_menu_typo_spacing_mobile":0,"ocean_menu_typo_spacing_unit":"","ocean_menu_link_color":"","ocean_menu_link_color_hover":"","ocean_menu_link_color_active":"","ocean_menu_link_background":"","ocean_menu_link_hover_background":"","ocean_menu_link_active_background":"","ocean_menu_social_links_bg":"","ocean_menu_social_hover_links_bg":"","ocean_menu_social_links_color":"","ocean_menu_social_hover_links_color":"","ocean_disable_title":"default","ocean_disable_heading":"default","ocean_post_title":"","ocean_post_subheading":"","ocean_post_title_style":"","ocean_post_title_background_color":"","ocean_post_title_background":0,"ocean_post_title_bg_image_position":"","ocean_post_title_bg_image_attachment":"","ocean_post_title_bg_image_repeat":"","ocean_post_title_bg_image_size":"","ocean_post_title_height":0,"ocean_post_title_bg_overlay":0.5,"ocean_post_title_bg_overlay_color":"","ocean_disable_breadcrumbs":"default","ocean_breadcrumbs_color":"","ocean_breadcrumbs_separator_color":"","ocean_breadcrumbs_links_color":"","ocean_breadcrumbs_links_hover_color":"","ocean_display_footer_widgets":"default","ocean_display_footer_bottom":"default","ocean_custom_footer_template":""},"product_brand":[],"product_cat":[15],"product_tag":[3962,3898,3897,4114],"class_list":{"0":"post-6534","1":"product","2":"type-product","3":"status-publish","5":"product_cat-wszystkie-produkty","6":"product_tag-3962","7":"product_tag-3898","8":"product_tag-berlinger-haus","9":"product_tag-bh-8359","11":"entry","13":"first","14":"instock","15":"shipping-taxable","16":"product-type-simple","17":"has-product-nav","18":"col","19":"span_1_of_4","20":"owp-content-center","21":"owp-thumbs-layout-horizontal","22":"owp-btn-normal","23":"owp-tabs-layout-horizontal","24":"has-no-thumbnails"},"jetpack_sharing_enabled":true,"_links":{"self":[{"href":"https:\/\/domigoo.pl\/index.php\/wp-json\/wp\/v2\/product\/6534","targetHints":{"allow":["GET"]}}],"collection":[{"href":"https:\/\/domigoo.pl\/index.php\/wp-json\/wp\/v2\/product"}],"about":[{"href":"https:\/\/domigoo.pl\/index.php\/wp-json\/wp\/v2\/types\/product"}],"replies":[{"embeddable":true,"href":"https:\/\/domigoo.pl\/index.php\/wp-json\/wp\/v2\/comments?post=6534"}],"wp:attachment":[{"href":"https:\/\/domigoo.pl\/index.php\/wp-json\/wp\/v2\/media?parent=6534"}],"wp:term":[{"taxonomy":"product_brand","embeddable":true,"href":"https:\/\/domigoo.pl\/index.php\/wp-json\/wp\/v2\/product_brand?post=6534"},{"taxonomy":"product_cat","embeddable":true,"href":"https:\/\/domigoo.pl\/index.php\/wp-json\/wp\/v2\/product_cat?post=6534"},{"taxonomy":"product_tag","embeddable":true,"href":"https:\/\/domigoo.pl\/index.php\/wp-json\/wp\/v2\/product_tag?post=6534"}],"curies":[{"name":"wp","href":"https:\/\/api.w.org\/{rel}","templated":true}]}}