{"id":6539,"date":"2025-09-12T10:27:30","date_gmt":"2025-09-12T08:27:30","guid":{"rendered":"https:\/\/domigoo.pl\/index.php\/produkt\/garnek-z-pokrywka-czerwony-65l-berlinger-haus-bh-1258\/"},"modified":"2025-12-28T11:46:03","modified_gmt":"2025-12-28T10:46:03","slug":"garnek-z-pokrywka-czerwony-65l-berlinger-haus-bh-1258","status":"publish","type":"product","link":"https:\/\/domigoo.pl\/index.php\/produkt\/garnek-z-pokrywka-czerwony-65l-berlinger-haus-bh-1258\/","title":{"rendered":"Garnek z pokrywk\u0105 czerwony 6,5L Berlinger Haus BH-1258"},"content":{"rendered":"<h2 style=\"text-align: center;\" class=\"def\">Garnek 6,1L z pokrywk\u0105&nbsp;<strong class=\"def\">\u00d8<\/strong>28cm w kolorze&nbsp;czerwonym<\/h2>\n<h3 style=\"text-align: center;\" class=\"def\">Berlinger Haus BH-1258 Burgundy Metallic Line&nbsp;<\/h3>\n<p style=\"text-align: center;\" class=\"def\"><img fetchpriority=\"high\" decoding=\"async\" src=\"https:\/\/berlingerhaus.com.pl\/images\/tn107\/2000-3000\/Garnek-z-pokrywka-czerwony-6-5L-Berlinger-Haus-BH-1258_[2091]_696.jpg\" width=\"660\" height=\"439\" alt=\"\" class=\"def\"><\/p>\n<p style=\"text-align: center;\" class=\"def\"><span style=\"text-decoration: underline;\" class=\"def\"><strong class=\"def\"><span style=\"font-size: 14pt;\" class=\"def\">Wysokiej jako\u015bci kute aluminium&nbsp;<\/span><\/strong><\/span><\/p>\n<p style=\"text-align: center;\" class=\"def\">&nbsp;<\/p>\n<p style=\"text-align: center;\" class=\"def\"><span style=\"text-decoration: underline;\" class=\"def\"><strong class=\"def\"><span style=\"font-size: 14pt;\" class=\"def\">Potr\u00f3jna pow\u0142oka marmurowa<\/span><\/strong><\/span><\/p>\n<p style=\"text-align: center;\" class=\"def\"><strong class=\"def\">Odporna<\/strong>&nbsp;na uszkodzenia&nbsp;mechaniczne oraz zadrapania.&nbsp;<\/p>\n<p style=\"text-align: center;\" class=\"def\">Pow\u0142oki wzmacniane cz\u0105steczkami marmuru nawet po zarysowaniu zachowuj\u0105 ci\u0105g\u0142o\u015b\u0107 nieprzywieraj\u0105cej powierzchni.<\/p>\n<p style=\"text-align: center;\" class=\"def\">&nbsp;<\/p>\n<p style=\"text-align: center;\" class=\"def\"><span style=\"text-decoration: underline;\" class=\"def\"><strong class=\"def\"><span style=\"font-size: 14pt;\" class=\"def\">System&nbsp;<em class=\"def\">TURBO INDUCTION<\/em><\/span><\/strong><\/span><\/p>\n<p style=\"text-align: center;\" class=\"def\">Dno ferromagnetyczne zapewniaj\u0105ce&nbsp;<strong class=\"def\">r\u00f3wnomierne<\/strong>&nbsp;i&nbsp;<strong class=\"def\">szybsze nagrzewanie<\/strong>.<\/p>\n<p style=\"text-align: center;\" class=\"def\">Oszcz\u0119dno\u015b\u0107 czasu i energii!<\/p>\n<p style=\"text-align: center;\" class=\"def\">&nbsp;<\/p>\n<p style=\"text-align: center;\" class=\"def\"><span style=\"text-decoration: underline;\" class=\"def\"><strong class=\"def\"><span style=\"font-size: 14pt;\" class=\"def\">Uchwyt&nbsp;<em class=\"def\">SOFT TOUCH<\/em><\/span><\/strong><\/span><\/p>\n<p style=\"text-align: center;\" class=\"def\">Garnek zaopatrzony jest w&nbsp;<strong class=\"def\">mi\u0119kki<\/strong>,&nbsp;<strong class=\"def\">ergonomiczny<\/strong>&nbsp;uchwyt, dzi\u0119ki kt\u00f3remu unikniemy poparze\u0144,<\/p>\n<p style=\"text-align: center;\" class=\"def\">a praca w kuchni stanie si\u0119 jeszcze przyjemniejsza.&nbsp;<\/p>\n<p style=\"text-align: center;\" class=\"def\">&nbsp;<\/p>\n<p style=\"text-align: center;\" class=\"def\"><strong class=\"def\"><span style=\"text-decoration: underline; font-size: 14pt;\" class=\"def\">Zastosowanie<\/span><\/strong><\/p>\n<p style=\"text-align: center;\" class=\"def\"><strong class=\"def\">Kuchenki ka\u017cdego typu<\/strong>&nbsp;&#8211; gazowe, indukcyjne, ceramiczne, elektryczne.<\/p>\n<p style=\"text-align: center;\" class=\"def\">&nbsp;<\/p>\n<p style=\"text-align: center;\" class=\"def\"><img decoding=\"async\" height=\"463\" width=\"695\" src=\"https:\/\/berlingerhaus.com.pl\/images\/tn107\/2000-3000\/Garnek-z-pokrywka-czerwony-6-5L-Berlinger-Haus-BH-1258_[2096]_695.jpg\" alt=\"image\" class=\"def\"><\/p>\n<p style=\"text-align: center;\" class=\"def\">&nbsp;<\/p>\n<p style=\"text-align: center;\" class=\"def\">Pow\u0142oka wewn\u0119trzna:<strong class=\"def\">&nbsp;Marmurowa<\/strong>&nbsp;<br class=\"def\"><br \/>\nPokrywka:<strong class=\"def\">&nbsp;Szk\u0142o hartowane&nbsp;<\/strong><br class=\"def\"><br \/>\nKolor:<strong class=\"def\">&nbsp;Czerwony<\/strong><br class=\"def\"><br \/>\nWymiary:&nbsp;<strong class=\"def\">\u00d828 x&nbsp;12,5 cm<\/strong>&nbsp;&nbsp;<br class=\"def\"><br \/>\nPojemno\u015b\u0107:&nbsp;<strong class=\"def\">6.1L&nbsp;<\/strong><br class=\"def\"><br \/>\nMo\u017cliwo\u015b\u0107 mycia w zmywarce:&nbsp;<strong class=\"def\">TAK&nbsp;(szczeg\u00f3\u0142y w instrukcji obs\u0142ugi)<\/strong><br class=\"def\"><br \/>\nZastosowanie:&nbsp;<strong class=\"def\">Kuchenki ka\u017cdego rodzaju &#8211; gazowe, indukcyjne, elektryczne, ceramiczne, halogenowe<\/strong><\/p>\n","protected":false},"excerpt":{"rendered":"<p>Garnek o pojemno\u015bci 6l z pow\u0142ok\u0105 tytanow\u0105 zapobiegaj\u0105c\u0105 przywieraniu. W zestawie ze szklan\u0105 pokrywk\u0105 o \u015brednicy 28cm. Naczynie mo\u017cna stosowa\u0107 na ka\u017cdym typie kuchenki. Garnek w kolorze burgundowym.<\/p>\n","protected":false},"featured_media":0,"comment_status":"open","ping_status":"closed","template":"","meta":{"ocean_post_layout":"","ocean_both_sidebars_style":"","ocean_both_sidebars_content_width":0,"ocean_both_sidebars_sidebars_width":0,"ocean_sidebar":"","ocean_second_sidebar":"","ocean_disable_margins":"enable","ocean_add_body_class":"","ocean_shortcode_before_top_bar":"","ocean_shortcode_after_top_bar":"","ocean_shortcode_before_header":"","ocean_shortcode_after_header":"","ocean_has_shortcode":"","ocean_shortcode_after_title":"","ocean_shortcode_before_footer_widgets":"","ocean_shortcode_after_footer_widgets":"","ocean_shortcode_before_footer_bottom":"","ocean_shortcode_after_footer_bottom":"","ocean_display_top_bar":"default","ocean_display_header":"default","ocean_header_style":"","ocean_center_header_left_menu":"","ocean_custom_header_template":"","ocean_custom_logo":0,"ocean_custom_retina_logo":0,"ocean_custom_logo_max_width":0,"ocean_custom_logo_tablet_max_width":0,"ocean_custom_logo_mobile_max_width":0,"ocean_custom_logo_max_height":0,"ocean_custom_logo_tablet_max_height":0,"ocean_custom_logo_mobile_max_height":0,"ocean_header_custom_menu":"","ocean_menu_typo_font_family":"","ocean_menu_typo_font_subset":"","ocean_menu_typo_font_size":0,"ocean_menu_typo_font_size_tablet":0,"ocean_menu_typo_font_size_mobile":0,"ocean_menu_typo_font_size_unit":"px","ocean_menu_typo_font_weight":"","ocean_menu_typo_font_weight_tablet":"","ocean_menu_typo_font_weight_mobile":"","ocean_menu_typo_transform":"","ocean_menu_typo_transform_tablet":"","ocean_menu_typo_transform_mobile":"","ocean_menu_typo_line_height":0,"ocean_menu_typo_line_height_tablet":0,"ocean_menu_typo_line_height_mobile":0,"ocean_menu_typo_line_height_unit":"","ocean_menu_typo_spacing":0,"ocean_menu_typo_spacing_tablet":0,"ocean_menu_typo_spacing_mobile":0,"ocean_menu_typo_spacing_unit":"","ocean_menu_link_color":"","ocean_menu_link_color_hover":"","ocean_menu_link_color_active":"","ocean_menu_link_background":"","ocean_menu_link_hover_background":"","ocean_menu_link_active_background":"","ocean_menu_social_links_bg":"","ocean_menu_social_hover_links_bg":"","ocean_menu_social_links_color":"","ocean_menu_social_hover_links_color":"","ocean_disable_title":"default","ocean_disable_heading":"default","ocean_post_title":"","ocean_post_subheading":"","ocean_post_title_style":"","ocean_post_title_background_color":"","ocean_post_title_background":0,"ocean_post_title_bg_image_position":"","ocean_post_title_bg_image_attachment":"","ocean_post_title_bg_image_repeat":"","ocean_post_title_bg_image_size":"","ocean_post_title_height":0,"ocean_post_title_bg_overlay":0.5,"ocean_post_title_bg_overlay_color":"","ocean_disable_breadcrumbs":"default","ocean_breadcrumbs_color":"","ocean_breadcrumbs_separator_color":"","ocean_breadcrumbs_links_color":"","ocean_breadcrumbs_links_hover_color":"","ocean_display_footer_widgets":"default","ocean_display_footer_bottom":"default","ocean_custom_footer_template":""},"product_brand":[],"product_cat":[15],"product_tag":[3896,3898,3897,4119],"class_list":{"0":"post-6539","1":"product","2":"type-product","3":"status-publish","5":"product_cat-wszystkie-produkty","6":"product_tag-3896","7":"product_tag-3898","8":"product_tag-berlinger-haus","9":"product_tag-bh-1258","11":"entry","13":"first","14":"instock","15":"shipping-taxable","16":"product-type-simple","17":"has-product-nav","18":"col","19":"span_1_of_4","20":"owp-content-center","21":"owp-thumbs-layout-horizontal","22":"owp-btn-normal","23":"owp-tabs-layout-horizontal","24":"has-no-thumbnails"},"jetpack_sharing_enabled":true,"_links":{"self":[{"href":"https:\/\/domigoo.pl\/index.php\/wp-json\/wp\/v2\/product\/6539","targetHints":{"allow":["GET"]}}],"collection":[{"href":"https:\/\/domigoo.pl\/index.php\/wp-json\/wp\/v2\/product"}],"about":[{"href":"https:\/\/domigoo.pl\/index.php\/wp-json\/wp\/v2\/types\/product"}],"replies":[{"embeddable":true,"href":"https:\/\/domigoo.pl\/index.php\/wp-json\/wp\/v2\/comments?post=6539"}],"wp:attachment":[{"href":"https:\/\/domigoo.pl\/index.php\/wp-json\/wp\/v2\/media?parent=6539"}],"wp:term":[{"taxonomy":"product_brand","embeddable":true,"href":"https:\/\/domigoo.pl\/index.php\/wp-json\/wp\/v2\/product_brand?post=6539"},{"taxonomy":"product_cat","embeddable":true,"href":"https:\/\/domigoo.pl\/index.php\/wp-json\/wp\/v2\/product_cat?post=6539"},{"taxonomy":"product_tag","embeddable":true,"href":"https:\/\/domigoo.pl\/index.php\/wp-json\/wp\/v2\/product_tag?post=6539"}],"curies":[{"name":"wp","href":"https:\/\/api.w.org\/{rel}","templated":true}]}}