{"id":6542,"date":"2025-09-12T10:27:31","date_gmt":"2025-09-12T08:27:31","guid":{"rendered":"https:\/\/domigoo.pl\/index.php\/produkt\/garnek-z-powloka-tytanowa-24-cm-berlinger-haus-bh-6576\/"},"modified":"2026-04-06T11:27:43","modified_gmt":"2026-04-06T09:27:43","slug":"garnek-z-powloka-tytanowa-24-cm-berlinger-haus-bh-6576","status":"publish","type":"product","link":"https:\/\/domigoo.pl\/index.php\/produkt\/garnek-z-powloka-tytanowa-24-cm-berlinger-haus-bh-6576\/","title":{"rendered":"Garnek z pow\u0142ok\u0105 tytanow\u0105 24 cm Berlinger Haus BH-6576"},"content":{"rendered":"<p style=\"text-align: center;\" class=\"def\"><span style=\"font-size: 18pt;\" class=\"def\"><strong class=\"def\">Garnek do gotowania makaronu <\/strong><\/span><\/p>\n<p style=\"text-align: center;\" class=\"def\"><span style=\"font-size: 18pt;\" class=\"def\"><strong class=\"def\">BERLINGER HAUS BH-6576<\/strong><\/span><\/p>\n<p style=\"text-align: center;\" class=\"def\"><span style=\"font-size: 18pt;\" class=\"def\">Primal Gloss Collection<\/span><\/p>\n<p style=\"text-align: center;\" class=\"def\"><img fetchpriority=\"high\" decoding=\"async\" src=\"https:\/\/berlingerhaus.com.pl\/images\/tn107\/2000-3000\/Garnek-z-powloka-tytanowa-24-cm-Berlinger-Haus-BH-6576_[2144]_696.jpg\" width=\"581\" height=\"443\" alt=\"\" class=\"def\">&nbsp;<\/p>\n<p style=\"line-height: 1.2em; font-size: 14px;\" class=\"def\">&nbsp;<\/p>\n<p style=\"text-align: center;\" class=\"def\"><span class=\"def\">G\u0142\u0119boki garnek z tytanow\u0105 powierzchni\u0105 w unikalnym wzornictwie kolekcji Primal Gloss. Zewn\u0119trzny kuty wygl\u0105d&nbsp;garnka z pewno\u015bci\u0105 przyci\u0105gnie spojrzenie wszystkich.<\/span><\/p>\n<p style=\"text-align: center;\" class=\"def\"><span class=\"def\">Kuta powierzchnia jest mocniejsza i bardziej odporna na uszkodzenia lub odkszta\u0142cenia, a do tego wygl\u0105da fantastycznie.<\/span><\/p>\n<p style=\"text-align: center;\" class=\"def\"><span class=\"def\">&nbsp;<\/span><\/p>\n<p style=\"text-align: center;\" class=\"def\"><span class=\"def\">Wewn\u0119trzna warstwa pokryta jest tr\u00f3jwarstwow\u0105, nieprzywieraj\u0105c\u0105 powierzchni\u0105 tytanow\u0105, kt\u00f3ra charakteryzuje si\u0119 doskona\u0142\u0105 trwa\u0142o\u015bci\u0105.&nbsp;<\/span><\/p>\n<p style=\"text-align: center;\" class=\"def\"><span class=\"def\">Przygotowane potrawy nie przypalaj\u0105 si\u0119 i dzi\u0119ki temu&nbsp;garnek jest \u0142atwy do czyszczenia.<\/span><\/p>\n<p style=\"text-align: center;\" class=\"def\"><span class=\"def\">Powierzchnia tytanu, podobnie jak inne u\u017cyte materia\u0142y, nie zawiera \u017cadnych szkodliwych substancji, wi\u0119c gotowanie jest ca\u0142kowicie zdrowe i higieniczne.<\/span><\/p>\n<p style=\"text-align: center;\" class=\"def\"><span class=\"def\">Wzmocnione dno indukcyjne Turbo wykonane ze stali nierdzewnej jest kompatybilne ze wszystkimi typami kuchenek, a tak\u017ce dzia\u0142a niezawodnie&nbsp;na indukcji.<\/span><\/p>\n<p style=\"text-align: center;\" class=\"def\"><span class=\"def\">Niew\u0105tpliw\u0105 zalet\u0105 s\u0105 r\u00f3wnie\u017c \u017caroodporne uchwyty, kt\u00f3re nie nagrzewaj\u0105 si\u0119 podczas gotowania i ca\u0142y czas pozostaj\u0105 zimne.<\/span><\/p>\n<p style=\"text-align: center;\" class=\"def\"><span class=\"def\">Garnek Primal Gloss nadaje si\u0119 do codziennego gotowania, duszenia i sma\u017cenia. Kszta\u0142t&nbsp;garnka jest idealny do serwowania gotowych posi\u0142k\u00f3w bezpo\u015brednio na stole.<\/span><\/p>\n<p style=\"text-align: center;\" class=\"def\">&nbsp;<\/p>\n<p style=\"text-align: center;\" class=\"def\"><strong class=\"def\"><span style=\"font-size: 12pt;\" class=\"def\">UWAGA! Mycie w zmywarce (nie stosuj\u0105c si\u0119 do zapis\u00f3w instrukcji obs\u0142ugi ) mo\u017ce spowodowa\u0107 uszkodzenia pow\u0142oki i odbarwi\u0107 uchwyty!<\/span><span style=\"font-size: 12pt;\" class=\"def\">&nbsp;<\/span><\/strong><\/p>\n<p style=\"text-align: center;\" class=\"def\"><strong class=\"def\">&nbsp;<\/strong><\/p>\n","protected":false},"excerpt":{"rendered":"<p>Garnek z wysokiej jako\u015bci kutego aluminium o \u015brednicy 24cm i pojemno\u015bci 2.3L. Wewn\u0119trzna pow\u0142oka tytanowa zapobiega przywieraniu oraz podnosi odporno\u015bc na uszkodzenia oraz zadrapania. Naczynie nadaje si\u0119 do u\u017cywania na wszelkiego typu kuchenkach w tym r\u00f3wnie\u017c na kuchniach indukcyjnych. Garnek w kolorze oliwkowym w zestawie z pokrywk\u0105 ze szk\u0142a hartowanego.<\/p>\n","protected":false},"featured_media":0,"comment_status":"open","ping_status":"closed","template":"","meta":{"ocean_post_layout":"","ocean_both_sidebars_style":"","ocean_both_sidebars_content_width":0,"ocean_both_sidebars_sidebars_width":0,"ocean_sidebar":"","ocean_second_sidebar":"","ocean_disable_margins":"enable","ocean_add_body_class":"","ocean_shortcode_before_top_bar":"","ocean_shortcode_after_top_bar":"","ocean_shortcode_before_header":"","ocean_shortcode_after_header":"","ocean_has_shortcode":"","ocean_shortcode_after_title":"","ocean_shortcode_before_footer_widgets":"","ocean_shortcode_after_footer_widgets":"","ocean_shortcode_before_footer_bottom":"","ocean_shortcode_after_footer_bottom":"","ocean_display_top_bar":"default","ocean_display_header":"default","ocean_header_style":"","ocean_center_header_left_menu":"","ocean_custom_header_template":"","ocean_custom_logo":0,"ocean_custom_retina_logo":0,"ocean_custom_logo_max_width":0,"ocean_custom_logo_tablet_max_width":0,"ocean_custom_logo_mobile_max_width":0,"ocean_custom_logo_max_height":0,"ocean_custom_logo_tablet_max_height":0,"ocean_custom_logo_mobile_max_height":0,"ocean_header_custom_menu":"","ocean_menu_typo_font_family":"","ocean_menu_typo_font_subset":"","ocean_menu_typo_font_size":0,"ocean_menu_typo_font_size_tablet":0,"ocean_menu_typo_font_size_mobile":0,"ocean_menu_typo_font_size_unit":"px","ocean_menu_typo_font_weight":"","ocean_menu_typo_font_weight_tablet":"","ocean_menu_typo_font_weight_mobile":"","ocean_menu_typo_transform":"","ocean_menu_typo_transform_tablet":"","ocean_menu_typo_transform_mobile":"","ocean_menu_typo_line_height":0,"ocean_menu_typo_line_height_tablet":0,"ocean_menu_typo_line_height_mobile":0,"ocean_menu_typo_line_height_unit":"","ocean_menu_typo_spacing":0,"ocean_menu_typo_spacing_tablet":0,"ocean_menu_typo_spacing_mobile":0,"ocean_menu_typo_spacing_unit":"","ocean_menu_link_color":"","ocean_menu_link_color_hover":"","ocean_menu_link_color_active":"","ocean_menu_link_background":"","ocean_menu_link_hover_background":"","ocean_menu_link_active_background":"","ocean_menu_social_links_bg":"","ocean_menu_social_hover_links_bg":"","ocean_menu_social_links_color":"","ocean_menu_social_hover_links_color":"","ocean_disable_title":"default","ocean_disable_heading":"default","ocean_post_title":"","ocean_post_subheading":"","ocean_post_title_style":"","ocean_post_title_background_color":"","ocean_post_title_background":0,"ocean_post_title_bg_image_position":"","ocean_post_title_bg_image_attachment":"","ocean_post_title_bg_image_repeat":"","ocean_post_title_bg_image_size":"","ocean_post_title_height":0,"ocean_post_title_bg_overlay":0.5,"ocean_post_title_bg_overlay_color":"","ocean_disable_breadcrumbs":"default","ocean_breadcrumbs_color":"","ocean_breadcrumbs_separator_color":"","ocean_breadcrumbs_links_color":"","ocean_breadcrumbs_links_hover_color":"","ocean_display_footer_widgets":"default","ocean_display_footer_bottom":"default","ocean_custom_footer_template":""},"product_brand":[],"product_cat":[15],"product_tag":[3962,3898,3897,4122],"class_list":{"0":"post-6542","1":"product","2":"type-product","3":"status-publish","5":"product_cat-wszystkie-produkty","6":"product_tag-3962","7":"product_tag-3898","8":"product_tag-berlinger-haus","9":"product_tag-bh-6576","11":"entry","13":"first","14":"instock","15":"shipping-taxable","16":"product-type-simple","17":"has-product-nav","18":"col","19":"span_1_of_4","20":"owp-content-center","21":"owp-thumbs-layout-horizontal","22":"owp-btn-normal","23":"owp-tabs-layout-horizontal","24":"has-no-thumbnails"},"jetpack_sharing_enabled":true,"_links":{"self":[{"href":"https:\/\/domigoo.pl\/index.php\/wp-json\/wp\/v2\/product\/6542","targetHints":{"allow":["GET"]}}],"collection":[{"href":"https:\/\/domigoo.pl\/index.php\/wp-json\/wp\/v2\/product"}],"about":[{"href":"https:\/\/domigoo.pl\/index.php\/wp-json\/wp\/v2\/types\/product"}],"replies":[{"embeddable":true,"href":"https:\/\/domigoo.pl\/index.php\/wp-json\/wp\/v2\/comments?post=6542"}],"wp:attachment":[{"href":"https:\/\/domigoo.pl\/index.php\/wp-json\/wp\/v2\/media?parent=6542"}],"wp:term":[{"taxonomy":"product_brand","embeddable":true,"href":"https:\/\/domigoo.pl\/index.php\/wp-json\/wp\/v2\/product_brand?post=6542"},{"taxonomy":"product_cat","embeddable":true,"href":"https:\/\/domigoo.pl\/index.php\/wp-json\/wp\/v2\/product_cat?post=6542"},{"taxonomy":"product_tag","embeddable":true,"href":"https:\/\/domigoo.pl\/index.php\/wp-json\/wp\/v2\/product_tag?post=6542"}],"curies":[{"name":"wp","href":"https:\/\/api.w.org\/{rel}","templated":true}]}}