{"id":6543,"date":"2025-09-12T10:27:31","date_gmt":"2025-09-12T08:27:31","guid":{"rendered":"https:\/\/domigoo.pl\/index.php\/produkt\/garnek-z-powloka-tytanowa-28cm-berlingerhaus-bh-7088-monaco-black-rose-collection\/"},"modified":"2025-12-14T08:47:53","modified_gmt":"2025-12-14T07:47:53","slug":"garnek-z-powloka-tytanowa-28cm-berlingerhaus-bh-7088-monaco-black-rose-collection","status":"publish","type":"product","link":"https:\/\/domigoo.pl\/index.php\/produkt\/garnek-z-powloka-tytanowa-28cm-berlingerhaus-bh-7088-monaco-black-rose-collection\/","title":{"rendered":"Garnek z pow\u0142ok\u0105 tytanow\u0105 28cm BerlingerHaus BH-7088 Monaco \/ Black Rose Collection"},"content":{"rendered":"<h1 style=\"text-align: center;\" class=\"def\"><strong class=\"def\">Garnek z pow\u0142ok\u0105 tytanow\u0105 28cm BerlingerHaus BH-7088<\/strong><\/h1>\n<h1 style=\"text-align: center;\" class=\"def\"><strong class=\"def\">&nbsp;Monaco \/ &nbsp;Black Rose Collection&nbsp;<\/strong><\/h1>\n<p class=\"def\"><strong class=\"def\"><\/strong><\/p>\n<p style=\"text-align: center;\" class=\"def\"><img fetchpriority=\"high\" decoding=\"async\" height=\"657\" width=\"657\" src=\"https:\/\/berlingerhaus.com.pl\/images\/tn107\/3000-4000\/Garnek-z-powloka-tytanowa-28cm-BerlingerHaus-Monaco-BH-7088_[3039]_400.jpg\" alt=\"image\" class=\"def\">&nbsp;<\/p>\n<p style=\"text-align: center;\" class=\"def\"><span style=\"font-family: verdana, geneva, sans-serif; font-size: 12pt;\" class=\"def\">Garnki, patelnie i akcesoria z serii MONACO TITAN COLLECTION firmy BERLINGER HAUS wykonane s\u0105 z wysokiej klasy aluminium pokrytego wewn\u0105trz pow\u0142ok\u0105 tytanow\u0105 o bardzo wysokim wsp\u00f3\u0142czynniku twardo\u015bci. Pow\u0142oka zewn\u0119trzna w kolorze czarnym matowym.<br class=\"def\"><br \/>\nTe atrakcyjne i modne naczynia wyposa\u017cone s\u0105 standardowo w uchwyty typu SOFT TOUCH (silikon handle) oraz szklane pokrywy z silikonowym rantem dla lepszej szczelno\u015bci.<br class=\"def\"><br \/>\nPrzystosowane do wszystkich rodzaj\u00f3w kuchenek: gazowa, elektryczna, ceramiczna, halogenowa, indukcyjna.<br class=\"def\"><br \/>\nSystem TURBO INDUCTION (bardzo szybko nagrzewaj\u0105 si\u0119) pozwala zaoszcz\u0119dzi\u0107 nawet 35% energii.<\/span><\/p>\n<p style=\"text-align: center;\" class=\"def\"><img decoding=\"async\" height=\"529\" width=\"529\" src=\"https:\/\/berlingerhaus.com.pl\/images\/tn107\/3000-4000\/Garnek-z-powloka-tytanowa-28cm-BerlingerHaus-Monaco-BH-7088_[3036]_400.jpg\" alt=\"image\" class=\"def\">&nbsp;<\/p>\n<p style=\"text-align: center;\" class=\"def\">&nbsp;<\/p>\n<p style=\"text-align: center;\" class=\"def\"><strong class=\"def\"><em class=\"def\"><span style=\"font-size: 14pt;\" class=\"def\">Specyfikacja:<\/span><\/em><\/strong><\/p>\n<p style=\"text-align: center;\" class=\"def\"><span class=\"def\">Potr\u00f3jna pow\u0142oka tytanowa nieprzywieraj\u0105ca w kolorze czarnym<br class=\"def\"><br \/>\n<\/span><span class=\"def\"><br class=\"def\"><br \/>\nWymiary: 28cm<br class=\"def\"><br \/>\n<br class=\"def\"><br \/>\nPojemno\u015b\u0107: 6,1L<\/span><\/p>\n<p style=\"text-align: center;\" class=\"def\"><span class=\"def\"><span class=\"def\">Materia\u0142: wysokiej jako\u015bci odlewane aluminium<\/span><span class=\"def\"><br class=\"def\"><br \/>\n<\/span><\/span><\/p>\n<p style=\"text-align: center;\" class=\"def\"><span class=\"def\">uchwyt soft touch<\/span><\/p>\n<p style=\"text-align: center;\" class=\"def\"><span class=\"def\">szklana pokrywa z silikonowym rantem<\/span><\/p>\n<p style=\"text-align: center;\" class=\"def\"><span class=\"def\">Zastosowanie do wszystkich rodzaj\u00f3w kuchenek gazowej, elektrycznej, ceramicznej, halogenowej, indukcyjnej<\/span><\/p>\n<p style=\"text-align: center;\" class=\"def\"><span class=\"def\">Kolor:&nbsp;<span class=\"def\"><span class=\"def\">czarny mat<\/span><\/span><\/span><\/p>\n<p style=\"text-align: center;\" class=\"def\"><span class=\"def\"><span class=\"def\"><span class=\"def\">\u0141atwy w czyszczeniu, nie zalecamy mycia w zmywarce, szczeg\u00f3\u0142owe instrukcje i zalecenia producenta odno\u015bnie czyszczenia zawarte w instrukcji obs\u0142ugi.&nbsp;<br class=\"def\"><br \/>\n<\/span><\/span><\/span><\/p>\n<p style=\"text-align: center;\" class=\"def\"><span class=\"def\"><span class=\"def\"><span class=\"def\"><\/span><\/span><\/span><\/p>\n<p style=\"text-align: center;\" class=\"def\"><span class=\"def\"><span class=\"def\"><span class=\"def\"><img decoding=\"async\" src=\"https:\/\/berlingerhaus.com.pl\/images\/tn107\/3000-4000\/Garnek-z-powloka-tytanowa-28cm-BerlingerHaus-Monaco-BH-7088_[3038]_696.jpg\" width=\"744\" height=\"495\" alt=\"\" class=\"def\"><\/span><\/span><\/span><\/p>\n<p style=\"text-align: center;\" class=\"def\"><span class=\"def\"><span class=\"def\"><span class=\"def\"><strong class=\"def\">UWAGA! Mycie w zmywarce mo\u017ce spowodowa\u0107 uszkodzenia pow\u0142oki i odbarwi\u0107 uchwyty!<\/strong><br class=\"def\"><br \/>\n<\/span><\/span><\/span><\/p>\n","protected":false},"excerpt":{"rendered":"<p>Potr\u00f3jna pow\u0142oka tytanowa nieprzywieraj\u0105ca w kolorze czarnym<br \/>\nMateria\u0142: wysokiej jako\u015bci odlewane aluminium<br \/>\nPojemno\u015b\u0107: 6,1L<br \/>\nWymiary: 28cm<br \/>\nUchwyt soft touch<br \/>\nSzklana pokrywa z silikonowym rantem<br \/>\nZastosowanie do wszystkich rodzaj\u00f3w kuchenek: gazowej, elektrycznej, ceramicznej, halogenowej, indukcyjnej<br \/>\nKolor: czarny mat<\/p>\n","protected":false},"featured_media":0,"comment_status":"open","ping_status":"closed","template":"","meta":{"ocean_post_layout":"","ocean_both_sidebars_style":"","ocean_both_sidebars_content_width":0,"ocean_both_sidebars_sidebars_width":0,"ocean_sidebar":"","ocean_second_sidebar":"","ocean_disable_margins":"enable","ocean_add_body_class":"","ocean_shortcode_before_top_bar":"","ocean_shortcode_after_top_bar":"","ocean_shortcode_before_header":"","ocean_shortcode_after_header":"","ocean_has_shortcode":"","ocean_shortcode_after_title":"","ocean_shortcode_before_footer_widgets":"","ocean_shortcode_after_footer_widgets":"","ocean_shortcode_before_footer_bottom":"","ocean_shortcode_after_footer_bottom":"","ocean_display_top_bar":"default","ocean_display_header":"default","ocean_header_style":"","ocean_center_header_left_menu":"","ocean_custom_header_template":"","ocean_custom_logo":0,"ocean_custom_retina_logo":0,"ocean_custom_logo_max_width":0,"ocean_custom_logo_tablet_max_width":0,"ocean_custom_logo_mobile_max_width":0,"ocean_custom_logo_max_height":0,"ocean_custom_logo_tablet_max_height":0,"ocean_custom_logo_mobile_max_height":0,"ocean_header_custom_menu":"","ocean_menu_typo_font_family":"","ocean_menu_typo_font_subset":"","ocean_menu_typo_font_size":0,"ocean_menu_typo_font_size_tablet":0,"ocean_menu_typo_font_size_mobile":0,"ocean_menu_typo_font_size_unit":"px","ocean_menu_typo_font_weight":"","ocean_menu_typo_font_weight_tablet":"","ocean_menu_typo_font_weight_mobile":"","ocean_menu_typo_transform":"","ocean_menu_typo_transform_tablet":"","ocean_menu_typo_transform_mobile":"","ocean_menu_typo_line_height":0,"ocean_menu_typo_line_height_tablet":0,"ocean_menu_typo_line_height_mobile":0,"ocean_menu_typo_line_height_unit":"","ocean_menu_typo_spacing":0,"ocean_menu_typo_spacing_tablet":0,"ocean_menu_typo_spacing_mobile":0,"ocean_menu_typo_spacing_unit":"","ocean_menu_link_color":"","ocean_menu_link_color_hover":"","ocean_menu_link_color_active":"","ocean_menu_link_background":"","ocean_menu_link_hover_background":"","ocean_menu_link_active_background":"","ocean_menu_social_links_bg":"","ocean_menu_social_hover_links_bg":"","ocean_menu_social_links_color":"","ocean_menu_social_hover_links_color":"","ocean_disable_title":"default","ocean_disable_heading":"default","ocean_post_title":"","ocean_post_subheading":"","ocean_post_title_style":"","ocean_post_title_background_color":"","ocean_post_title_background":0,"ocean_post_title_bg_image_position":"","ocean_post_title_bg_image_attachment":"","ocean_post_title_bg_image_repeat":"","ocean_post_title_bg_image_size":"","ocean_post_title_height":0,"ocean_post_title_bg_overlay":0.5,"ocean_post_title_bg_overlay_color":"","ocean_disable_breadcrumbs":"default","ocean_breadcrumbs_color":"","ocean_breadcrumbs_separator_color":"","ocean_breadcrumbs_links_color":"","ocean_breadcrumbs_links_hover_color":"","ocean_display_footer_widgets":"default","ocean_display_footer_bottom":"default","ocean_custom_footer_template":""},"product_brand":[],"product_cat":[15],"product_tag":[3896,3898,3897,4123],"class_list":{"0":"post-6543","1":"product","2":"type-product","3":"status-publish","5":"product_cat-wszystkie-produkty","6":"product_tag-3896","7":"product_tag-3898","8":"product_tag-berlinger-haus","9":"product_tag-bh-7088","11":"entry","13":"first","14":"outofstock","15":"shipping-taxable","16":"product-type-simple","17":"has-product-nav","18":"col","19":"span_1_of_4","20":"owp-content-center","21":"owp-thumbs-layout-horizontal","22":"owp-btn-normal","23":"owp-tabs-layout-horizontal","24":"has-no-thumbnails"},"jetpack_sharing_enabled":true,"_links":{"self":[{"href":"https:\/\/domigoo.pl\/index.php\/wp-json\/wp\/v2\/product\/6543","targetHints":{"allow":["GET"]}}],"collection":[{"href":"https:\/\/domigoo.pl\/index.php\/wp-json\/wp\/v2\/product"}],"about":[{"href":"https:\/\/domigoo.pl\/index.php\/wp-json\/wp\/v2\/types\/product"}],"replies":[{"embeddable":true,"href":"https:\/\/domigoo.pl\/index.php\/wp-json\/wp\/v2\/comments?post=6543"}],"wp:attachment":[{"href":"https:\/\/domigoo.pl\/index.php\/wp-json\/wp\/v2\/media?parent=6543"}],"wp:term":[{"taxonomy":"product_brand","embeddable":true,"href":"https:\/\/domigoo.pl\/index.php\/wp-json\/wp\/v2\/product_brand?post=6543"},{"taxonomy":"product_cat","embeddable":true,"href":"https:\/\/domigoo.pl\/index.php\/wp-json\/wp\/v2\/product_cat?post=6543"},{"taxonomy":"product_tag","embeddable":true,"href":"https:\/\/domigoo.pl\/index.php\/wp-json\/wp\/v2\/product_tag?post=6543"}],"curies":[{"name":"wp","href":"https:\/\/api.w.org\/{rel}","templated":true}]}}