{"id":6546,"date":"2025-09-12T10:27:31","date_gmt":"2025-09-12T08:27:31","guid":{"rendered":"https:\/\/domigoo.pl\/index.php\/produkt\/garnek-zeliwny-055l-berlinger-haus-bh-6502\/"},"modified":"2026-02-09T00:32:45","modified_gmt":"2026-02-08T23:32:45","slug":"garnek-zeliwny-055l-berlinger-haus-bh-6502","status":"publish","type":"product","link":"https:\/\/domigoo.pl\/index.php\/produkt\/garnek-zeliwny-055l-berlinger-haus-bh-6502\/","title":{"rendered":"Garnek \u017celiwny 0,55L Berlinger Haus BH-6502"},"content":{"rendered":"<h2 style=\"line-height: 1.2em; text-align: center;\" data-mce-style=\"text-align: center;\" class=\"def\"><span style=\"font-size: 18pt;\" data-mce-style=\"font-size: 18pt;\" class=\"def\">Garnek \u017celiwny 550 ml Emerald Collection<\/span><\/h2>\n<h2 style=\"line-height: 1.2em; text-align: center;\" data-mce-style=\"text-align: center;\" class=\"def\"><span style=\"font-size: 14pt;\" data-mce-style=\"font-size: 14pt;\" class=\"def\">Berlinger Haus BH-6502<\/span><\/h2>\n<p style=\"text-align: center;\" class=\"def\"><span style=\"font-size: 14pt;\" data-mce-style=\"font-size: 14pt;\" class=\"def\"><img fetchpriority=\"high\" decoding=\"async\" height=\"600\" width=\"600\" src=\"https:\/\/berlingerhaus.com.pl\/images\/tn107\/2000-3000\/Garnek-zeliwny-0-55L-Berlinger-Haus-BH-6502_[2791]_695.jpg\" alt=\"image\" class=\"def\"><br class=\"def\"><br \/>\n<\/span><\/p>\n<p style=\"line-height: 1.2em; font-size: 14px; text-align: center;\" data-mce-style=\"text-align: center;\" class=\"def\">&nbsp;\/<strong style=\"font-size: 12pt;\" class=\"def\">Garnek wykonany jest z odlewu \u017celiwa&nbsp;<\/strong><span style=\"font-size: 12pt;\" class=\"def\">przez co jest bardzo ci\u0119\u017cki. Pozbawione kant\u00f3w profilowane dno u\u0142atwiaj\u0105 nak\u0142adanie potraw jak i utrzymanie garnka w czysto\u015bci.&nbsp;<\/span><\/p>\n<p style=\"line-height: 1.2em; font-size: 14px; text-align: center;\" data-mce-style=\"text-align: center;\" class=\"def\"><span style=\"font-size: 12pt;\" data-mce-style=\"font-size: 12pt;\" class=\"def\">Trzeba pami\u0119ta\u0107, \u017ce garnk\u00f3w \u017celiwnych&nbsp;<strong class=\"def\">nie nale\u017cy<\/strong>&nbsp;my\u0107 w zmywarce. Tego typu garnki wymagaj\u0105 odpowiedniego sposobu u\u017cytkowania, po ka\u017cdym u\u017cyciu garnka nale\u017cy&nbsp;<strong class=\"def\">umy\u0107 go u\u017cywaj\u0105c do tego szczotki,<\/strong>&nbsp;a po wysuszeniu nat\u0142u\u015bci\u0107 olejem ro\u015blinnym.<\/span><\/p>\n<p style=\"line-height: 1.2em; font-size: 14px; text-align: center;\" data-mce-style=\"text-align: center;\" class=\"def\"><span style=\"font-size: 12pt;\" data-mce-style=\"font-size: 12pt;\" class=\"def\">Odpowiednia konserwacja zagwarantuje nam mo\u017cliwo\u015b\u0107 korzystania z garnk\u00f3w przez&nbsp;<strong class=\"def\">wiele lat.&nbsp;<\/strong><\/span><\/p>\n<p style=\"line-height: 1.2em; font-size: 14px; text-align: center;\" data-mce-style=\"text-align: center;\" class=\"def\"><span style=\"font-size: 12pt;\" data-mce-style=\"font-size: 12pt;\" class=\"def\">&nbsp;Jest odporny na \u015bcieranie i wysokie temperatury, dlatego mo\u017cna go u\u017cywa\u0107 r\u00f3wnie\u017c do pieczenia potraw w piekarniku jak i na ognisku.&nbsp;<\/span><\/p>\n<p style=\"line-height: 1.2em; font-size: 14px; text-align: center;\" data-mce-style=\"text-align: center;\" class=\"def\"><span style=\"font-size: 12pt;\" data-mce-style=\"font-size: 12pt;\" class=\"def\">&nbsp;<\/span><\/p>\n<p style=\"line-height: 1.2em; font-size: 14px; text-align: center;\" data-mce-style=\"text-align: center;\" class=\"def\"><span style=\"font-size: 12pt;\" data-mce-style=\"font-size: 12pt;\" class=\"def\">Wysokiej jako\u015bci<strong class=\"def\">&nbsp;\u017celiwny garnek z pokrywk\u0105&nbsp;ze specjaln\u0105&nbsp;pow\u0142ok\u0119&nbsp;<\/strong>wykonan\u0105 metod\u0105<strong class=\"def\">&nbsp;Preseason<\/strong>&nbsp;(pow\u0142oka utworzona z pomoc\u0105 polimeryzowango t\u0142uszczu i oleju) &nbsp;w celu jak najlepszej ochrony&nbsp;<strong class=\"def\">przed przywieraniem i przypalaniem \u017cywno\u015bci.<\/strong><\/span><\/p>\n<p style=\"line-height: 1.2em; font-size: 14px; text-align: center;\" data-mce-style=\"text-align: center;\" class=\"def\"><span style=\"font-size: 12pt;\" data-mce-style=\"font-size: 12pt;\" class=\"def\">Garnki \u017celiwne doskonale&nbsp;<strong class=\"def\">magazynuj\u0105 ciep\u0142o<\/strong>&nbsp;co powoduje, \u017ce nasze potrawy dochodz\u0105 w spos\u00f3b stopniowy i r\u00f3wnomierny.<\/span><\/p>\n<p style=\"line-height: 1.2em; font-size: 14px; text-align: center;\" data-mce-style=\"text-align: center;\" class=\"def\"><span style=\"font-size: 12pt;\" data-mce-style=\"font-size: 12pt;\" class=\"def\">Dzi\u0119ki zastosowaniu naturalnego materia\u0142u jakim jest \u017celiwo,&nbsp;<strong class=\"def\">ograniczamy<\/strong>&nbsp;ilo\u015b\u0107 szkodliwych substancji jakie wnikaj\u0105 do jedzenia w czasie u\u017cywania innych naczy\u0144. Dodatkowym atutem jest to \u017ce w czasie przygotowywania potraw&nbsp;w naczyniach&nbsp;\u017celiwnych&nbsp;<strong class=\"def\">wydzielaj\u0105 si\u0119<\/strong>&nbsp;niewielkie ilo\u015bci \u017celaza, pierwiastka niezb\u0119dnego dla naszego organizmu. Jest to&nbsp;<strong class=\"def\">zdecydowana korzy\u015b\u0107<\/strong>, zw\u0142aszcza dla os\u00f3b zmagaj\u0105cych si\u0119 z anemi\u0105.<\/span><\/p>\n<p style=\"line-height: 1.2em; font-size: 14px; text-align: center;\" data-mce-style=\"text-align: center;\" class=\"def\">&nbsp;<\/p>\n<p style=\"line-height: 1.2em; font-size: 14px; text-align: center;\" data-mce-style=\"text-align: center;\" class=\"def\"><img decoding=\"async\" height=\"600\" width=\"600\" src=\"https:\/\/berlingerhaus.com.pl\/images\/tn107\/2000-3000\/Garnek-zeliwny-0-55L-Berlinger-Haus-BH-6502_[2793]_695.jpg\" alt=\"image\" class=\"def\"><\/p>\n<p style=\"line-height: 1.2em; font-size: 14px; text-align: center;\" data-mce-style=\"text-align: center;\" class=\"def\">&nbsp;<\/p>\n<p style=\"line-height: 1.2em; font-size: 14px; text-align: center;\" data-mce-style=\"text-align: center;\" class=\"def\"><span style=\"font-size: 12pt;\" data-mce-style=\"font-size: 12pt;\" class=\"def\"><strong class=\"def\">SPECYFIKACJA TECHNICZNA&nbsp;<\/strong><\/span><\/p>\n<p style=\"line-height: 1.2em; font-size: 14px; text-align: center;\" data-mce-style=\"text-align: center;\" class=\"def\"><span style=\"font-size: 12pt;\" data-mce-style=\"font-size: 12pt;\" class=\"def\">Marka:&nbsp;<strong class=\"def\">Berlinger Haus&nbsp;<\/strong><\/span><\/p>\n<p style=\"line-height: 1.2em; font-size: 14px; text-align: center;\" data-mce-style=\"text-align: center;\" class=\"def\"><span style=\"font-size: 12pt;\" data-mce-style=\"font-size: 12pt;\" class=\"def\">Materia\u0142:&nbsp;<strong class=\"def\">\u017beliwo&nbsp;<\/strong><\/span><\/p>\n<p style=\"line-height: 1.2em; font-size: 14px; text-align: center;\" data-mce-style=\"text-align: center;\" class=\"def\"><span style=\"font-size: 12pt;\" data-mce-style=\"font-size: 12pt;\" class=\"def\">Pojemno\u015b\u0107:&nbsp;<strong class=\"def\">550 ml&nbsp;<\/strong><\/span><\/p>\n<p style=\"line-height: 1.2em; font-size: 14px; text-align: center;\" data-mce-style=\"text-align: center;\" class=\"def\"><span style=\"font-size: 12pt;\" data-mce-style=\"font-size: 12pt;\" class=\"def\">\u015arednica:&nbsp;<strong class=\"def\">12&nbsp;cm&nbsp;<\/strong><\/span><\/p>\n<p style=\"line-height: 1.2em; font-size: 14px; text-align: center;\" data-mce-style=\"text-align: center;\" class=\"def\"><span style=\"font-size: 12pt;\" data-mce-style=\"font-size: 12pt;\" class=\"def\">Pow\u0142oka:&nbsp;<strong class=\"def\">PRESEASON<\/strong><\/span><\/p>\n<p style=\"line-height: 1.2em; font-size: 14px; text-align: center;\" data-mce-style=\"text-align: center;\" class=\"def\"><span style=\"font-size: 12pt;\" data-mce-style=\"font-size: 12pt;\" class=\"def\">Kolor:&nbsp;<strong class=\"def\">Zielony<\/strong><\/span><\/p>\n<p style=\"line-height: 1.2em; font-size: 14px; text-align: center;\" data-mce-style=\"text-align: center;\" class=\"def\"><span style=\"font-size: 12pt;\" data-mce-style=\"font-size: 12pt;\" class=\"def\">Pokrywka w zestawie:&nbsp;<strong class=\"def\">Tak<\/strong><\/span><\/p>\n<p style=\"line-height: 1.2em; font-size: 14px; text-align: center;\" data-mce-style=\"text-align: center;\" class=\"def\"><span style=\"font-size: 12pt;\" data-mce-style=\"font-size: 12pt;\" class=\"def\"><strong class=\"def\">Garnki&nbsp;<strong class=\"def\">nie s\u0105 przystosowane do mycia w zmywarkach<\/strong><\/strong><\/span><\/p>\n","protected":false},"excerpt":{"rendered":"<p>\u015arednica: 12 cm<br \/>\nPojemno\u015b\u0107: 550ml<br \/>\nWysoko\u015b\u0107: 5,8 cm<br \/>\nPrzystosowany do wszystkich typ\u00f3w kuchenek, tak\u017ce indukcyjnych.<br \/>\nGarnki nie s\u0105 przystosowane do mycia w zmywarkach<\/p>\n","protected":false},"featured_media":0,"comment_status":"open","ping_status":"closed","template":"","meta":{"ocean_post_layout":"","ocean_both_sidebars_style":"","ocean_both_sidebars_content_width":0,"ocean_both_sidebars_sidebars_width":0,"ocean_sidebar":"","ocean_second_sidebar":"","ocean_disable_margins":"enable","ocean_add_body_class":"","ocean_shortcode_before_top_bar":"","ocean_shortcode_after_top_bar":"","ocean_shortcode_before_header":"","ocean_shortcode_after_header":"","ocean_has_shortcode":"","ocean_shortcode_after_title":"","ocean_shortcode_before_footer_widgets":"","ocean_shortcode_after_footer_widgets":"","ocean_shortcode_before_footer_bottom":"","ocean_shortcode_after_footer_bottom":"","ocean_display_top_bar":"default","ocean_display_header":"default","ocean_header_style":"","ocean_center_header_left_menu":"","ocean_custom_header_template":"","ocean_custom_logo":0,"ocean_custom_retina_logo":0,"ocean_custom_logo_max_width":0,"ocean_custom_logo_tablet_max_width":0,"ocean_custom_logo_mobile_max_width":0,"ocean_custom_logo_max_height":0,"ocean_custom_logo_tablet_max_height":0,"ocean_custom_logo_mobile_max_height":0,"ocean_header_custom_menu":"","ocean_menu_typo_font_family":"","ocean_menu_typo_font_subset":"","ocean_menu_typo_font_size":0,"ocean_menu_typo_font_size_tablet":0,"ocean_menu_typo_font_size_mobile":0,"ocean_menu_typo_font_size_unit":"px","ocean_menu_typo_font_weight":"","ocean_menu_typo_font_weight_tablet":"","ocean_menu_typo_font_weight_mobile":"","ocean_menu_typo_transform":"","ocean_menu_typo_transform_tablet":"","ocean_menu_typo_transform_mobile":"","ocean_menu_typo_line_height":0,"ocean_menu_typo_line_height_tablet":0,"ocean_menu_typo_line_height_mobile":0,"ocean_menu_typo_line_height_unit":"","ocean_menu_typo_spacing":0,"ocean_menu_typo_spacing_tablet":0,"ocean_menu_typo_spacing_mobile":0,"ocean_menu_typo_spacing_unit":"","ocean_menu_link_color":"","ocean_menu_link_color_hover":"","ocean_menu_link_color_active":"","ocean_menu_link_background":"","ocean_menu_link_hover_background":"","ocean_menu_link_active_background":"","ocean_menu_social_links_bg":"","ocean_menu_social_hover_links_bg":"","ocean_menu_social_links_color":"","ocean_menu_social_hover_links_color":"","ocean_disable_title":"default","ocean_disable_heading":"default","ocean_post_title":"","ocean_post_subheading":"","ocean_post_title_style":"","ocean_post_title_background_color":"","ocean_post_title_background":0,"ocean_post_title_bg_image_position":"","ocean_post_title_bg_image_attachment":"","ocean_post_title_bg_image_repeat":"","ocean_post_title_bg_image_size":"","ocean_post_title_height":0,"ocean_post_title_bg_overlay":0.5,"ocean_post_title_bg_overlay_color":"","ocean_disable_breadcrumbs":"default","ocean_breadcrumbs_color":"","ocean_breadcrumbs_separator_color":"","ocean_breadcrumbs_links_color":"","ocean_breadcrumbs_links_hover_color":"","ocean_display_footer_widgets":"default","ocean_display_footer_bottom":"default","ocean_custom_footer_template":""},"product_brand":[],"product_cat":[15],"product_tag":[3898,4079,3897,4125],"class_list":{"0":"post-6546","1":"product","2":"type-product","3":"status-publish","5":"product_cat-wszystkie-produkty","6":"product_tag-3898","7":"product_tag-4079","8":"product_tag-berlinger-haus","9":"product_tag-bh-6502","11":"entry","13":"first","14":"outofstock","15":"shipping-taxable","16":"product-type-simple","17":"has-product-nav","18":"col","19":"span_1_of_4","20":"owp-content-center","21":"owp-thumbs-layout-horizontal","22":"owp-btn-normal","23":"owp-tabs-layout-horizontal","24":"has-no-thumbnails"},"jetpack_sharing_enabled":true,"_links":{"self":[{"href":"https:\/\/domigoo.pl\/index.php\/wp-json\/wp\/v2\/product\/6546","targetHints":{"allow":["GET"]}}],"collection":[{"href":"https:\/\/domigoo.pl\/index.php\/wp-json\/wp\/v2\/product"}],"about":[{"href":"https:\/\/domigoo.pl\/index.php\/wp-json\/wp\/v2\/types\/product"}],"replies":[{"embeddable":true,"href":"https:\/\/domigoo.pl\/index.php\/wp-json\/wp\/v2\/comments?post=6546"}],"wp:attachment":[{"href":"https:\/\/domigoo.pl\/index.php\/wp-json\/wp\/v2\/media?parent=6546"}],"wp:term":[{"taxonomy":"product_brand","embeddable":true,"href":"https:\/\/domigoo.pl\/index.php\/wp-json\/wp\/v2\/product_brand?post=6546"},{"taxonomy":"product_cat","embeddable":true,"href":"https:\/\/domigoo.pl\/index.php\/wp-json\/wp\/v2\/product_cat?post=6546"},{"taxonomy":"product_tag","embeddable":true,"href":"https:\/\/domigoo.pl\/index.php\/wp-json\/wp\/v2\/product_tag?post=6546"}],"curies":[{"name":"wp","href":"https:\/\/api.w.org\/{rel}","templated":true}]}}