{"id":6548,"date":"2025-09-12T10:27:31","date_gmt":"2025-09-12T08:27:31","guid":{"rendered":"https:\/\/domigoo.pl\/index.php\/produkt\/garnek-zeliwny-257l-z-pokrywka-26cm-berlinger-haus-sahara-bh-6530\/"},"modified":"2026-04-06T11:27:45","modified_gmt":"2026-04-06T09:27:45","slug":"garnek-zeliwny-257l-z-pokrywka-26cm-berlinger-haus-sahara-bh-6530","status":"publish","type":"product","link":"https:\/\/domigoo.pl\/index.php\/produkt\/garnek-zeliwny-257l-z-pokrywka-26cm-berlinger-haus-sahara-bh-6530\/","title":{"rendered":"Garnek \u017celiwny 2,57L z pokrywk\u0105 26cm BerlingerHaus Sahara BH-6530"},"content":{"rendered":"<h2 style=\"text-align: center;\" class=\"def\">Garnek \u017celiwny 2,57L z pokrywk\u0105 26cm<\/h2>\n<h2 style=\"text-align: center;\" class=\"def\">&nbsp;Berlinger Haus Sahara BH-6530<\/h2>\n<p class=\"def\"><img fetchpriority=\"high\" decoding=\"async\" src=\"https:\/\/berlingerhaus.com.pl\/images\/tn107\/3000-4000\/Garnek-zeliwny-2-57L-z-pokrywka-26cm-Berlinger-Haus-Sahara-BH-6530_[3930]_696.jpg\" width=\"631\" height=\"631\" alt=\"\" style=\"display: block; margin-left: auto; margin-right: auto;\" class=\"def\"><\/p>\n<h2 style=\"text-align: center;\" class=\"def\">Niezast\u0105piony w kuchni<\/h2>\n<p style=\"text-align: center;\" class=\"def\">Garnek \u017celiwny to niezb\u0119dny element wyposa\u017cenia ka\u017cdej kuchni, kt\u00f3ry \u0142\u0105czy w sobie trwa\u0142o\u015b\u0107, funkcjonalno\u015b\u0107 i wyj\u0105tkowe w\u0142a\u015bciwo\u015bci kulinarne.<\/p>\n<p style=\"text-align: center;\" class=\"def\">Wykonany z wysokiej jako\u015bci \u017celiwa, garnek zapewnia r\u00f3wnomierne rozprowadzanie ciep\u0142a, co pozwala na precyzyjne gotowanie i pieczenie potraw.<\/p>\n<p style=\"text-align: center;\" class=\"def\">Dzi\u0119ki swoim w\u0142a\u015bciwo\u015bciom termicznym, d\u0142ugo utrzymuje ciep\u0142o, co sprawia, \u017ce dania pozostaj\u0105 gor\u0105ce jeszcze d\u0142ugo po zdj\u0119ciu z ognia.&nbsp;&nbsp;<\/p>\n<p style=\"text-align: center;\" class=\"def\"><strong class=\"def\">2 w 1 &#8211;<span class=\"def\">&nbsp;<\/span><span lang=\"pl\" class=\"def\">mo\u017cna u\u017cywa\u0107 tak\u017ce w piekarniku i na kuchence&nbsp;<\/span><\/strong><\/p>\n<p style=\"text-align: center;\" class=\"def\"><strong class=\"def\"><span lang=\"pl\" class=\"def\"><\/span><\/strong><\/p>\n<p style=\"text-align: center;\" class=\"def\"><strong class=\"def\"><span lang=\"pl\" class=\"def\"><img decoding=\"async\" src=\"https:\/\/berlingerhaus.com.pl\/images\/tn107\/3000-4000\/Garnek-zeliwny-2-57L-z-pokrywka-26cm-Berlinger-Haus-Sahara-BH-6530_[3931]_696.jpg\" width=\"608\" height=\"608\" alt=\"\" style=\"float: right;\" class=\"def\"><span class=\"def\">SPECYFIKACJA TECHNICZNA<\/span><\/span><\/strong><\/p>\n<p style=\"text-align: center;\" class=\"def\"><span class=\"def\">Marka:&nbsp;Berlinger Haus&nbsp;<\/span><\/p>\n<p style=\"text-align: center;\" class=\"def\"><span class=\"def\">Materia\u0142:&nbsp;\u017beliwo<\/span><\/p>\n<p style=\"text-align: center;\" class=\"def\"><span class=\"def\">&nbsp;Pokrywka w zesta<\/span><span class=\"def\">wie:&nbsp;Tak<\/span><\/p>\n<p style=\"text-align: center;\" class=\"def\"><span class=\"def\">&nbsp;\u015arednica: 26 cm<\/span><span class=\"def\"><\/span><\/p>\n<p style=\"text-align: center;\" class=\"def\"><span class=\"def\">Kolor: Be\u017cowy&nbsp;<\/span><\/p>\n<p style=\"text-align: center;\" class=\"def\"><span class=\"def\">Wymiary:&nbsp; &nbsp;<\/span><span lang=\"pl\" class=\"def\">\u00d826*7,5 cm 2,57 L<\/span><\/p>\n<p style=\"text-align: center;\" class=\"def\">\n<p style=\"text-align: center;\" class=\"def\"><strong class=\"def\">Garnki&nbsp;nie s\u0105 przystosowane do mycia w zmywarkach<\/strong><\/p>\n<p style=\"text-align: center;\" class=\"def\"><strong class=\"def\"><\/strong><\/p>\n<p style=\"text-align: center;\" class=\"def\"><strong class=\"def\"><img decoding=\"async\" src=\"https:\/\/berlingerhaus.com.pl\/images\/tn107\/3000-4000\/Garnek-zeliwny-2-57L-z-pokrywka-26cm-Berlinger-Haus-Sahara-BH-6530_[3929]_696.jpg\" width=\"878\" height=\"493\" alt=\"\" class=\"def\"><\/strong><\/p>\n","protected":false},"excerpt":{"rendered":"<p>Garnek \u017celiwny z 2-warstwow\u0105 b\u0142yszcz\u0105c\u0105 pow\u0142ok\u0105 EMALIOWAN\u0104<br \/>\n Rozmiar: \u00d826*7,5 cm 2,57 L<\/p>\n","protected":false},"featured_media":0,"comment_status":"open","ping_status":"closed","template":"","meta":{"ocean_post_layout":"","ocean_both_sidebars_style":"","ocean_both_sidebars_content_width":0,"ocean_both_sidebars_sidebars_width":0,"ocean_sidebar":"","ocean_second_sidebar":"","ocean_disable_margins":"enable","ocean_add_body_class":"","ocean_shortcode_before_top_bar":"","ocean_shortcode_after_top_bar":"","ocean_shortcode_before_header":"","ocean_shortcode_after_header":"","ocean_has_shortcode":"","ocean_shortcode_after_title":"","ocean_shortcode_before_footer_widgets":"","ocean_shortcode_after_footer_widgets":"","ocean_shortcode_before_footer_bottom":"","ocean_shortcode_after_footer_bottom":"","ocean_display_top_bar":"default","ocean_display_header":"default","ocean_header_style":"","ocean_center_header_left_menu":"","ocean_custom_header_template":"","ocean_custom_logo":0,"ocean_custom_retina_logo":0,"ocean_custom_logo_max_width":0,"ocean_custom_logo_tablet_max_width":0,"ocean_custom_logo_mobile_max_width":0,"ocean_custom_logo_max_height":0,"ocean_custom_logo_tablet_max_height":0,"ocean_custom_logo_mobile_max_height":0,"ocean_header_custom_menu":"","ocean_menu_typo_font_family":"","ocean_menu_typo_font_subset":"","ocean_menu_typo_font_size":0,"ocean_menu_typo_font_size_tablet":0,"ocean_menu_typo_font_size_mobile":0,"ocean_menu_typo_font_size_unit":"px","ocean_menu_typo_font_weight":"","ocean_menu_typo_font_weight_tablet":"","ocean_menu_typo_font_weight_mobile":"","ocean_menu_typo_transform":"","ocean_menu_typo_transform_tablet":"","ocean_menu_typo_transform_mobile":"","ocean_menu_typo_line_height":0,"ocean_menu_typo_line_height_tablet":0,"ocean_menu_typo_line_height_mobile":0,"ocean_menu_typo_line_height_unit":"","ocean_menu_typo_spacing":0,"ocean_menu_typo_spacing_tablet":0,"ocean_menu_typo_spacing_mobile":0,"ocean_menu_typo_spacing_unit":"","ocean_menu_link_color":"","ocean_menu_link_color_hover":"","ocean_menu_link_color_active":"","ocean_menu_link_background":"","ocean_menu_link_hover_background":"","ocean_menu_link_active_background":"","ocean_menu_social_links_bg":"","ocean_menu_social_hover_links_bg":"","ocean_menu_social_links_color":"","ocean_menu_social_hover_links_color":"","ocean_disable_title":"default","ocean_disable_heading":"default","ocean_post_title":"","ocean_post_subheading":"","ocean_post_title_style":"","ocean_post_title_background_color":"","ocean_post_title_background":0,"ocean_post_title_bg_image_position":"","ocean_post_title_bg_image_attachment":"","ocean_post_title_bg_image_repeat":"","ocean_post_title_bg_image_size":"","ocean_post_title_height":0,"ocean_post_title_bg_overlay":0.5,"ocean_post_title_bg_overlay_color":"","ocean_disable_breadcrumbs":"default","ocean_breadcrumbs_color":"","ocean_breadcrumbs_separator_color":"","ocean_breadcrumbs_links_color":"","ocean_breadcrumbs_links_hover_color":"","ocean_display_footer_widgets":"default","ocean_display_footer_bottom":"default","ocean_custom_footer_template":""},"product_brand":[],"product_cat":[15],"product_tag":[3898,4079,3897,4127],"class_list":{"0":"post-6548","1":"product","2":"type-product","3":"status-publish","5":"product_cat-wszystkie-produkty","6":"product_tag-3898","7":"product_tag-4079","8":"product_tag-berlinger-haus","9":"product_tag-bh-6530","11":"entry","13":"first","14":"instock","15":"shipping-taxable","16":"product-type-simple","17":"has-product-nav","18":"col","19":"span_1_of_4","20":"owp-content-center","21":"owp-thumbs-layout-horizontal","22":"owp-btn-normal","23":"owp-tabs-layout-horizontal","24":"has-no-thumbnails"},"jetpack_sharing_enabled":true,"_links":{"self":[{"href":"https:\/\/domigoo.pl\/index.php\/wp-json\/wp\/v2\/product\/6548","targetHints":{"allow":["GET"]}}],"collection":[{"href":"https:\/\/domigoo.pl\/index.php\/wp-json\/wp\/v2\/product"}],"about":[{"href":"https:\/\/domigoo.pl\/index.php\/wp-json\/wp\/v2\/types\/product"}],"replies":[{"embeddable":true,"href":"https:\/\/domigoo.pl\/index.php\/wp-json\/wp\/v2\/comments?post=6548"}],"wp:attachment":[{"href":"https:\/\/domigoo.pl\/index.php\/wp-json\/wp\/v2\/media?parent=6548"}],"wp:term":[{"taxonomy":"product_brand","embeddable":true,"href":"https:\/\/domigoo.pl\/index.php\/wp-json\/wp\/v2\/product_brand?post=6548"},{"taxonomy":"product_cat","embeddable":true,"href":"https:\/\/domigoo.pl\/index.php\/wp-json\/wp\/v2\/product_cat?post=6548"},{"taxonomy":"product_tag","embeddable":true,"href":"https:\/\/domigoo.pl\/index.php\/wp-json\/wp\/v2\/product_tag?post=6548"}],"curies":[{"name":"wp","href":"https:\/\/api.w.org\/{rel}","templated":true}]}}