{"id":6554,"date":"2025-09-12T10:27:32","date_gmt":"2025-09-12T08:27:32","guid":{"rendered":"https:\/\/domigoo.pl\/index.php\/produkt\/garnek-zeliwny435l-z-pokrywka-24cm-berlinger-haus-toupe-bh-6525\/"},"modified":"2025-12-14T08:47:54","modified_gmt":"2025-12-14T07:47:54","slug":"garnek-zeliwny435l-z-pokrywka-24cm-berlinger-haus-toupe-bh-6525","status":"publish","type":"product","link":"https:\/\/domigoo.pl\/index.php\/produkt\/garnek-zeliwny435l-z-pokrywka-24cm-berlinger-haus-toupe-bh-6525\/","title":{"rendered":"Garnek \u017celiwny4,35L z pokrywk\u0105 24cm Berlinger Haus Toupe BH-6525"},"content":{"rendered":"<h2 style=\"text-align: center;\" class=\"def\"><span style=\"font-size: 24pt;\" class=\"def\">Garnek \u017celiwny 4,35L z pokrywk\u0105 24cm Berlinger Haus<\/span><\/h2>\n<h2 style=\"text-align: center;\" class=\"def\"><span style=\"font-size: 24pt;\" class=\"def\">&nbsp;Toupe BH-6525<\/span><\/h2>\n<hr class=\"def\">\n<p class=\"def\"><span style=\"font-size: 18pt;\" class=\"def\"><img fetchpriority=\"high\" decoding=\"async\" src=\"https:\/\/berlingerhaus.com.pl\/images\/tn107\/4000-5000\/Garnek-zeliwny4-35L-z-pokrywka-24cm-Berlinger-Haus-Toupe-BH-6525_[4314]_696.jpg\" width=\"647\" height=\"647\" alt=\"\" style=\"display: block; margin-left: auto; margin-right: auto;\" class=\"def\"><br class=\"def\"><br \/>\n <\/span><\/p>\n<p style=\"text-align: center;\" class=\"def\"><span style=\"font-size: 14pt;\" class=\"def\">Poznaj niezawodno\u015b\u0107 i elegancj\u0119 z garnkiem \u017celiwnym Berlinger Haus z kolekcji Taupe. <\/span><\/p>\n<p style=\"text-align: center;\" class=\"def\"><span style=\"font-size: 14pt;\" class=\"def\">Ten wysokiej jako\u015bci garnek o pojemno\u015bci 4,35 litra, wykonany z wytrzyma\u0142ego \u017celiwa, to doskona\u0142y wyb\u00f3r dla ka\u017cdego mi\u0142o\u015bnika gotowania.<\/span><\/p>\n<p style=\"text-align: center;\" class=\"def\"><span style=\"font-size: 14pt;\" class=\"def\">&nbsp;Wyposa\u017cony w dwuwarstwow\u0105 b\u0142yszcz\u0105c\u0105 pow\u0142ok\u0119 emaliowan\u0105, zapewnia nie tylko wyj\u0105tkow\u0105 trwa\u0142o\u015b\u0107, ale tak\u017ce \u0142atwo\u015b\u0107 w utrzymaniu czysto\u015bci.<\/span><\/p>\n<p style=\"text-align: center;\" class=\"def\"><span style=\"font-size: 14pt;\" class=\"def\"><img decoding=\"async\" src=\"https:\/\/berlingerhaus.com.pl\/images\/tn107\/4000-5000\/Garnek-zeliwny4-35L-z-pokrywka-24cm-Berlinger-Haus-Toupe-BH-6525_[4041]_696.jpg\" width=\"514\" height=\"514\" alt=\"\" class=\"def\"><\/span><\/p>\n<h2 style=\"text-align: center;\" class=\"def\"><strong class=\"def\">2 w 1 &#8211; <span lang=\"pl\" class=\"def\">mo\u017cna u\u017cywa\u0107 tak\u017ce w piekarniku i na kuchence&nbsp;<\/span><\/strong><\/h2>\n<p class=\"def\"><strong class=\"def\"><span lang=\"pl\" class=\"def\"><\/span><\/strong><\/p>\n<p style=\"text-align: center;\" class=\"def\"><span style=\"font-size: 14pt;\" class=\"def\"><img decoding=\"async\" src=\"https:\/\/berlingerhaus.com.pl\/images\/tn107\/4000-5000\/Garnek-zeliwny4-35L-z-pokrywka-24cm-Berlinger-Haus-Toupe-BH-6525_[4040]_696.jpg\" width=\"674\" height=\"379\" alt=\"\" style=\"float: right;\" class=\"def\"><\/span><\/p>\n<h2 style=\"text-align: center;\" class=\"def\"><strong class=\"def\"><span class=\"def\">SPECYFIKACJA TECHNICZNA&nbsp;<\/span><\/strong><strong class=\"def\"><span class=\"def\"><\/span><\/strong><\/h2>\n<p style=\"text-align: center;\" class=\"def\"><span style=\"font-size: 14pt;\" class=\"def\">Marka:&nbsp;Berlinger Haus&nbsp;<\/span><\/p>\n<p style=\"text-align: center;\" class=\"def\"><span style=\"font-size: 14pt;\" class=\"def\">Materia\u0142:&nbsp;\u017beliwo<\/span><\/p>\n<p style=\"text-align: center;\" class=\"def\"><span style=\"font-size: 14pt;\" class=\"def\"><span class=\"def\">&nbsp;Pokrywka w zesta<\/span><span class=\"def\">wie:&nbsp;Tak<\/span><\/span><\/p>\n<p style=\"text-align: center;\" class=\"def\"><span style=\"font-size: 14pt;\" class=\"def\"><span class=\"def\">&nbsp;\u015arednica: 24 cm<\/span><span class=\"def\"><\/span><\/span><\/p>\n<p style=\"text-align: center;\" class=\"def\"><span style=\"font-size: 14pt;\" class=\"def\">Wymiary: &nbsp;\u00d824*11 cm 4,35 L<\/span><\/p>\n<p style=\"text-align: center;\" class=\"def\"><span style=\"font-size: 14pt;\" class=\"def\"><strong class=\"def\">Garnki&nbsp;nie s\u0105 przystosowane do mycia w zmywarkach<\/strong><\/span><\/p>\n","protected":false},"excerpt":{"rendered":"<p>GARNEK \u017bELIWNY z 2-warstwow\u0105 b\u0142yszcz\u0105c\u0105 pow\u0142ok\u0105 EMALIOWAN\u0104.<br \/>\nRozmiar: \u00d824*11 cm Pojemno\u015b\u0107: 4,35L<\/p>\n","protected":false},"featured_media":0,"comment_status":"open","ping_status":"closed","template":"","meta":{"ocean_post_layout":"","ocean_both_sidebars_style":"","ocean_both_sidebars_content_width":0,"ocean_both_sidebars_sidebars_width":0,"ocean_sidebar":"","ocean_second_sidebar":"","ocean_disable_margins":"enable","ocean_add_body_class":"","ocean_shortcode_before_top_bar":"","ocean_shortcode_after_top_bar":"","ocean_shortcode_before_header":"","ocean_shortcode_after_header":"","ocean_has_shortcode":"","ocean_shortcode_after_title":"","ocean_shortcode_before_footer_widgets":"","ocean_shortcode_after_footer_widgets":"","ocean_shortcode_before_footer_bottom":"","ocean_shortcode_after_footer_bottom":"","ocean_display_top_bar":"default","ocean_display_header":"default","ocean_header_style":"","ocean_center_header_left_menu":"","ocean_custom_header_template":"","ocean_custom_logo":0,"ocean_custom_retina_logo":0,"ocean_custom_logo_max_width":0,"ocean_custom_logo_tablet_max_width":0,"ocean_custom_logo_mobile_max_width":0,"ocean_custom_logo_max_height":0,"ocean_custom_logo_tablet_max_height":0,"ocean_custom_logo_mobile_max_height":0,"ocean_header_custom_menu":"","ocean_menu_typo_font_family":"","ocean_menu_typo_font_subset":"","ocean_menu_typo_font_size":0,"ocean_menu_typo_font_size_tablet":0,"ocean_menu_typo_font_size_mobile":0,"ocean_menu_typo_font_size_unit":"px","ocean_menu_typo_font_weight":"","ocean_menu_typo_font_weight_tablet":"","ocean_menu_typo_font_weight_mobile":"","ocean_menu_typo_transform":"","ocean_menu_typo_transform_tablet":"","ocean_menu_typo_transform_mobile":"","ocean_menu_typo_line_height":0,"ocean_menu_typo_line_height_tablet":0,"ocean_menu_typo_line_height_mobile":0,"ocean_menu_typo_line_height_unit":"","ocean_menu_typo_spacing":0,"ocean_menu_typo_spacing_tablet":0,"ocean_menu_typo_spacing_mobile":0,"ocean_menu_typo_spacing_unit":"","ocean_menu_link_color":"","ocean_menu_link_color_hover":"","ocean_menu_link_color_active":"","ocean_menu_link_background":"","ocean_menu_link_hover_background":"","ocean_menu_link_active_background":"","ocean_menu_social_links_bg":"","ocean_menu_social_hover_links_bg":"","ocean_menu_social_links_color":"","ocean_menu_social_hover_links_color":"","ocean_disable_title":"default","ocean_disable_heading":"default","ocean_post_title":"","ocean_post_subheading":"","ocean_post_title_style":"","ocean_post_title_background_color":"","ocean_post_title_background":0,"ocean_post_title_bg_image_position":"","ocean_post_title_bg_image_attachment":"","ocean_post_title_bg_image_repeat":"","ocean_post_title_bg_image_size":"","ocean_post_title_height":0,"ocean_post_title_bg_overlay":0.5,"ocean_post_title_bg_overlay_color":"","ocean_disable_breadcrumbs":"default","ocean_breadcrumbs_color":"","ocean_breadcrumbs_separator_color":"","ocean_breadcrumbs_links_color":"","ocean_breadcrumbs_links_hover_color":"","ocean_display_footer_widgets":"default","ocean_display_footer_bottom":"default","ocean_custom_footer_template":""},"product_brand":[],"product_cat":[15],"product_tag":[3896,3898,3897,4134],"class_list":{"0":"post-6554","1":"product","2":"type-product","3":"status-publish","5":"product_cat-wszystkie-produkty","6":"product_tag-3896","7":"product_tag-3898","8":"product_tag-berlinger-haus","9":"product_tag-bh-6525","11":"entry","13":"first","14":"outofstock","15":"shipping-taxable","16":"product-type-simple","17":"has-product-nav","18":"col","19":"span_1_of_4","20":"owp-content-center","21":"owp-thumbs-layout-horizontal","22":"owp-btn-normal","23":"owp-tabs-layout-horizontal","24":"has-no-thumbnails"},"jetpack_sharing_enabled":true,"_links":{"self":[{"href":"https:\/\/domigoo.pl\/index.php\/wp-json\/wp\/v2\/product\/6554","targetHints":{"allow":["GET"]}}],"collection":[{"href":"https:\/\/domigoo.pl\/index.php\/wp-json\/wp\/v2\/product"}],"about":[{"href":"https:\/\/domigoo.pl\/index.php\/wp-json\/wp\/v2\/types\/product"}],"replies":[{"embeddable":true,"href":"https:\/\/domigoo.pl\/index.php\/wp-json\/wp\/v2\/comments?post=6554"}],"wp:attachment":[{"href":"https:\/\/domigoo.pl\/index.php\/wp-json\/wp\/v2\/media?parent=6554"}],"wp:term":[{"taxonomy":"product_brand","embeddable":true,"href":"https:\/\/domigoo.pl\/index.php\/wp-json\/wp\/v2\/product_brand?post=6554"},{"taxonomy":"product_cat","embeddable":true,"href":"https:\/\/domigoo.pl\/index.php\/wp-json\/wp\/v2\/product_cat?post=6554"},{"taxonomy":"product_tag","embeddable":true,"href":"https:\/\/domigoo.pl\/index.php\/wp-json\/wp\/v2\/product_tag?post=6554"}],"curies":[{"name":"wp","href":"https:\/\/api.w.org\/{rel}","templated":true}]}}