{"id":6556,"date":"2025-09-12T10:27:33","date_gmt":"2025-09-12T08:27:33","guid":{"rendered":"https:\/\/domigoo.pl\/index.php\/produkt\/gleboka-patelnia-z-pokrywka-24-cm-berlingerhaus-sahara-marble-bh-8390\/"},"modified":"2025-12-21T10:33:34","modified_gmt":"2025-12-21T09:33:34","slug":"gleboka-patelnia-z-pokrywka-24-cm-berlingerhaus-sahara-marble-bh-8390","status":"publish","type":"product","link":"https:\/\/domigoo.pl\/index.php\/produkt\/gleboka-patelnia-z-pokrywka-24-cm-berlingerhaus-sahara-marble-bh-8390\/","title":{"rendered":"G\u0142\u0119boka patelnia z pokrywk\u0105 24 cm BerlingerHaus Sahara Marble BH-8390"},"content":{"rendered":"<h1 style=\"text-align: center;\" class=\"def\"><strong class=\"def\">G\u0142\u0119boka patelnia z pokrywk\u0105 24 cm BerlingerHaus<\/strong><\/h1>\n<h1 style=\"text-align: center;\" class=\"def\"><strong class=\"def\">&nbsp;Sahara Marble BH-8390<\/strong><\/h1>\n<hr class=\"def\">\n<p data-start=\"90\" data-end=\"448\" style=\"text-align: center;\" class=\"def\"><span style=\"font-size: 14pt;\" class=\"def\">G\u0142\u0119boka patelnia z pokrywk\u0105 <strong data-start=\"118\" data-end=\"156\" class=\"def\">BerlingerHaus Sahara Marble \u00d824 cm<\/strong> to po\u0142\u0105czenie funkcjonalno\u015bci, trwa\u0142o\u015bci i stylowego designu, idealne do duszenia, sma\u017cenia i przygotowywania jednogarnkowych da\u0144. <\/span><\/p>\n<p data-start=\"90\" data-end=\"448\" style=\"text-align: center;\" class=\"def\"><span style=\"font-size: 14pt;\" class=\"def\">Wykonana z <strong data-start=\"299\" data-end=\"319\" class=\"def\">kutego aluminium<\/strong> i pokryta <strong data-start=\"330\" data-end=\"376\" class=\"def\">potr\u00f3jn\u0105 pow\u0142ok\u0105 nieprzywieraj\u0105c\u0105 titanPro<\/strong>, zapewnia znakomite w\u0142a\u015bciwo\u015bci sma\u017cenia oraz odporno\u015b\u0107 na zarysowania.<\/span><\/p>\n<p data-start=\"450\" data-end=\"706\" style=\"text-align: center;\" class=\"def\"><span style=\"font-size: 14pt;\" class=\"def\">Dzi\u0119ki swojej <strong data-start=\"464\" data-end=\"485\" class=\"def\">g\u0142\u0119boko\u015bci 6,5 cm<\/strong> i pojemno\u015bci <strong data-start=\"499\" data-end=\"512\" class=\"def\">2,3 litra<\/strong>, doskonale sprawdza si\u0119 do wi\u0119kszych porcji potraw. <strong data-start=\"565\" data-end=\"615\" class=\"def\">Matowe wyko\u0144czenie w kolorze kremowego marmuru<\/strong> oraz <strong data-start=\"621\" data-end=\"645\" class=\"def\">minimalistyczny styl<\/strong> czyni\u0105 j\u0105 eleganckim dodatkiem do ka\u017cdej nowoczesnej kuchni.<\/span><\/p>\n<p data-start=\"450\" data-end=\"706\" style=\"text-align: center;\" class=\"def\"><span style=\"font-size: 14pt;\" class=\"def\"><img fetchpriority=\"high\" decoding=\"async\" src=\"https:\/\/berlingerhaus.com.pl\/images\/tn107\/5000-6000\/Gleboka-patelnia-z-pokrywka-24-cm-BerlingerHaus-Sahara-Marble-BH-8390_[5917]_696.jpg\" width=\"696\" height=\"696\" alt=\"\" class=\"def\"><\/span><\/p>\n<h2 style=\"text-align: center;\" class=\"def\"><span style=\"font-size: 18pt;\" class=\"def\"><strong data-start=\"1451\" data-end=\"1470\" class=\"def\"><strong class=\"def\">Cechy produktu:<\/strong><\/strong><\/span><\/h2>\n<p data-start=\"1473\" data-end=\"1529\" style=\"text-align: center;\" class=\"def\"><span style=\"font-size: 14pt;\" class=\"def\"><strong class=\"def\">\u015arednica<\/strong>: \u00d824 cm | Wysoko\u015b\u0107: 6,5 cm | Pojemno\u015b\u0107: 2,3 L<\/span><\/p>\n<p data-start=\"1532\" data-end=\"1589\" style=\"text-align: center;\" class=\"def\"><span style=\"font-size: 14pt;\" class=\"def\"><strong class=\"def\">Materia\u0142: <\/strong>kute aluminium z 3-warstwow\u0105 pow\u0142ok\u0105 titanPro<\/span><\/p>\n<p data-start=\"1592\" data-end=\"1630\" style=\"text-align: center;\" class=\"def\"><span style=\"font-size: 14pt;\" class=\"def\"><strong class=\"def\">Kolor: <\/strong>matowy krem z efektem marmuru<\/span><\/p>\n<p data-start=\"1633\" data-end=\"1712\" style=\"text-align: center;\" class=\"def\"><span style=\"font-size: 14pt;\" class=\"def\"><strong class=\"def\">Pokrywka:<\/strong> hartowane szk\u0142o z silikonow\u0105 uszczelk\u0105 soft close i otworem parowym<\/span><\/p>\n<p data-start=\"1806\" data-end=\"1863\" style=\"text-align: center;\" class=\"def\"><span style=\"font-size: 14pt;\" class=\"def\"><strong class=\"def\">Dno:<\/strong> turbo indukcja \u2013 szybkie i r\u00f3wnomierne nagrzewanie<\/span><\/p>\n<p data-start=\"1866\" data-end=\"1901\" style=\"text-align: center;\" class=\"def\"><span style=\"font-size: 14pt;\" class=\"def\"><strong class=\"def\">Styl: <\/strong>nowoczesny, minimalistyczny<\/span><\/p>\n<p data-start=\"1904\" data-end=\"1968\" style=\"text-align: center;\" class=\"def\"><strong class=\"def\"><span style=\"font-size: 14pt;\" class=\"def\">Kompatybilna ze wszystkimi rodzajami kuchenek (w tym indukcja)<\/span><\/strong><\/p>\n<p data-start=\"1971\" data-end=\"2016\" style=\"text-align: center;\" class=\"def\"><span style=\"font-size: 14pt;\" class=\"def\"><strong class=\"def\">ECO-friendly:<\/strong> wolna od PFOA, o\u0142owiu i kadmu<\/span><\/p>\n<p data-start=\"2019\" data-end=\"2041\" style=\"text-align: center;\" class=\"def\"><span style=\"font-size: 14pt;\" class=\"def\">\u0141atwa do czyszczenia<\/span><\/p>\n<p data-start=\"2019\" data-end=\"2041\" style=\"text-align: center;\" class=\"def\"><span style=\"font-size: 14pt;\" class=\"def\"><img decoding=\"async\" src=\"https:\/\/berlingerhaus.com.pl\/images\/tn107\/5000-6000\/Gleboka-patelnia-z-pokrywka-24-cm-BerlingerHaus-Sahara-Marble-BH-8390_[5916]_696.jpg\" width=\"696\" height=\"696\" alt=\"\" class=\"def\"><\/span><\/p>\n<p data-start=\"2019\" data-end=\"2041\" style=\"text-align: center;\" class=\"def\"><span style=\"font-size: 14pt;\" class=\"def\"><\/span><\/p>\n","protected":false},"excerpt":{"rendered":"<p>\u015arednica: \u00d824 cm | Wysoko\u015b\u0107: 6,5 cm | Pojemno\u015b\u0107: 2,3 L<br \/>\nMateria\u0142: kute aluminium z 3-warstwow\u0105 pow\u0142ok\u0105 titanPro<br \/>\nKolor: matowy krem z efektem marmuru<\/p>\n","protected":false},"featured_media":0,"comment_status":"open","ping_status":"closed","template":"","meta":{"ocean_post_layout":"","ocean_both_sidebars_style":"","ocean_both_sidebars_content_width":0,"ocean_both_sidebars_sidebars_width":0,"ocean_sidebar":"","ocean_second_sidebar":"","ocean_disable_margins":"enable","ocean_add_body_class":"","ocean_shortcode_before_top_bar":"","ocean_shortcode_after_top_bar":"","ocean_shortcode_before_header":"","ocean_shortcode_after_header":"","ocean_has_shortcode":"","ocean_shortcode_after_title":"","ocean_shortcode_before_footer_widgets":"","ocean_shortcode_after_footer_widgets":"","ocean_shortcode_before_footer_bottom":"","ocean_shortcode_after_footer_bottom":"","ocean_display_top_bar":"default","ocean_display_header":"default","ocean_header_style":"","ocean_center_header_left_menu":"","ocean_custom_header_template":"","ocean_custom_logo":0,"ocean_custom_retina_logo":0,"ocean_custom_logo_max_width":0,"ocean_custom_logo_tablet_max_width":0,"ocean_custom_logo_mobile_max_width":0,"ocean_custom_logo_max_height":0,"ocean_custom_logo_tablet_max_height":0,"ocean_custom_logo_mobile_max_height":0,"ocean_header_custom_menu":"","ocean_menu_typo_font_family":"","ocean_menu_typo_font_subset":"","ocean_menu_typo_font_size":0,"ocean_menu_typo_font_size_tablet":0,"ocean_menu_typo_font_size_mobile":0,"ocean_menu_typo_font_size_unit":"px","ocean_menu_typo_font_weight":"","ocean_menu_typo_font_weight_tablet":"","ocean_menu_typo_font_weight_mobile":"","ocean_menu_typo_transform":"","ocean_menu_typo_transform_tablet":"","ocean_menu_typo_transform_mobile":"","ocean_menu_typo_line_height":0,"ocean_menu_typo_line_height_tablet":0,"ocean_menu_typo_line_height_mobile":0,"ocean_menu_typo_line_height_unit":"","ocean_menu_typo_spacing":0,"ocean_menu_typo_spacing_tablet":0,"ocean_menu_typo_spacing_mobile":0,"ocean_menu_typo_spacing_unit":"","ocean_menu_link_color":"","ocean_menu_link_color_hover":"","ocean_menu_link_color_active":"","ocean_menu_link_background":"","ocean_menu_link_hover_background":"","ocean_menu_link_active_background":"","ocean_menu_social_links_bg":"","ocean_menu_social_hover_links_bg":"","ocean_menu_social_links_color":"","ocean_menu_social_hover_links_color":"","ocean_disable_title":"default","ocean_disable_heading":"default","ocean_post_title":"","ocean_post_subheading":"","ocean_post_title_style":"","ocean_post_title_background_color":"","ocean_post_title_background":0,"ocean_post_title_bg_image_position":"","ocean_post_title_bg_image_attachment":"","ocean_post_title_bg_image_repeat":"","ocean_post_title_bg_image_size":"","ocean_post_title_height":0,"ocean_post_title_bg_overlay":0.5,"ocean_post_title_bg_overlay_color":"","ocean_disable_breadcrumbs":"default","ocean_breadcrumbs_color":"","ocean_breadcrumbs_separator_color":"","ocean_breadcrumbs_links_color":"","ocean_breadcrumbs_links_hover_color":"","ocean_display_footer_widgets":"default","ocean_display_footer_bottom":"default","ocean_custom_footer_template":""},"product_brand":[],"product_cat":[15],"product_tag":[3896,3898,3897,4136],"class_list":{"0":"post-6556","1":"product","2":"type-product","3":"status-publish","5":"product_cat-wszystkie-produkty","6":"product_tag-3896","7":"product_tag-3898","8":"product_tag-berlinger-haus","9":"product_tag-bh-8390","11":"entry","13":"first","14":"outofstock","15":"shipping-taxable","16":"product-type-simple","17":"has-product-nav","18":"col","19":"span_1_of_4","20":"owp-content-center","21":"owp-thumbs-layout-horizontal","22":"owp-btn-normal","23":"owp-tabs-layout-horizontal","24":"has-no-thumbnails"},"jetpack_sharing_enabled":true,"_links":{"self":[{"href":"https:\/\/domigoo.pl\/index.php\/wp-json\/wp\/v2\/product\/6556","targetHints":{"allow":["GET"]}}],"collection":[{"href":"https:\/\/domigoo.pl\/index.php\/wp-json\/wp\/v2\/product"}],"about":[{"href":"https:\/\/domigoo.pl\/index.php\/wp-json\/wp\/v2\/types\/product"}],"replies":[{"embeddable":true,"href":"https:\/\/domigoo.pl\/index.php\/wp-json\/wp\/v2\/comments?post=6556"}],"wp:attachment":[{"href":"https:\/\/domigoo.pl\/index.php\/wp-json\/wp\/v2\/media?parent=6556"}],"wp:term":[{"taxonomy":"product_brand","embeddable":true,"href":"https:\/\/domigoo.pl\/index.php\/wp-json\/wp\/v2\/product_brand?post=6556"},{"taxonomy":"product_cat","embeddable":true,"href":"https:\/\/domigoo.pl\/index.php\/wp-json\/wp\/v2\/product_cat?post=6556"},{"taxonomy":"product_tag","embeddable":true,"href":"https:\/\/domigoo.pl\/index.php\/wp-json\/wp\/v2\/product_tag?post=6556"}],"curies":[{"name":"wp","href":"https:\/\/api.w.org\/{rel}","templated":true}]}}