{"id":6559,"date":"2025-09-12T10:27:33","date_gmt":"2025-09-12T08:27:33","guid":{"rendered":"https:\/\/domigoo.pl\/index.php\/produkt\/gofrownica-650-780w-black-rose-berlingerhaus-bh-9146\/"},"modified":"2026-04-13T13:30:11","modified_gmt":"2026-04-13T11:30:11","slug":"gofrownica-650-780w-black-rose-berlingerhaus-bh-9146","status":"publish","type":"product","link":"https:\/\/domigoo.pl\/index.php\/produkt\/gofrownica-650-780w-black-rose-berlingerhaus-bh-9146\/","title":{"rendered":"Gofrownica 650-780W Black Rose BerlingerHaus BH- 9146"},"content":{"rendered":"<h2 style=\"text-align: center;\" class=\"def\"><span style=\"font-size: 18pt;\" class=\"def\">Gofrownica&nbsp;Black Rose 650-780W<\/span><\/h2>\n<h4 style=\"text-align: center;\" class=\"def\"><span style=\"font-size: 18pt;\" class=\"def\">&nbsp;BerlingerHaus BH-9146<\/span>&nbsp;<\/h4>\n<h4 style=\"text-align: center;\" class=\"def\"><span style=\"font-size: 24pt;\" class=\"def\">&nbsp;<img fetchpriority=\"high\" decoding=\"async\" src=\"https:\/\/berlingerhaus.com.pl\/images\/tn107\/2000-3000\/Gofrownica-650-780W-Black-Rose-Berlinger-Haus-BH-9146_[2154]_696.jpg\" width=\"638\" height=\"424\" alt=\"\" class=\"def\"><\/span><\/h4>\n<p style=\"text-align: center;\" class=\"def\">&nbsp;<\/p>\n<p style=\"text-align: center;\" class=\"def\"><span style=\"font-size: 12pt;\" class=\"def\">Gofrownica firmy&nbsp;<strong class=\"def\">BerlingerHaus<\/strong>&nbsp;z linii produkt\u00f3w&nbsp;<strong class=\"def\">Black Rose.<\/strong><\/span><\/p>\n<p style=\"text-align: center;\" class=\"def\"><span style=\"font-size: 12pt;\" class=\"def\">Opiekacz posiada p\u0142yty grzewcze powleczone warstw\u0105 zapobiegaj\u0105c\u0105 przywieraniu.<\/span><\/p>\n<p style=\"text-align: center;\" class=\"def\"><span style=\"font-size: 12pt;\" class=\"def\">Szybkie podgrzewanie pozwala na przygotowanie pysznych gofr\u00f3w w kilka minut.<\/span><\/p>\n<p style=\"text-align: center;\" class=\"def\">&nbsp;<\/p>\n<p style=\"text-align: center;\" class=\"def\"><img decoding=\"async\" src=\"https:\/\/berlingerhaus.com.pl\/images\/tn107\/2000-3000\/Gofrownica-650-780W-Black-Rose-Berlinger-Haus-BH-9146_[2156]_696.jpg\" width=\"493\" height=\"493\" alt=\"\" class=\"def\"><img decoding=\"async\" src=\"https:\/\/berlingerhaus.com.pl\/images\/tn107\/2000-3000\/Gofrownica-650-780W-Black-Rose-Berlinger-Haus-BH-9146_[2152]_696.jpg\" width=\"492\" height=\"492\" alt=\"\" class=\"def\"><\/p>\n<p style=\"text-align: center;\" class=\"def\">\n<p style=\"text-align: center;\" class=\"def\"><span style=\"text-decoration: underline; font-size: 18pt;\" class=\"def\"><strong class=\"def\">Specyfikacja produktu:<\/strong><\/span><\/p>\n<p style=\"text-align: center;\" class=\"def\"><span style=\"font-size: 12pt;\" class=\"def\">Moc:&nbsp;<strong class=\"def\">650-780W<\/strong><\/span><\/p>\n<p style=\"text-align: center;\" class=\"def\"><span style=\"font-size: 12pt;\" class=\"def\">Pow\u0142oka wewn\u0119trzna:&nbsp;<strong class=\"def\">Nieprzywieraj\u0105ca<\/strong><\/span><\/p>\n<p style=\"text-align: center;\" class=\"def\"><span style=\"font-size: 12pt;\" class=\"def\">Napi\u0119cie:&nbsp;<strong class=\"def\">220-240 V, 56\/60Hz<\/strong><\/span><\/p>\n<p style=\"text-align: center;\" class=\"def\"><span style=\"font-size: 12pt;\" class=\"def\">Rozmiar:&nbsp;<strong class=\"def\">22,5*13 cm<\/strong><\/span><\/p>\n<p style=\"text-align: center;\" class=\"def\"><span style=\"font-size: 12pt;\" class=\"def\"><strong class=\"def\">Automatyczna regulacja temperatury<\/strong><\/span><\/p>\n<p style=\"text-align: center;\" class=\"def\"><span style=\"font-size: 12pt;\" class=\"def\"><strong class=\"def\">Termoizolacyjny uchwyt i obudowa<\/strong><\/span><\/p>\n<p style=\"text-align: center;\" class=\"def\"><span style=\"font-size: 12pt;\" class=\"def\"><strong class=\"def\">Wska\u017anik pracy, wska\u017anik nagrzania<\/strong><\/span><\/p>\n<p style=\"text-align: center;\" class=\"def\"><span style=\"font-size: 12pt;\" class=\"def\"><strong class=\"def\">Mo\u017cliwo\u015b\u0107 przechowywania w pozycji pionowej<\/strong><\/span><\/p>\n<p style=\"text-align: center;\" class=\"def\"><span style=\"font-size: 12pt;\" class=\"def\"><strong class=\"def\">N\u00f3\u017cki antypo\u015blizgowe<\/strong><\/span><\/p>\n<p style=\"text-align: center;\" class=\"def\"><span style=\"font-size: 12pt;\" class=\"def\"><strong class=\"def\">Bezpiecznik termiczny<\/strong><\/span><\/p>\n<p style=\"text-align: center;\" class=\"def\"><span style=\"font-size: 14pt;\" class=\"def\"><strong class=\"def\"><\/strong><\/span><\/p>\n","protected":false},"excerpt":{"rendered":"<p>Automatyczna regulacja temperatury<br \/>\nP\u0142yty grzewcze z pow\u0142ok\u0105 nieprzywieraj\u0105c\u0105<br \/>\nTermoizolacyjny uchwyt i obudowa<br \/>\nWska\u017anik pracy, wska\u017anik nagrzania<br \/>\nMo\u017cliwo\u015b\u0107 przechowywania w pozycji pionowej<br \/>\nN\u00f3\u017cki antypo\u015blizgowe<br \/>\nBezpiecznik termiczny<\/p>\n","protected":false},"featured_media":0,"comment_status":"open","ping_status":"closed","template":"","meta":{"ocean_post_layout":"","ocean_both_sidebars_style":"","ocean_both_sidebars_content_width":0,"ocean_both_sidebars_sidebars_width":0,"ocean_sidebar":"","ocean_second_sidebar":"","ocean_disable_margins":"enable","ocean_add_body_class":"","ocean_shortcode_before_top_bar":"","ocean_shortcode_after_top_bar":"","ocean_shortcode_before_header":"","ocean_shortcode_after_header":"","ocean_has_shortcode":"","ocean_shortcode_after_title":"","ocean_shortcode_before_footer_widgets":"","ocean_shortcode_after_footer_widgets":"","ocean_shortcode_before_footer_bottom":"","ocean_shortcode_after_footer_bottom":"","ocean_display_top_bar":"default","ocean_display_header":"default","ocean_header_style":"","ocean_center_header_left_menu":"","ocean_custom_header_template":"","ocean_custom_logo":0,"ocean_custom_retina_logo":0,"ocean_custom_logo_max_width":0,"ocean_custom_logo_tablet_max_width":0,"ocean_custom_logo_mobile_max_width":0,"ocean_custom_logo_max_height":0,"ocean_custom_logo_tablet_max_height":0,"ocean_custom_logo_mobile_max_height":0,"ocean_header_custom_menu":"","ocean_menu_typo_font_family":"","ocean_menu_typo_font_subset":"","ocean_menu_typo_font_size":0,"ocean_menu_typo_font_size_tablet":0,"ocean_menu_typo_font_size_mobile":0,"ocean_menu_typo_font_size_unit":"px","ocean_menu_typo_font_weight":"","ocean_menu_typo_font_weight_tablet":"","ocean_menu_typo_font_weight_mobile":"","ocean_menu_typo_transform":"","ocean_menu_typo_transform_tablet":"","ocean_menu_typo_transform_mobile":"","ocean_menu_typo_line_height":0,"ocean_menu_typo_line_height_tablet":0,"ocean_menu_typo_line_height_mobile":0,"ocean_menu_typo_line_height_unit":"","ocean_menu_typo_spacing":0,"ocean_menu_typo_spacing_tablet":0,"ocean_menu_typo_spacing_mobile":0,"ocean_menu_typo_spacing_unit":"","ocean_menu_link_color":"","ocean_menu_link_color_hover":"","ocean_menu_link_color_active":"","ocean_menu_link_background":"","ocean_menu_link_hover_background":"","ocean_menu_link_active_background":"","ocean_menu_social_links_bg":"","ocean_menu_social_hover_links_bg":"","ocean_menu_social_links_color":"","ocean_menu_social_hover_links_color":"","ocean_disable_title":"default","ocean_disable_heading":"default","ocean_post_title":"","ocean_post_subheading":"","ocean_post_title_style":"","ocean_post_title_background_color":"","ocean_post_title_background":0,"ocean_post_title_bg_image_position":"","ocean_post_title_bg_image_attachment":"","ocean_post_title_bg_image_repeat":"","ocean_post_title_bg_image_size":"","ocean_post_title_height":0,"ocean_post_title_bg_overlay":0.5,"ocean_post_title_bg_overlay_color":"","ocean_disable_breadcrumbs":"default","ocean_breadcrumbs_color":"","ocean_breadcrumbs_separator_color":"","ocean_breadcrumbs_links_color":"","ocean_breadcrumbs_links_hover_color":"","ocean_display_footer_widgets":"default","ocean_display_footer_bottom":"default","ocean_custom_footer_template":""},"product_brand":[],"product_cat":[15],"product_tag":[3898,4131,3897,4138],"class_list":{"0":"post-6559","1":"product","2":"type-product","3":"status-publish","5":"product_cat-wszystkie-produkty","6":"product_tag-3898","7":"product_tag-4131","8":"product_tag-berlinger-haus","9":"product_tag-bh-9146","11":"entry","13":"first","14":"instock","15":"shipping-taxable","16":"product-type-simple","17":"has-product-nav","18":"col","19":"span_1_of_4","20":"owp-content-center","21":"owp-thumbs-layout-horizontal","22":"owp-btn-normal","23":"owp-tabs-layout-horizontal","24":"has-no-thumbnails"},"jetpack_sharing_enabled":true,"_links":{"self":[{"href":"https:\/\/domigoo.pl\/index.php\/wp-json\/wp\/v2\/product\/6559","targetHints":{"allow":["GET"]}}],"collection":[{"href":"https:\/\/domigoo.pl\/index.php\/wp-json\/wp\/v2\/product"}],"about":[{"href":"https:\/\/domigoo.pl\/index.php\/wp-json\/wp\/v2\/types\/product"}],"replies":[{"embeddable":true,"href":"https:\/\/domigoo.pl\/index.php\/wp-json\/wp\/v2\/comments?post=6559"}],"wp:attachment":[{"href":"https:\/\/domigoo.pl\/index.php\/wp-json\/wp\/v2\/media?parent=6559"}],"wp:term":[{"taxonomy":"product_brand","embeddable":true,"href":"https:\/\/domigoo.pl\/index.php\/wp-json\/wp\/v2\/product_brand?post=6559"},{"taxonomy":"product_cat","embeddable":true,"href":"https:\/\/domigoo.pl\/index.php\/wp-json\/wp\/v2\/product_cat?post=6559"},{"taxonomy":"product_tag","embeddable":true,"href":"https:\/\/domigoo.pl\/index.php\/wp-json\/wp\/v2\/product_tag?post=6559"}],"curies":[{"name":"wp","href":"https:\/\/api.w.org\/{rel}","templated":true}]}}