{"id":6561,"date":"2025-09-12T10:27:33","date_gmt":"2025-09-12T08:27:33","guid":{"rendered":"https:\/\/domigoo.pl\/index.php\/produkt\/grill-ceramiczny-kamado-berlingerhaus-bh-8796\/"},"modified":"2026-04-13T13:30:54","modified_gmt":"2026-04-13T11:30:54","slug":"grill-ceramiczny-kamado-berlingerhaus-bh-8796","status":"publish","type":"product","link":"https:\/\/domigoo.pl\/index.php\/produkt\/grill-ceramiczny-kamado-berlingerhaus-bh-8796\/","title":{"rendered":"Grill ceramiczny Kamado BerlingerHaus BH-8796"},"content":{"rendered":"<h1 style=\"text-align: center;\" class=\"def\"><span style=\"font-size: 24pt;\" class=\"def\"><strong class=\"def\">Grill ceramiczny Kamado BerlingerHaus BH-8796.<\/strong><\/span><\/h1>\n<hr class=\"def\">\n<h2 data-pm-slice=\"1 1 []\" style=\"text-align: center;\" class=\"def\"><span style=\"font-size: 18pt;\" class=\"def\"><strong class=\"def\"><strong class=\"def\">Grill Ceramiczny KAMADO BerlingerHaus \u2013 Perfekcyjne Grillowanie przez Ca\u0142y Rok!<\/strong><\/strong><\/span><\/h2>\n<h2 style=\"text-align: center;\" class=\"def\"><span style=\"font-size: 14pt;\" class=\"def\"><strong class=\"def\">Odkryj nowy wymiar grillowania z <strong class=\"def\">Grillem Ceramicznym KAMADO.<\/strong><\/strong><\/span><\/h2>\n<p style=\"text-align: center;\" class=\"def\"><span style=\"font-size: 14pt;\" class=\"def\">To innowacyjne urz\u0105dzenie \u0142\u0105czy tradycyjne metody grillowania z nowoczesnym designem, zapewniaj\u0105c wyj\u0105tkowy smak potraw.<\/span><\/p>\n<p style=\"text-align: center;\" class=\"def\"><span style=\"font-size: 14pt;\" class=\"def\">Dzi\u0119ki zastosowaniu ceramiki, stali nierdzewnej i bambusa, ten grill to synonim trwa\u0142o\u015bci, funkcjonalno\u015bci i stylu.<\/span><\/p>\n<p style=\"text-align: center;\" class=\"def\"><span style=\"font-size: 14pt;\" class=\"def\"><img fetchpriority=\"high\" decoding=\"async\" src=\"https:\/\/berlingerhaus.com.pl\/images\/tn107\/5000-6000\/Grill-ceramiczny-Kamado-BerlingerHaus-BH-8796_[5530]_696.jpg\" width=\"696\" height=\"696\" alt=\"\" class=\"def\"><\/span><\/p>\n<h3 data-pm-slice=\"1 1 []\" style=\"text-align: left;\" class=\"def\"><span style=\"font-size: 18pt;\" class=\"def\"><strong class=\"def\"><strong class=\"def\"><strong class=\"def\">Najwa\u017cniejsze cechy i zalety:<\/strong><\/strong><\/strong><\/span><\/h3>\n<ul class=\"def\">\n<li class=\"def\"><span class=\"def\"> <\/span><span style=\"font-size: 12pt;\" class=\"def\"><strong class=\"def\">Wysoka jako\u015b\u0107 materia\u0142\u00f3w<\/strong> \u2013 ceramiczna komora grillowa doskonale utrzymuje temperatur\u0119, a stal nierdzewna gwarantuje trwa\u0142o\u015b\u0107 i odporno\u015b\u0107 na korozj\u0119.<\/span><\/li>\n<li class=\"def\"><span style=\"font-size: 12pt;\" class=\"def\"><strong class=\"def\">Dwa wysokiej jako\u015bci ruszty do grilla<\/strong> \u2013 <strong class=\"def\">du\u017cy ruszt \u00d841 cm<\/strong> oraz&nbsp;<strong class=\"def\">dodatkowy ruszt 28* 33,5 * 12,5 cm<br class=\"def\"><br \/>\n <\/strong><strong class=\"def\"><\/strong>&nbsp;zapewniaj\u0105 du\u017c\u0105 przestrze\u0144 do grillowania.<\/span><\/li>\n<li style=\"font-size: 12pt;\" class=\"def\"><span style=\"font-size: 12pt;\" class=\"def\">&nbsp;<strong class=\"def\">Segmentowa komora paleniskowa<\/strong> \u2013 zapewnia r\u00f3wnomierne rozprowadzanie ciep\u0142a i doskona\u0142\u0105 kontrol\u0119 temperatury. <\/span><\/li>\n<li style=\"font-size: 12pt;\" class=\"def\"><span style=\"font-size: 12pt;\" class=\"def\"><strong class=\"def\">Deflektor ciep\u0142a<\/strong> \u2013&nbsp;<b class=\"def\">stanowi barier\u0119 ciepln\u0105 pomi\u0119dzy paleniskiem a szykowanymi potrawami.<\/b><\/span><\/li>\n<li style=\"font-size: 12pt;\" class=\"def\"><span style=\"font-size: 12pt;\" class=\"def\"><strong class=\"def\">2 solidne boczne p\u00f3\u0142ki z bambusa<\/strong> \u2013 praktyczne miejsce na akcesoria grillowe, przyprawy i talerze.<\/span><\/li>\n<li style=\"font-size: 12pt;\" class=\"def\"><span style=\"font-size: 12pt;\" class=\"def\"><strong class=\"def\">Praktyczne wieszaki<\/strong> \u2013 4 haczyki z ka\u017cdej strony pozwalaj\u0105 na wygodne przechowywanie narz\u0119dzi do grillowania.<\/span><\/li>\n<li style=\"font-size: 12pt;\" class=\"def\"><span style=\"font-size: 12pt;\" class=\"def\"><strong class=\"def\">Narz\u0119dzie do usuwania popio\u0142u<\/strong> \u2013 wygodne czyszczenie po ka\u017cdym grillowaniu.<\/span><\/li>\n<li style=\"font-size: 12pt;\" class=\"def\"><span style=\"font-size: 12pt;\" class=\"def\"><strong class=\"def\">Pokrywa z poliestru<\/strong> \u2013 chroni grill przed czynnikami atmosferycznymi, zwi\u0119kszaj\u0105c jego \u017cywotno\u015b\u0107.<\/span><\/li>\n<li style=\"font-size: 12pt;\" class=\"def\"><span style=\"font-size: 12pt;\" class=\"def\"><strong class=\"def\">Optymalne wymiary<\/strong> \u2013 <strong class=\"def\">wewn\u0119trzna \u015brednica grilla \u00d845 cm<\/strong> pozwala na przygotowanie du\u017cych porcji jedzenia dla ca\u0142ej rodziny i przyjaci\u00f3\u0142.<\/span><\/li>\n<\/ul>\n<p style=\"text-align: left;\" class=\"def\"><span style=\"font-size: 14pt;\" class=\"def\"><img decoding=\"async\" src=\"https:\/\/berlingerhaus.com.pl\/images\/tn107\/5000-6000\/Grill-ceramiczny-Kamado-BerlingerHaus-BH-8796_[5529]_696.jpg\" width=\"507\" height=\"507\" alt=\"\" class=\"def\"><img decoding=\"async\" src=\"https:\/\/berlingerhaus.com.pl\/images\/tn107\/5000-6000\/Grill-ceramiczny-Kamado-BerlingerHaus-BH-8796_[5527]_696.jpg\" width=\"520\" height=\"520\" alt=\"\" style=\"float: right;\" class=\"def\"><\/span><\/p>\n<h3 data-pm-slice=\"1 3 []\" class=\"def\"><span class=\"def\"><strong class=\"def\"><\/strong><\/span><\/h3>\n<h3 data-pm-slice=\"1 3 []\" style=\"text-align: left;\" class=\"def\"><span style=\"font-size: 18pt;\" class=\"def\"><strong class=\"def\">Czym Grill KAMADO r\u00f3\u017cni si\u0119 od tradycyjnych grill\u00f3w?<\/strong><\/span><\/h3>\n<ol data-spread=\"false\" class=\"def\">\n<li class=\"def\">\n<p class=\"def\"><span class=\"def\"><strong class=\"def\">Lepsza kontrola temperatury<\/strong><\/span><span class=\"def\">\u2013 ceramiczna konstrukcja pozwala na precyzyjne utrzymanie i regulacj\u0119 ciep\u0142a, co sprawia, \u017ce grillowanie, pieczenie i w\u0119dzenie jest \u0142atwiejsze ni\u017c w klasycznych grillach w\u0119glowych czy gazowych.<\/span><\/p>\n<\/li>\n<li class=\"def\">\n<p class=\"def\"><span class=\"def\"><strong class=\"def\">Wielofunkcyjno\u015b\u0107<\/strong><\/span><span class=\"def\">\u2013 <strong class=\"def\">Grill KAMADO <\/strong>to nie tylko grill! Mo\u017cesz na nim piec pizz\u0119, w\u0119dzi\u0107 mi\u0119sa i ryby, a tak\u017ce dusi\u0107 potrawy niczym w piecu opalanym drewnem.<\/span><\/p>\n<\/li>\n<li class=\"def\">\n<p class=\"def\"><span class=\"def\"><strong class=\"def\">Ekonomiczne zu\u017cycie w\u0119gla<\/strong><\/span><span class=\"def\">\u2013 dzi\u0119ki doskona\u0142ej izolacji termicznej, <strong class=\"def\">Grill KAMADO<\/strong> zu\u017cywa znacznie mniej w\u0119gla ni\u017c tradycyjne grille, co pozwala oszcz\u0119dza\u0107 paliwo i czas.<\/span><\/p>\n<\/li>\n<li class=\"def\">\n<p class=\"def\"><span class=\"def\"><strong class=\"def\">Wi\u0119ksza trwa\u0142o\u015b\u0107<\/strong><\/span><span class=\"def\">\u2013 ceramika jest odporniejsza na wysokie temperatury i nie koroduje, w przeciwie\u0144stwie do metalowych konstrukcji grill\u00f3w w\u0119glowych.<\/span><\/p>\n<\/li>\n<li class=\"def\">\n<p class=\"def\"><span class=\"def\"><strong class=\"def\">R\u00f3wnomierne rozprowadzanie ciep\u0142a<\/strong><\/span><span class=\"def\">\u2013 segmentowa komora paleniskowa oraz deflektor ciep\u0142a pozwalaj\u0105 unikn\u0105\u0107 przypale\u0144 i nier\u00f3wnomiernie upieczonych potraw.<\/span><\/p>\n<\/li>\n<li class=\"def\">\n<p class=\"def\"><span class=\"def\"><strong class=\"def\">Autentyczny smak potraw<\/strong><\/span><span class=\"def\">\u2013 <strong class=\"def\">Grill KAMADO<\/strong> pozwala uzyska\u0107 naturalny, w\u0119dzony aromat, kt\u00f3ry trudno osi\u0105gn\u0105\u0107 w grillach gazowych czy elektrycznych.<\/span><span class=\"def\"><\/span><\/p>\n<\/li>\n<\/ol>\n<p class=\"def\"><img loading=\"lazy\" decoding=\"async\" src=\"https:\/\/berlingerhaus.com.pl\/images\/tn107\/5000-6000\/Grill-ceramiczny-Kamado-BerlingerHaus-BH-8796_[5528]_696.jpg\" width=\"544\" height=\"544\" alt=\"\" class=\"def\"><img loading=\"lazy\" decoding=\"async\" src=\"https:\/\/berlingerhaus.com.pl\/images\/tn107\/5000-6000\/Grill-ceramiczny-Kamado-BerlingerHaus-BH-8796_[5526]_696.jpg\" width=\"534\" height=\"534\" alt=\"\" style=\"float: right;\" class=\"def\"><\/p>\n<h3 data-pm-slice=\"1 1 []\" style=\"text-align: center;\" class=\"def\"><span style=\"font-size: 18pt;\" class=\"def\"><strong class=\"def\"><\/strong><\/span><\/h3>\n<h3 data-pm-slice=\"1 1 []\" style=\"text-align: center;\" class=\"def\"><span style=\"font-size: 18pt;\" class=\"def\"><strong class=\"def\">Dlaczego warto wybra\u0107 Grill KAMADO BerlingerHaus?<\/strong><\/span><\/h3>\n<p style=\"text-align: center;\" class=\"def\"><span style=\"font-size: 12pt;\" class=\"def\">Grillowanie na <strong class=\"def\">ceramicznym grillu KAMADO<\/strong> to gwarancja soczystych, aromatycznych potraw o niepowtarzalnym smaku.<\/span><\/p>\n<p style=\"text-align: center;\" class=\"def\"><span style=\"font-size: 12pt;\" class=\"def\">&nbsp;Wysoka izolacja cieplna pozwala na d\u0142ugie utrzymanie temperatury, co sprawia, \u017ce grillowanie staje si\u0119 oszcz\u0119dniejsze.<\/span><\/p>\n<p style=\"text-align: center;\" class=\"def\"><span style=\"font-size: 12pt;\" class=\"def\">&nbsp;Dzi\u0119ki <strong class=\"def\">dw\u00f3m poziomom ruszt\u00f3w<\/strong> oraz <strong class=\"def\">deflektorowi ciep\u0142a<\/strong>, urz\u0105dzenie doskonale sprawdza si\u0119 do pieczenia, w\u0119dzenia, duszenia i grillowania r\u00f3\u017cnych rodzaj\u00f3w mi\u0119s, ryb, warzyw i pizzy.<\/span><\/p>\n<p style=\"text-align: center;\" class=\"def\"><span style=\"font-size: 14pt;\" class=\"def\"><\/span><\/p>\n<h3 data-pm-slice=\"1 1 []\" style=\"text-align: center;\" class=\"def\"><span style=\"font-size: 18pt;\" class=\"def\"><strong class=\"def\">Idealny dla ka\u017cdego mi\u0142o\u015bnika grillowania!<\/strong><\/span><\/h3>\n<p style=\"text-align: center;\" class=\"def\"><span style=\"font-size: 12pt;\" class=\"def\">Niezale\u017cnie od tego, czy jeste\u015b do\u015bwiadczonym kucharzem, czy dopiero zaczynasz swoj\u0105 przygod\u0119 z grillowaniem, <strong class=\"def\">Grill Ceramiczny KAMADO BerlingerHaus<\/strong> to doskona\u0142y wyb\u00f3r!<\/span><\/p>\n<p style=\"text-align: center;\" class=\"def\"><span style=\"font-size: 12pt;\" class=\"def\">&nbsp;Sprawdzi si\u0119 w ogrodzie, na tarasie, a nawet na dzia\u0142ce. Dzi\u0119ki solidnej konstrukcji i ergonomicznemu designowi zapewnia \u0142atwo\u015b\u0107 obs\u0142ugi oraz satysfakcj\u0119 z ka\u017cdego przygotowanego posi\u0142ku.<\/span><\/p>\n<p style=\"text-align: center;\" class=\"def\"><span style=\"font-size: 12pt;\" class=\"def\">Postaw na jako\u015b\u0107, trwa\u0142o\u015b\u0107 i niepowtarzalny smak potraw \u2013 wybierz <strong class=\"def\">Grill Ceramiczny KAMADO BerlingerHaus<\/strong> i ciesz si\u0119 perfekcyjnym grillowaniem przez ca\u0142y rok!<\/span><\/p>\n","protected":false},"excerpt":{"rendered":"<p>Grill Ceramiczny KAMADO BerlingerHaus<br \/>\nMateria\u0142: Ceramika, stal nierdzewna, bambus<br \/>\nWymiary: Du\u017cy ruszt \u00d841 cm, drugi ruszt 28 x 33,5 x 12,5 cm, wewn\u0119trzna \u015brednica \u00d845 cm<br \/>\nAkcesoria: Segmentowa komora paleniskowa, deflektor ciep\u0142a, narz\u0119dzie do usuwania popio\u0142u, boczne p\u00f3\u0142ki bambusowe, pokrywa, 4 wieszaki<br \/>\nFunkcje: Grillowanie, w\u0119dzenie, pieczenie, podw\u00f3jny grill<\/p>\n","protected":false},"featured_media":0,"comment_status":"open","ping_status":"closed","template":"","meta":{"ocean_post_layout":"","ocean_both_sidebars_style":"","ocean_both_sidebars_content_width":0,"ocean_both_sidebars_sidebars_width":0,"ocean_sidebar":"","ocean_second_sidebar":"","ocean_disable_margins":"enable","ocean_add_body_class":"","ocean_shortcode_before_top_bar":"","ocean_shortcode_after_top_bar":"","ocean_shortcode_before_header":"","ocean_shortcode_after_header":"","ocean_has_shortcode":"","ocean_shortcode_after_title":"","ocean_shortcode_before_footer_widgets":"","ocean_shortcode_after_footer_widgets":"","ocean_shortcode_before_footer_bottom":"","ocean_shortcode_after_footer_bottom":"","ocean_display_top_bar":"default","ocean_display_header":"default","ocean_header_style":"","ocean_center_header_left_menu":"","ocean_custom_header_template":"","ocean_custom_logo":0,"ocean_custom_retina_logo":0,"ocean_custom_logo_max_width":0,"ocean_custom_logo_tablet_max_width":0,"ocean_custom_logo_mobile_max_width":0,"ocean_custom_logo_max_height":0,"ocean_custom_logo_tablet_max_height":0,"ocean_custom_logo_mobile_max_height":0,"ocean_header_custom_menu":"","ocean_menu_typo_font_family":"","ocean_menu_typo_font_subset":"","ocean_menu_typo_font_size":0,"ocean_menu_typo_font_size_tablet":0,"ocean_menu_typo_font_size_mobile":0,"ocean_menu_typo_font_size_unit":"px","ocean_menu_typo_font_weight":"","ocean_menu_typo_font_weight_tablet":"","ocean_menu_typo_font_weight_mobile":"","ocean_menu_typo_transform":"","ocean_menu_typo_transform_tablet":"","ocean_menu_typo_transform_mobile":"","ocean_menu_typo_line_height":0,"ocean_menu_typo_line_height_tablet":0,"ocean_menu_typo_line_height_mobile":0,"ocean_menu_typo_line_height_unit":"","ocean_menu_typo_spacing":0,"ocean_menu_typo_spacing_tablet":0,"ocean_menu_typo_spacing_mobile":0,"ocean_menu_typo_spacing_unit":"","ocean_menu_link_color":"","ocean_menu_link_color_hover":"","ocean_menu_link_color_active":"","ocean_menu_link_background":"","ocean_menu_link_hover_background":"","ocean_menu_link_active_background":"","ocean_menu_social_links_bg":"","ocean_menu_social_hover_links_bg":"","ocean_menu_social_links_color":"","ocean_menu_social_hover_links_color":"","ocean_disable_title":"default","ocean_disable_heading":"default","ocean_post_title":"","ocean_post_subheading":"","ocean_post_title_style":"","ocean_post_title_background_color":"","ocean_post_title_background":0,"ocean_post_title_bg_image_position":"","ocean_post_title_bg_image_attachment":"","ocean_post_title_bg_image_repeat":"","ocean_post_title_bg_image_size":"","ocean_post_title_height":0,"ocean_post_title_bg_overlay":0.5,"ocean_post_title_bg_overlay_color":"","ocean_disable_breadcrumbs":"default","ocean_breadcrumbs_color":"","ocean_breadcrumbs_separator_color":"","ocean_breadcrumbs_links_color":"","ocean_breadcrumbs_links_hover_color":"","ocean_display_footer_widgets":"default","ocean_display_footer_bottom":"default","ocean_custom_footer_template":""},"product_brand":[],"product_cat":[15],"product_tag":[3898,4896,3897,4141],"class_list":{"0":"post-6561","1":"product","2":"type-product","3":"status-publish","5":"product_cat-wszystkie-produkty","6":"product_tag-3898","7":"product_tag-4896","8":"product_tag-berlinger-haus","9":"product_tag-bh-8796","11":"entry","13":"first","14":"instock","15":"shipping-taxable","16":"product-type-simple","17":"has-product-nav","18":"col","19":"span_1_of_4","20":"owp-content-center","21":"owp-thumbs-layout-horizontal","22":"owp-btn-normal","23":"owp-tabs-layout-horizontal","24":"has-no-thumbnails"},"jetpack_sharing_enabled":true,"_links":{"self":[{"href":"https:\/\/domigoo.pl\/index.php\/wp-json\/wp\/v2\/product\/6561","targetHints":{"allow":["GET"]}}],"collection":[{"href":"https:\/\/domigoo.pl\/index.php\/wp-json\/wp\/v2\/product"}],"about":[{"href":"https:\/\/domigoo.pl\/index.php\/wp-json\/wp\/v2\/types\/product"}],"replies":[{"embeddable":true,"href":"https:\/\/domigoo.pl\/index.php\/wp-json\/wp\/v2\/comments?post=6561"}],"wp:attachment":[{"href":"https:\/\/domigoo.pl\/index.php\/wp-json\/wp\/v2\/media?parent=6561"}],"wp:term":[{"taxonomy":"product_brand","embeddable":true,"href":"https:\/\/domigoo.pl\/index.php\/wp-json\/wp\/v2\/product_brand?post=6561"},{"taxonomy":"product_cat","embeddable":true,"href":"https:\/\/domigoo.pl\/index.php\/wp-json\/wp\/v2\/product_cat?post=6561"},{"taxonomy":"product_tag","embeddable":true,"href":"https:\/\/domigoo.pl\/index.php\/wp-json\/wp\/v2\/product_tag?post=6561"}],"curies":[{"name":"wp","href":"https:\/\/api.w.org\/{rel}","templated":true}]}}