{"id":6562,"date":"2025-09-12T10:27:33","date_gmt":"2025-09-12T08:27:33","guid":{"rendered":"https:\/\/domigoo.pl\/index.php\/produkt\/grill-gazowy-ogrodowy-xxl-berlingerhaus-z-rusztem-zeliwnym-bh-8605\/"},"modified":"2026-04-13T13:30:54","modified_gmt":"2026-04-13T11:30:54","slug":"grill-gazowy-ogrodowy-xxl-berlingerhaus-z-rusztem-zeliwnym-bh-8605","status":"publish","type":"product","link":"https:\/\/domigoo.pl\/index.php\/produkt\/grill-gazowy-ogrodowy-xxl-berlingerhaus-z-rusztem-zeliwnym-bh-8605\/","title":{"rendered":"Grill gazowy ogrodowy XXL BerlingerHaus z rusztem \u017celiwnym BH-8605"},"content":{"rendered":"<h1 style=\"text-align: center;\" class=\"def\"><span style=\"font-size: 24pt;\" class=\"def\"><strong class=\"def\">Grill gazowy ogrodowy XXL BerlingerHaus<\/strong><\/span><\/h1>\n<h1 style=\"text-align: center;\" class=\"def\"><span style=\"font-size: 24pt;\" class=\"def\"><strong class=\"def\">&nbsp;z rusztem \u017celiwnym BH-8605<\/strong><\/span><\/h1>\n<hr class=\"def\">\n<p style=\"text-align: center;\" class=\"def\"><span style=\"font-size: 14pt;\" class=\"def\">Odkryj nowy wymiar grillowania z eleganckim i funkcjonalnym <strong data-start=\"305\" data-end=\"350\" class=\"def\">grillem gazowym XXL BerlingerHaus BH-8605<\/strong>.<\/span><\/p>\n<p style=\"text-align: center;\" class=\"def\"><span style=\"font-size: 14pt;\" class=\"def\">&nbsp;Wyposa\u017cony w <strong data-start=\"365\" data-end=\"385\" class=\"def\">4 palniki gazowe<\/strong>, <strong data-start=\"387\" data-end=\"405\" class=\"def\">\u017celiwne ruszty<\/strong> oraz <strong data-start=\"411\" data-end=\"434\" class=\"def\">wbudowany termometr<\/strong>, ten grill to niezast\u0105pione urz\u0105dzenie na ka\u017cd\u0105 letni\u0105 imprez\u0119 w ogrodzie, na tarasie czy dzia\u0142ce.<\/span><\/p>\n<p style=\"text-align: center;\" class=\"def\"><span style=\"font-size: 14pt;\" class=\"def\">&nbsp;Jego solidna konstrukcja i nowoczesny design gwarantuj\u0105 nie tylko trwa\u0142o\u015b\u0107, ale te\u017c estetyk\u0119, kt\u00f3ra wpasuje si\u0119 w ka\u017cd\u0105 przestrze\u0144 zewn\u0119trzn\u0105.<\/span><\/p>\n<p style=\"text-align: center;\" class=\"def\"><img fetchpriority=\"high\" decoding=\"async\" src=\"https:\/\/berlingerhaus.com.pl\/images\/tn107\/5000-6000\/Grill-gazowy-ogrodowy-4-palnikowy-L-BerlingerHaus-z-rusztem-zeliwnym-BH-8605_[5576]_696.jpg\" width=\"612\" height=\"612\" alt=\"\" class=\"def\"><\/p>\n<h2 data-start=\"683\" data-end=\"730\" style=\"text-align: center;\" class=\"def\"><strong data-start=\"689\" data-end=\"728\" class=\"def\"><strong class=\"def\">Najwa\u017cniejsze cechy grilla <img decoding=\"async\" src=\"https:\/\/berlingerhaus.com.pl\/images\/tn107\/5000-6000\/Grill-gazowy-ogrodowy-4-palnikowy-L-BerlingerHaus-z-rusztem-zeliwnym-BH-8605_[5575]_696.jpg\" width=\"520\" height=\"520\" alt=\"\" style=\"float: right;\" class=\"def\"><\/strong><\/strong><\/h2>\n<ul data-start=\"731\" data-end=\"1431\" class=\"def\">\n<li data-start=\"731\" data-end=\"783\" class=\"def\">\n<p data-start=\"733\" data-end=\"783\" class=\"def\"><span style=\"font-size: 14pt;\" class=\"def\"><strong data-start=\"735\" data-end=\"781\" class=\"def\">Powierzchnia grillowania XXL: 60 \u00d7 41,5 cm<\/strong><\/span><\/p>\n<\/li>\n<li data-start=\"784\" data-end=\"861\" style=\"font-size: 14pt;\" class=\"def\">\n<p data-start=\"786\" data-end=\"861\" class=\"def\"><span style=\"font-size: 14pt;\" class=\"def\"><strong data-start=\"788\" data-end=\"823\" class=\"def\">4 palniki gazowe (2,2 kW ka\u017cdy)<\/strong> \u2013 szybkie i r\u00f3wnomierne nagrzewanie<\/span><\/p>\n<\/li>\n<li data-start=\"862\" data-end=\"951\" style=\"font-size: 14pt;\" class=\"def\">\n<p data-start=\"864\" data-end=\"951\" class=\"def\"><span style=\"font-size: 14pt;\" class=\"def\"><strong data-start=\"866\" data-end=\"906\" class=\"def\">\u017beliwne ruszty pokryte matow\u0105 emali\u0105<\/strong> \u2013 trwa\u0142o\u015b\u0107 i doskona\u0142e przewodzenie ciep\u0142a<\/span><\/p>\n<\/li>\n<li data-start=\"952\" data-end=\"1037\" style=\"font-size: 14pt;\" class=\"def\">\n<p data-start=\"954\" data-end=\"1037\" class=\"def\"><span style=\"font-size: 14pt;\" class=\"def\"><strong data-start=\"956\" data-end=\"990\" class=\"def\">Wbudowany termometr w pokrywie<\/strong> \u2013 kontrola temperatury bez otwierania grilla<\/span><\/p>\n<\/li>\n<li data-start=\"1038\" data-end=\"1102\" style=\"font-size: 14pt;\" class=\"def\">\n<p data-start=\"1040\" data-end=\"1102\" class=\"def\"><span style=\"font-size: 14pt;\" class=\"def\"><strong data-start=\"1042\" data-end=\"1065\" class=\"def\">Automatyczny zap\u0142on<\/strong> \u2013 wygodne uruchamianie bez zapa\u0142ek<\/span><\/p>\n<\/li>\n<li data-start=\"1103\" data-end=\"1193\" style=\"font-size: 14pt;\" class=\"def\">\n<p data-start=\"1105\" data-end=\"1193\" class=\"def\"><span style=\"font-size: 14pt;\" class=\"def\"><strong data-start=\"1107\" data-end=\"1151\" class=\"def\">Ruszt podgrzewaj\u0105cy ze stali emaliowanej<\/strong> \u2013 idealny do utrzymywania ciep\u0142a potraw<\/span><\/p>\n<\/li>\n<li data-start=\"1194\" data-end=\"1275\" style=\"font-size: 14pt;\" class=\"def\">\n<p data-start=\"1196\" data-end=\"1275\" class=\"def\"><span style=\"font-size: 14pt;\" class=\"def\"><strong data-start=\"1198\" data-end=\"1229\" class=\"def\">Solidna stalowa konstrukcja<\/strong> \u2013 stal walcowana na zimno + stal nierdzewna<\/span><\/p>\n<\/li>\n<li data-start=\"1276\" data-end=\"1362\" style=\"font-size: 14pt;\" class=\"def\">\n<p data-start=\"1278\" data-end=\"1362\" class=\"def\"><span style=\"font-size: 14pt;\" class=\"def\"><strong data-start=\"1280\" data-end=\"1309\" class=\"def\">T\u0142umiki p\u0142omieni (4 szt.)<\/strong> \u2013 r\u00f3wnomierna dystrybucja ciep\u0142a, ochrona palnik\u00f3w<\/span><\/p>\n<\/li>\n<li data-start=\"1363\" data-end=\"1431\" style=\"font-size: 14pt;\" class=\"def\">\n<p data-start=\"1365\" data-end=\"1431\" class=\"def\"><span style=\"font-size: 14pt;\" class=\"def\"><strong data-start=\"1367\" data-end=\"1396\" class=\"def\">Zdejmowana tacka ociekowa<\/strong> \u2013 \u0142atwe czyszczenie po grillowaniu<\/span><\/p>\n<\/li>\n<\/ul>\n<p style=\"font-size: 14pt;\" class=\"def\"><span style=\"font-size: 14pt;\" class=\"def\"><img decoding=\"async\" src=\"https:\/\/berlingerhaus.com.pl\/images\/tn107\/5000-6000\/Grill-gazowy-ogrodowy-4-palnikowy-L-BerlingerHaus-z-rusztem-zeliwnym-BH-8605_[5578]_696.jpg\" width=\"743\" height=\"743\" alt=\"\" style=\"display: block; margin-left: auto; margin-right: auto;\" class=\"def\"><\/span><\/p>\n<h2 style=\"text-align: center;\" class=\"def\"><span style=\"font-size: 18pt;\" class=\"def\"><strong data-start=\"1445\" data-end=\"1465\" class=\"def\"><strong class=\"def\">Dane techniczne:<\/strong><\/strong><\/span><\/h2>\n<p data-start=\"1470\" data-end=\"1497\" style=\"text-align: center;\" class=\"def\"><span style=\"font-size: 14pt;\" class=\"def\"><strong data-start=\"1470\" data-end=\"1488\" class=\"def\">Moc ca\u0142kowita:<\/strong> 8,8 kW<\/span><\/p>\n<p data-start=\"1500\" data-end=\"1564\" style=\"text-align: center;\" class=\"def\"><span style=\"font-size: 14pt;\" class=\"def\"><strong data-start=\"1500\" data-end=\"1514\" class=\"def\">Zasilanie:<\/strong> gaz butlowy (butla i reduktor nie s\u0105 do\u0142\u0105czone)<\/span><\/p>\n<p data-start=\"1567\" data-end=\"1591\" style=\"text-align: center;\" class=\"def\"><span style=\"font-size: 14pt;\" class=\"def\"><strong data-start=\"1567\" data-end=\"1581\" class=\"def\">Ci\u015bnienie:<\/strong> 30 mBar<\/span><\/p>\n<p data-start=\"1594\" data-end=\"1670\" style=\"text-align: center;\" class=\"def\"><span style=\"font-size: 14pt;\" class=\"def\"><strong data-start=\"1594\" data-end=\"1615\" class=\"def\">Kategoria gazowa:<\/strong> I3B\/P \u2013 dozwolony w m.in. PL, CZ, HU, RO, SE, DK, NO<\/span><\/p>\n<p data-start=\"1673\" data-end=\"1728\" style=\"text-align: center;\" class=\"def\"><span style=\"font-size: 14pt;\" class=\"def\"><strong data-start=\"1673\" data-end=\"1686\" class=\"def\">Materia\u0142:<\/strong> \u017celiwo, stal nierdzewna, stal walcowana<\/span><\/p>\n<p data-start=\"1731\" data-end=\"1765\" style=\"text-align: center;\" class=\"def\"><span style=\"font-size: 14pt;\" class=\"def\"><strong data-start=\"1731\" data-end=\"1750\" class=\"def\">Wymiary rusztu:<\/strong> 60 \u00d7 41,5 cm<\/span><\/p>\n<p data-start=\"1768\" data-end=\"1795\" style=\"text-align: center;\" class=\"def\"><span style=\"font-size: 14pt;\" class=\"def\"><strong data-start=\"1768\" data-end=\"1778\" class=\"def\">Kolor:<\/strong> Czarny \/ stalowy<\/span><\/p>\n<p data-start=\"1768\" data-end=\"1795\" style=\"text-align: center;\" class=\"def\"><span style=\"font-size: 14pt;\" class=\"def\"><img loading=\"lazy\" decoding=\"async\" src=\"https:\/\/berlingerhaus.com.pl\/images\/tn107\/5000-6000\/Grill-gazowy-ogrodowy-4-palnikowy-L-BerlingerHaus-z-rusztem-zeliwnym-BH-8605_[5579]_696.jpg\" width=\"779\" height=\"519\" alt=\"\" class=\"def\"><\/span><\/p>\n<h3 data-start=\"1802\" data-end=\"1830\" style=\"text-align: center;\" class=\"def\"><span style=\"font-size: 18pt;\" class=\"def\"><strong data-start=\"1809\" data-end=\"1828\" class=\"def\">Dlaczego warto?<\/strong><\/span><\/h3>\n<p data-start=\"1831\" data-end=\"2131\" style=\"text-align: center;\" class=\"def\"><span style=\"font-size: 14pt;\" class=\"def\">Grill BH-8605 od <strong data-start=\"1848\" data-end=\"1865\" class=\"def\">BerlingerHaus<\/strong> to doskona\u0142e po\u0142\u0105czenie <strong data-start=\"1890\" data-end=\"1965\" class=\"def\">du\u017cej powierzchni grillowania, precyzji dzia\u0142ania i solidnego wykonania<\/strong>.<\/span><\/p>\n<p data-start=\"1831\" data-end=\"2131\" style=\"text-align: center;\" class=\"def\"><span style=\"font-size: 14pt;\" class=\"def\">&nbsp;Dzi\u0119ki \u017celiwnym rusztom potrawy zachowuj\u0105 idealny smak i struktur\u0119, a automatyczny zap\u0142on i \u0142atwe czyszczenie gwarantuj\u0105 komfort u\u017cytkowania na najwy\u017cszym poziomie.<\/span><\/p>\n<p data-start=\"1768\" data-end=\"1795\" style=\"text-align: center;\" class=\"def\"><span style=\"font-size: 14pt;\" class=\"def\"><\/span><\/p>\n<p style=\"text-align: center;\" class=\"def\"><span style=\"font-size: 14pt;\" class=\"def\"><img loading=\"lazy\" decoding=\"async\" src=\"https:\/\/berlingerhaus.com.pl\/images\/tn107\/5000-6000\/Grill-gazowy-ogrodowy-4-palnikowy-L-BerlingerHaus-z-rusztem-zeliwnym-BH-8605_[5582]_696.jpg\" width=\"571\" height=\"571\" alt=\"\" style=\"float: right;\" class=\"def\"><\/span><img loading=\"lazy\" decoding=\"async\" src=\"https:\/\/berlingerhaus.com.pl\/images\/tn107\/5000-6000\/Grill-gazowy-ogrodowy-4-palnikowy-L-BerlingerHaus-z-rusztem-zeliwnym-BH-8605_[5577]_696.jpg\" width=\"561\" height=\"561\" alt=\"\" style=\"float: left;\" class=\"def\"><\/p>\n","protected":false},"excerpt":{"rendered":"<p>Grill gazowy 4-palnikowy z \u017celiwnym rusztem i termometrem. Du\u017ca powierzchnia 60&#215;41,5 cm, automatyczny zap\u0142on, emaliowane ruszty, t\u0142umiki p\u0142omieni. Idealny grill ogrodowy XXL!<\/p>\n","protected":false},"featured_media":0,"comment_status":"open","ping_status":"closed","template":"","meta":{"ocean_post_layout":"","ocean_both_sidebars_style":"","ocean_both_sidebars_content_width":0,"ocean_both_sidebars_sidebars_width":0,"ocean_sidebar":"","ocean_second_sidebar":"","ocean_disable_margins":"enable","ocean_add_body_class":"","ocean_shortcode_before_top_bar":"","ocean_shortcode_after_top_bar":"","ocean_shortcode_before_header":"","ocean_shortcode_after_header":"","ocean_has_shortcode":"","ocean_shortcode_after_title":"","ocean_shortcode_before_footer_widgets":"","ocean_shortcode_after_footer_widgets":"","ocean_shortcode_before_footer_bottom":"","ocean_shortcode_after_footer_bottom":"","ocean_display_top_bar":"default","ocean_display_header":"default","ocean_header_style":"","ocean_center_header_left_menu":"","ocean_custom_header_template":"","ocean_custom_logo":0,"ocean_custom_retina_logo":0,"ocean_custom_logo_max_width":0,"ocean_custom_logo_tablet_max_width":0,"ocean_custom_logo_mobile_max_width":0,"ocean_custom_logo_max_height":0,"ocean_custom_logo_tablet_max_height":0,"ocean_custom_logo_mobile_max_height":0,"ocean_header_custom_menu":"","ocean_menu_typo_font_family":"","ocean_menu_typo_font_subset":"","ocean_menu_typo_font_size":0,"ocean_menu_typo_font_size_tablet":0,"ocean_menu_typo_font_size_mobile":0,"ocean_menu_typo_font_size_unit":"px","ocean_menu_typo_font_weight":"","ocean_menu_typo_font_weight_tablet":"","ocean_menu_typo_font_weight_mobile":"","ocean_menu_typo_transform":"","ocean_menu_typo_transform_tablet":"","ocean_menu_typo_transform_mobile":"","ocean_menu_typo_line_height":0,"ocean_menu_typo_line_height_tablet":0,"ocean_menu_typo_line_height_mobile":0,"ocean_menu_typo_line_height_unit":"","ocean_menu_typo_spacing":0,"ocean_menu_typo_spacing_tablet":0,"ocean_menu_typo_spacing_mobile":0,"ocean_menu_typo_spacing_unit":"","ocean_menu_link_color":"","ocean_menu_link_color_hover":"","ocean_menu_link_color_active":"","ocean_menu_link_background":"","ocean_menu_link_hover_background":"","ocean_menu_link_active_background":"","ocean_menu_social_links_bg":"","ocean_menu_social_hover_links_bg":"","ocean_menu_social_links_color":"","ocean_menu_social_hover_links_color":"","ocean_disable_title":"default","ocean_disable_heading":"default","ocean_post_title":"","ocean_post_subheading":"","ocean_post_title_style":"","ocean_post_title_background_color":"","ocean_post_title_background":0,"ocean_post_title_bg_image_position":"","ocean_post_title_bg_image_attachment":"","ocean_post_title_bg_image_repeat":"","ocean_post_title_bg_image_size":"","ocean_post_title_height":0,"ocean_post_title_bg_overlay":0.5,"ocean_post_title_bg_overlay_color":"","ocean_disable_breadcrumbs":"default","ocean_breadcrumbs_color":"","ocean_breadcrumbs_separator_color":"","ocean_breadcrumbs_links_color":"","ocean_breadcrumbs_links_hover_color":"","ocean_display_footer_widgets":"default","ocean_display_footer_bottom":"default","ocean_custom_footer_template":""},"product_brand":[],"product_cat":[15],"product_tag":[3898,4896,3897,4144],"class_list":{"0":"post-6562","1":"product","2":"type-product","3":"status-publish","5":"product_cat-wszystkie-produkty","6":"product_tag-3898","7":"product_tag-4896","8":"product_tag-berlinger-haus","9":"product_tag-bh-8605","11":"entry","13":"first","14":"instock","15":"shipping-taxable","16":"product-type-simple","17":"has-product-nav","18":"col","19":"span_1_of_4","20":"owp-content-center","21":"owp-thumbs-layout-horizontal","22":"owp-btn-normal","23":"owp-tabs-layout-horizontal","24":"has-no-thumbnails"},"jetpack_sharing_enabled":true,"_links":{"self":[{"href":"https:\/\/domigoo.pl\/index.php\/wp-json\/wp\/v2\/product\/6562","targetHints":{"allow":["GET"]}}],"collection":[{"href":"https:\/\/domigoo.pl\/index.php\/wp-json\/wp\/v2\/product"}],"about":[{"href":"https:\/\/domigoo.pl\/index.php\/wp-json\/wp\/v2\/types\/product"}],"replies":[{"embeddable":true,"href":"https:\/\/domigoo.pl\/index.php\/wp-json\/wp\/v2\/comments?post=6562"}],"wp:attachment":[{"href":"https:\/\/domigoo.pl\/index.php\/wp-json\/wp\/v2\/media?parent=6562"}],"wp:term":[{"taxonomy":"product_brand","embeddable":true,"href":"https:\/\/domigoo.pl\/index.php\/wp-json\/wp\/v2\/product_brand?post=6562"},{"taxonomy":"product_cat","embeddable":true,"href":"https:\/\/domigoo.pl\/index.php\/wp-json\/wp\/v2\/product_cat?post=6562"},{"taxonomy":"product_tag","embeddable":true,"href":"https:\/\/domigoo.pl\/index.php\/wp-json\/wp\/v2\/product_tag?post=6562"}],"curies":[{"name":"wp","href":"https:\/\/api.w.org\/{rel}","templated":true}]}}