{"id":6563,"date":"2025-09-12T10:27:33","date_gmt":"2025-09-12T08:27:33","guid":{"rendered":"https:\/\/domigoo.pl\/index.php\/produkt\/grill-ogrodowy-okragly-berlingerhaus-bh-8648\/"},"modified":"2026-04-13T13:30:55","modified_gmt":"2026-04-13T11:30:55","slug":"grill-ogrodowy-okragly-berlingerhaus-bh-8648","status":"publish","type":"product","link":"https:\/\/domigoo.pl\/index.php\/produkt\/grill-ogrodowy-okragly-berlingerhaus-bh-8648\/","title":{"rendered":"Grill ogrodowy okr\u0105g\u0142y BerlingerHaus BH-8648"},"content":{"rendered":"<p style=\"text-align: center;\" class=\"def\"><strong class=\"def\"><span style=\"font-size: 18pt;\" class=\"def\">Grill&nbsp;ogrodowy okr\u0105g\u0142y BerlingerHaus BH-8648<\/span><\/strong><\/p>\n<p style=\"text-align: center;\" class=\"def\">&nbsp;<\/p>\n<p style=\"text-align: center;\" class=\"def\"><img fetchpriority=\"high\" decoding=\"async\" src=\"https:\/\/berlingerhaus.com.pl\/images\/tn107\/3000-4000\/Grill-ogrodowy-okragly-BerlingerHaus-BH-8648_[3394]_696.jpg\" width=\"478\" height=\"478\" alt=\"\" class=\"def\">&nbsp;<\/p>\n<p style=\"text-align: center;\" class=\"def\">&nbsp;<\/p>\n<p style=\"text-align: center;\" class=\"def\"><span style=\"font-size: 12pt;\" class=\"def\">Wyobra\u017a sobie letni wiecz\u00f3r, delikatny szum li\u015bci i aromatyczne zapachy unosz\u0105ce si\u0119 w powietrzu.<\/span><br class=\"def\"><br \/>\n<span style=\"font-size: 12pt;\" class=\"def\">To w\u0142a\u015bnie Grill Ogrodowy BerlingerHaus zaprasza Ci\u0119 do stworzenia niezapomnianych wspomnie\u0144.<\/span><br class=\"def\"><br \/>\n<span style=\"font-size: 12pt;\" class=\"def\">Jego solidna konstrukcja z najlepszych materia\u0142\u00f3w gwarantuje wytrzyma\u0142o\u015b\u0107 i bezpiecze\u0144stwo, a elegancki design sprawia, \u017ce staje si\u0119 on ozdob\u0105 ka\u017cdego ogrodu.&nbsp;<\/span><\/p>\n<p style=\"text-align: center;\" class=\"def\"><span style=\"font-size: 12pt;\" class=\"def\">Grill ogrodowy to nie tylko urz\u0105dzenie do gotowania, ale tak\u017ce centrum towarzyskich spotka\u0144, gdzie rodzina i przyjaciele mog\u0105 cieszy\u0107 si\u0119 wsp\u00f3lnie sp\u0119dzonym czasem.<\/span><br class=\"def\"><br \/>\n<br class=\"def\">\n<\/p>\n<p style=\"text-align: center;\" class=\"def\"><img decoding=\"async\" src=\"https:\/\/berlingerhaus.com.pl\/images\/tn107\/3000-4000\/Grill-ogrodowy-okragly-BerlingerHaus-BH-8648_[3395]_696.jpg\" width=\"525\" height=\"525\" alt=\"\" class=\"def\"><\/p>\n<p style=\"text-align: center;\" class=\"def\"><br class=\"def\"><br \/>\n<span style=\"font-size: 14pt;\" class=\"def\"><strong class=\"def\">Cechy produktu:&nbsp;<\/strong><\/span><\/p>\n<p style=\"text-align: center;\" class=\"def\"><span style=\"font-size: 14pt;\" class=\"def\"><span style=\"font-size: 12pt;\" class=\"def\">Materia\u0142: stal<\/span><\/span><\/p>\n<p style=\"text-align: center;\" class=\"def\"><span style=\"font-size: 12pt;\" class=\"def\">Powierzchnia grillowania: 33 cm;<\/span><\/p>\n<p style=\"text-align: center;\" class=\"def\"><span style=\"font-size: 12pt;\" class=\"def\">Ruszt wykonany z chromowanej stali;<\/span><\/p>\n<p style=\"text-align: center;\" class=\"def\"><span style=\"font-size: 12pt;\" class=\"def\">4 stopniowa regulacja wysoko\u015bci rusztu<\/span><\/p>\n<p style=\"text-align: center;\" class=\"def\"><span style=\"font-size: 12pt;\" class=\"def\">Po z\u0142o\u017ceniu zajmuje bardzo ma\u0142o miejsca.<\/span><\/p>\n<p style=\"text-align: center;\" class=\"def\"><span style=\"font-size: 12pt;\" class=\"def\">&nbsp;<\/span><\/p>\n","protected":false},"excerpt":{"rendered":"<p>Materia\u0142: stal<br \/>\nRozmiar: 47*36*56 cm<br \/>\nChromowany ruszt grillowy 33cm<br \/>\nMiska paleniskowa: \u00d838*7 cm<\/p>\n","protected":false},"featured_media":0,"comment_status":"open","ping_status":"closed","template":"","meta":{"ocean_post_layout":"","ocean_both_sidebars_style":"","ocean_both_sidebars_content_width":0,"ocean_both_sidebars_sidebars_width":0,"ocean_sidebar":"","ocean_second_sidebar":"","ocean_disable_margins":"enable","ocean_add_body_class":"","ocean_shortcode_before_top_bar":"","ocean_shortcode_after_top_bar":"","ocean_shortcode_before_header":"","ocean_shortcode_after_header":"","ocean_has_shortcode":"","ocean_shortcode_after_title":"","ocean_shortcode_before_footer_widgets":"","ocean_shortcode_after_footer_widgets":"","ocean_shortcode_before_footer_bottom":"","ocean_shortcode_after_footer_bottom":"","ocean_display_top_bar":"default","ocean_display_header":"default","ocean_header_style":"","ocean_center_header_left_menu":"","ocean_custom_header_template":"","ocean_custom_logo":0,"ocean_custom_retina_logo":0,"ocean_custom_logo_max_width":0,"ocean_custom_logo_tablet_max_width":0,"ocean_custom_logo_mobile_max_width":0,"ocean_custom_logo_max_height":0,"ocean_custom_logo_tablet_max_height":0,"ocean_custom_logo_mobile_max_height":0,"ocean_header_custom_menu":"","ocean_menu_typo_font_family":"","ocean_menu_typo_font_subset":"","ocean_menu_typo_font_size":0,"ocean_menu_typo_font_size_tablet":0,"ocean_menu_typo_font_size_mobile":0,"ocean_menu_typo_font_size_unit":"px","ocean_menu_typo_font_weight":"","ocean_menu_typo_font_weight_tablet":"","ocean_menu_typo_font_weight_mobile":"","ocean_menu_typo_transform":"","ocean_menu_typo_transform_tablet":"","ocean_menu_typo_transform_mobile":"","ocean_menu_typo_line_height":0,"ocean_menu_typo_line_height_tablet":0,"ocean_menu_typo_line_height_mobile":0,"ocean_menu_typo_line_height_unit":"","ocean_menu_typo_spacing":0,"ocean_menu_typo_spacing_tablet":0,"ocean_menu_typo_spacing_mobile":0,"ocean_menu_typo_spacing_unit":"","ocean_menu_link_color":"","ocean_menu_link_color_hover":"","ocean_menu_link_color_active":"","ocean_menu_link_background":"","ocean_menu_link_hover_background":"","ocean_menu_link_active_background":"","ocean_menu_social_links_bg":"","ocean_menu_social_hover_links_bg":"","ocean_menu_social_links_color":"","ocean_menu_social_hover_links_color":"","ocean_disable_title":"default","ocean_disable_heading":"default","ocean_post_title":"","ocean_post_subheading":"","ocean_post_title_style":"","ocean_post_title_background_color":"","ocean_post_title_background":0,"ocean_post_title_bg_image_position":"","ocean_post_title_bg_image_attachment":"","ocean_post_title_bg_image_repeat":"","ocean_post_title_bg_image_size":"","ocean_post_title_height":0,"ocean_post_title_bg_overlay":0.5,"ocean_post_title_bg_overlay_color":"","ocean_disable_breadcrumbs":"default","ocean_breadcrumbs_color":"","ocean_breadcrumbs_separator_color":"","ocean_breadcrumbs_links_color":"","ocean_breadcrumbs_links_hover_color":"","ocean_display_footer_widgets":"default","ocean_display_footer_bottom":"default","ocean_custom_footer_template":""},"product_brand":[],"product_cat":[15],"product_tag":[3898,4140,3897,4146],"class_list":{"0":"post-6563","1":"product","2":"type-product","3":"status-publish","5":"product_cat-wszystkie-produkty","6":"product_tag-3898","7":"product_tag-4140","8":"product_tag-berlinger-haus","9":"product_tag-bh-8648","11":"entry","13":"first","14":"instock","15":"shipping-taxable","16":"product-type-simple","17":"has-product-nav","18":"col","19":"span_1_of_4","20":"owp-content-center","21":"owp-thumbs-layout-horizontal","22":"owp-btn-normal","23":"owp-tabs-layout-horizontal","24":"has-no-thumbnails"},"jetpack_sharing_enabled":true,"_links":{"self":[{"href":"https:\/\/domigoo.pl\/index.php\/wp-json\/wp\/v2\/product\/6563","targetHints":{"allow":["GET"]}}],"collection":[{"href":"https:\/\/domigoo.pl\/index.php\/wp-json\/wp\/v2\/product"}],"about":[{"href":"https:\/\/domigoo.pl\/index.php\/wp-json\/wp\/v2\/types\/product"}],"replies":[{"embeddable":true,"href":"https:\/\/domigoo.pl\/index.php\/wp-json\/wp\/v2\/comments?post=6563"}],"wp:attachment":[{"href":"https:\/\/domigoo.pl\/index.php\/wp-json\/wp\/v2\/media?parent=6563"}],"wp:term":[{"taxonomy":"product_brand","embeddable":true,"href":"https:\/\/domigoo.pl\/index.php\/wp-json\/wp\/v2\/product_brand?post=6563"},{"taxonomy":"product_cat","embeddable":true,"href":"https:\/\/domigoo.pl\/index.php\/wp-json\/wp\/v2\/product_cat?post=6563"},{"taxonomy":"product_tag","embeddable":true,"href":"https:\/\/domigoo.pl\/index.php\/wp-json\/wp\/v2\/product_tag?post=6563"}],"curies":[{"name":"wp","href":"https:\/\/api.w.org\/{rel}","templated":true}]}}