{"id":6567,"date":"2025-09-12T10:27:34","date_gmt":"2025-09-12T08:27:34","guid":{"rendered":"https:\/\/domigoo.pl\/index.php\/produkt\/kawiarka-na-3-filizanki-berlingerhaus-sahara-collection-bh-8571\/"},"modified":"2026-04-06T11:32:19","modified_gmt":"2026-04-06T09:32:19","slug":"kawiarka-na-3-filizanki-berlingerhaus-sahara-collection-bh-8571","status":"publish","type":"product","link":"https:\/\/domigoo.pl\/index.php\/produkt\/kawiarka-na-3-filizanki-berlingerhaus-sahara-collection-bh-8571\/","title":{"rendered":"Kawiarka na 3 fili\u017canki BerlingerHaus Sahara Collection BH-8571"},"content":{"rendered":"<h2 style=\"text-align: center;\" class=\"def\"><span style=\"font-size: 24pt;\" class=\"def\">Kawiarka na 3 fili\u017canki BerlingerHaus 150ml<\/span><\/h2>\n<h2 style=\"text-align: center;\" class=\"def\"><span style=\"font-size: 24pt;\" class=\"def\">Sahara Collection BH-8571.<\/span><\/h2>\n<p class=\"def\"><img fetchpriority=\"high\" decoding=\"async\" src=\"https:\/\/berlingerhaus.com.pl\/images\/tn107\/4000-5000\/Kawiarka-na-3-filizanki-BerlingerHaus-Sahara-Collection-BH-8571_[4127]_696.jpg\" width=\"642\" height=\"642\" alt=\"\" style=\"display: block; margin-left: auto; margin-right: auto;\" class=\"def\"><\/p>\n<p class=\"def\">\n<h2 style=\"text-align: center;\" class=\"def\"><span style=\"font-size: 24pt;\" class=\"def\">Cechy Produktu:<\/span><\/h2>\n<h2 style=\"text-align: center;\" class=\"def\"><span style=\"font-size: 14pt;\" class=\"def\">Mi\u0119kki w dotyku <strong class=\"def\">NIENAGRZEWAJ\u0104CY<\/strong><\/span><span style=\"font-size: 14pt;\" class=\"def\"><strong class=\"def\">&nbsp;&nbsp;<\/strong>uchwyt i ga\u0142ka<\/span><\/h2>\n<h2 style=\"text-align: center;\" class=\"def\"><span style=\"font-size: 14pt;\" class=\"def\">Przystosowana do wszystkich rodzaj\u00f3w kuchenek,&nbsp;<strong class=\"def\">z wyj\u0105tkiem&nbsp; INDUKCYJNYCH!&nbsp;<\/strong><\/span><\/h2>\n<p style=\"text-align: center;\" class=\"def\"><span style=\"font-size: 14pt;\" class=\"def\"><strong class=\"def\"><\/strong><\/span><\/p>\n<p style=\"text-align: center;\" class=\"def\"><span style=\"font-size: 14pt;\" class=\"def\"><strong class=\"def\">\u015awietna jako\u015b\u0107<\/strong>: Wykonana z wysokiej jako\u015bci materia\u0142\u00f3w, zapewnia trwa\u0142o\u015b\u0107 i niezawodno\u015b\u0107.<\/span><\/p>\n<p style=\"font-size: 14pt; text-align: center;\" class=\"def\"><span style=\"font-size: 14pt;\" class=\"def\"><\/span><\/p>\n<p style=\"text-align: center;\" class=\"def\"><span style=\"font-size: 14pt;\" class=\"def\"><strong class=\"def\">Szybki, \u0142atwy i bezpieczny w u\u017cyciu<\/strong>: Zaprojektowana z my\u015bl\u0105 o wygodzie u\u017cytkownika, pozwala na szybkie i bezproblemowe parzenie kawy.<\/span><\/p>\n<p style=\"font-size: 14pt; text-align: center;\" class=\"def\"><span style=\"font-size: 14pt;\" class=\"def\"><\/span><\/p>\n<p style=\"text-align: center;\" class=\"def\"><span style=\"font-size: 14pt;\" class=\"def\"><strong class=\"def\">Kawiarka umo\u017cliwia przygotowanie 3 fili\u017canek espresso.<\/strong><\/span><\/p>\n<ul style=\"text-align: center;\" class=\"def\">\n<\/ul>\n<p style=\"text-align: center;\" class=\"def\"><span style=\"font-size: 14pt;\" class=\"def\"><\/span><\/p>\n<p style=\"text-align: center;\" class=\"def\"><img decoding=\"async\" src=\"https:\/\/berlingerhaus.com.pl\/images\/tn107\/4000-5000\/Kawiarka-na-3-filizanki-BerlingerHaus-Sahara-Collection-BH-8571_[4124]_696.jpg\" width=\"595\" height=\"595\" alt=\"\" class=\"def\"><\/p>\n<p style=\"text-align: center;\" class=\"def\">\n<p style=\"text-align: center;\" class=\"def\"><span style=\"font-size: 14pt;\" class=\"def\"><strong class=\"def\"><span style=\"font-size: 18pt;\" class=\"def\">Sk\u0142ada si\u0119 z 3 element\u00f3w:<\/span><\/strong><\/span><\/p>\n<p style=\"text-align: center;\" class=\"def\"><span style=\"font-size: 14pt; font-family: verdana, geneva, sans-serif;\" class=\"def\">Dolny zbiornik na wod\u0119 z zaworem bezpiecze\u0144stwa<\/span><\/p>\n<p style=\"text-align: center;\" class=\"def\"><span style=\"font-size: 14pt; font-family: verdana, geneva, sans-serif;\" class=\"def\">Lejek z sitkiem na zmielon\u0105 kaw\u0119.<\/span><\/p>\n<p style=\"text-align: center;\" class=\"def\"><span style=\"font-size: 14pt; font-family: verdana, geneva, sans-serif;\" class=\"def\">G\u00f3rny zbiornik na gotow\u0105 kaw\u0119.<\/span><\/p>\n<p style=\"text-align: left;\" class=\"def\"><span style=\"font-size: 14pt; font-family: verdana, geneva, sans-serif;\" class=\"def\">&nbsp;<\/span><\/p>\n<p style=\"text-align: center;\" class=\"def\"><span style=\"font-size: 18.6667px; color: rgb(0, 0, 0);\" class=\"def\"><b class=\"def\"><span style=\"text-decoration: underline;\" class=\"def\"><img decoding=\"async\" src=\"https:\/\/berlingerhaus.com.pl\/images\/tn107\/4000-5000\/Kawiarka-na-3-filizanki-BerlingerHaus-Sahara-Collection-BH-8571_[4127]_696.jpg\" width=\"473\" height=\"473\" alt=\"\" class=\"def\"><\/span><\/b><\/span><\/p>\n<p style=\"text-align: center;\" class=\"def\"><span style=\"font-size: 18.6667px; color: rgb(0, 0, 0);\" class=\"def\"><b class=\"def\"><span style=\"text-decoration: underline;\" class=\"def\">Instrukcja u\u017cytkowania.&nbsp;<\/span><\/b><\/span><\/p>\n<p style=\"text-align: center;\" class=\"def\"><span style=\"font-size: 14pt;\" class=\"def\">Do dolnej cz\u0119\u015bci kawiarki nalewamy wod\u0119.<\/span><\/p>\n<p style=\"text-align: center;\" class=\"def\"><span style=\"font-size: 14pt;\" class=\"def\">&nbsp;Nast\u0119pnie zak\u0142adamy sitko, po czym do sitka nasypujemy zmielon\u0105 kaw\u0119 (nie ubijamy).<\/span><\/p>\n<p style=\"text-align: center;\" class=\"def\"><span style=\"font-size: 14pt;\" class=\"def\">Stawiamy na kuchenk\u0119 Woda gotuj\u0105c si\u0119 zmienia si\u0119 w par\u0119 po czym przechodzi z dolnego zbiornika do g\u00f3ry zaparzaj\u0105c kaw\u0119 w sitku. <\/span><\/p>\n<p style=\"text-align: center;\" class=\"def\"><span style=\"font-size: 14pt;\" class=\"def\">Gdy z dolnego otworu us\u0142yszymy \u015bwiszczenie pary, nale\u017cy zdj\u0105\u0107 kawiark\u0119 z kuchenki Ca\u0142kowity czas parzenia trwa 3-4min. <\/span><\/p>\n<p style=\"text-align: center;\" class=\"def\"><span style=\"font-size: 14pt;\" class=\"def\">Espresso serwowane w ma\u0142ej, ogrzanej przed podaniem fili\u017cance o pojemno\u015bci ok.<\/span><span style=\"font-size: 14pt;\" class=\"def\">70-100 ml, wype\u0142nia j\u0105 do po\u0142owy. Porcja kawy espresso to 35 &#8211; 50ml napoju.<\/span><\/p>\n<p style=\"text-align: left;\" class=\"def\"><span style=\"font-size: 14pt;\" class=\"def\"><\/span><\/p>\n","protected":false},"excerpt":{"rendered":"<p>Materia\u0142: aluminium<br \/>\n Pojemno\u015b\u0107: 150 ml<br \/>\n Kolor: matowy krem<br \/>\nMi\u0119kki w dotyku uchwyt i ga\u0142ka<br \/>\n\u015awietna jako\u015b\u0107<br \/>\nSzybki, \u0142atwy i bezpieczny w u\u017cyciu<br \/>\n\u0141atwe do czyszczenia<\/p>\n","protected":false},"featured_media":0,"comment_status":"open","ping_status":"closed","template":"","meta":{"ocean_post_layout":"","ocean_both_sidebars_style":"","ocean_both_sidebars_content_width":0,"ocean_both_sidebars_sidebars_width":0,"ocean_sidebar":"","ocean_second_sidebar":"","ocean_disable_margins":"enable","ocean_add_body_class":"","ocean_shortcode_before_top_bar":"","ocean_shortcode_after_top_bar":"","ocean_shortcode_before_header":"","ocean_shortcode_after_header":"","ocean_has_shortcode":"","ocean_shortcode_after_title":"","ocean_shortcode_before_footer_widgets":"","ocean_shortcode_after_footer_widgets":"","ocean_shortcode_before_footer_bottom":"","ocean_shortcode_after_footer_bottom":"","ocean_display_top_bar":"default","ocean_display_header":"default","ocean_header_style":"","ocean_center_header_left_menu":"","ocean_custom_header_template":"","ocean_custom_logo":0,"ocean_custom_retina_logo":0,"ocean_custom_logo_max_width":0,"ocean_custom_logo_tablet_max_width":0,"ocean_custom_logo_mobile_max_width":0,"ocean_custom_logo_max_height":0,"ocean_custom_logo_tablet_max_height":0,"ocean_custom_logo_mobile_max_height":0,"ocean_header_custom_menu":"","ocean_menu_typo_font_family":"","ocean_menu_typo_font_subset":"","ocean_menu_typo_font_size":0,"ocean_menu_typo_font_size_tablet":0,"ocean_menu_typo_font_size_mobile":0,"ocean_menu_typo_font_size_unit":"px","ocean_menu_typo_font_weight":"","ocean_menu_typo_font_weight_tablet":"","ocean_menu_typo_font_weight_mobile":"","ocean_menu_typo_transform":"","ocean_menu_typo_transform_tablet":"","ocean_menu_typo_transform_mobile":"","ocean_menu_typo_line_height":0,"ocean_menu_typo_line_height_tablet":0,"ocean_menu_typo_line_height_mobile":0,"ocean_menu_typo_line_height_unit":"","ocean_menu_typo_spacing":0,"ocean_menu_typo_spacing_tablet":0,"ocean_menu_typo_spacing_mobile":0,"ocean_menu_typo_spacing_unit":"","ocean_menu_link_color":"","ocean_menu_link_color_hover":"","ocean_menu_link_color_active":"","ocean_menu_link_background":"","ocean_menu_link_hover_background":"","ocean_menu_link_active_background":"","ocean_menu_social_links_bg":"","ocean_menu_social_hover_links_bg":"","ocean_menu_social_links_color":"","ocean_menu_social_hover_links_color":"","ocean_disable_title":"default","ocean_disable_heading":"default","ocean_post_title":"","ocean_post_subheading":"","ocean_post_title_style":"","ocean_post_title_background_color":"","ocean_post_title_background":0,"ocean_post_title_bg_image_position":"","ocean_post_title_bg_image_attachment":"","ocean_post_title_bg_image_repeat":"","ocean_post_title_bg_image_size":"","ocean_post_title_height":0,"ocean_post_title_bg_overlay":0.5,"ocean_post_title_bg_overlay_color":"","ocean_disable_breadcrumbs":"default","ocean_breadcrumbs_color":"","ocean_breadcrumbs_separator_color":"","ocean_breadcrumbs_links_color":"","ocean_breadcrumbs_links_hover_color":"","ocean_display_footer_widgets":"default","ocean_display_footer_bottom":"default","ocean_custom_footer_template":""},"product_brand":[],"product_cat":[15],"product_tag":[3930,3898,3897,4150],"class_list":{"0":"post-6567","1":"product","2":"type-product","3":"status-publish","5":"product_cat-wszystkie-produkty","6":"product_tag-3930","7":"product_tag-3898","8":"product_tag-berlinger-haus","9":"product_tag-bh-8571","11":"entry","13":"first","14":"instock","15":"shipping-taxable","16":"product-type-simple","17":"has-product-nav","18":"col","19":"span_1_of_4","20":"owp-content-center","21":"owp-thumbs-layout-horizontal","22":"owp-btn-normal","23":"owp-tabs-layout-horizontal","24":"has-no-thumbnails"},"jetpack_sharing_enabled":true,"_links":{"self":[{"href":"https:\/\/domigoo.pl\/index.php\/wp-json\/wp\/v2\/product\/6567","targetHints":{"allow":["GET"]}}],"collection":[{"href":"https:\/\/domigoo.pl\/index.php\/wp-json\/wp\/v2\/product"}],"about":[{"href":"https:\/\/domigoo.pl\/index.php\/wp-json\/wp\/v2\/types\/product"}],"replies":[{"embeddable":true,"href":"https:\/\/domigoo.pl\/index.php\/wp-json\/wp\/v2\/comments?post=6567"}],"wp:attachment":[{"href":"https:\/\/domigoo.pl\/index.php\/wp-json\/wp\/v2\/media?parent=6567"}],"wp:term":[{"taxonomy":"product_brand","embeddable":true,"href":"https:\/\/domigoo.pl\/index.php\/wp-json\/wp\/v2\/product_brand?post=6567"},{"taxonomy":"product_cat","embeddable":true,"href":"https:\/\/domigoo.pl\/index.php\/wp-json\/wp\/v2\/product_cat?post=6567"},{"taxonomy":"product_tag","embeddable":true,"href":"https:\/\/domigoo.pl\/index.php\/wp-json\/wp\/v2\/product_tag?post=6567"}],"curies":[{"name":"wp","href":"https:\/\/api.w.org\/{rel}","templated":true}]}}