{"id":6572,"date":"2025-09-12T10:27:46","date_gmt":"2025-09-12T08:27:46","guid":{"rendered":"https:\/\/domigoo.pl\/index.php\/produkt\/komplet-6-nozy-z-listwa-magnetyczna-berlingerhaus-black-rose-bh-2942\/"},"modified":"2026-04-06T11:38:18","modified_gmt":"2026-04-06T09:38:18","slug":"komplet-6-nozy-z-listwa-magnetyczna-berlingerhaus-black-rose-bh-2942","status":"publish","type":"product","link":"https:\/\/domigoo.pl\/index.php\/produkt\/komplet-6-nozy-z-listwa-magnetyczna-berlingerhaus-black-rose-bh-2942\/","title":{"rendered":"No\u017ce kuchenne | Komplet 6 no\u017cy z listw\u0105 magnetyczn\u0105 BerlingerHaus Black Rose BH-2942"},"content":{"rendered":"<h1 style=\"text-align: center;\" class=\"def\"><strong class=\"def\">Komplet 6 no\u017cy z listw\u0105 magnetyczn\u0105 BerlingerHaus<\/strong><\/h1>\n<h1 style=\"text-align: center;\" class=\"def\"><strong class=\"def\">&nbsp;Black Rose BH-2942<\/strong><\/h1>\n<hr class=\"def\">\n<p class=\"def\">\n<p style=\"text-align: center;\" class=\"def\"><span style=\"font-size: 14pt;\" class=\"def\">Komplet no\u017cy z listw\u0105 magnetyczn\u0105 BerlingerHaus Black Rose Collection 6 i szt. to elegancki i funkcjonalny zestaw narz\u0119dzi kuchennych.&nbsp;<\/span><\/p>\n<p style=\"text-align: center;\" class=\"def\"><span style=\"font-size: 14pt;\" class=\"def\">Linia Black Rose Collection gwarantuje stylowy design no\u017cy, kt\u00f3re b\u0119d\u0105 ozdob\u0105 ka\u017cdej kuchni. <\/span><\/p>\n<p style=\"text-align: center;\" class=\"def\"><span style=\"font-size: 14pt;\" class=\"def\">W sk\u0142ad zestawu wchodzi co najmniej 6 no\u017cy, co umo\u017cliwia ich wszechstronne wykorzystanie w r\u00f3\u017cnych sytuacjach.&nbsp;<\/span><\/p>\n<p style=\"text-align: center;\" class=\"def\"><span style=\"font-size: 14pt;\" class=\"def\">Dodatkowo, no\u017ce s\u0105 zapakowane w listw\u0119 magnetyczn\u0105, dzi\u0119ki czemu zawsze s\u0105 w zasi\u0119gu Twojej r\u0119ki.<\/span><\/p>\n<p style=\"text-align: center;\" class=\"def\"><span style=\"font-size: 14pt;\" class=\"def\"><\/span><\/p>\n<p style=\"text-align: center;\" class=\"def\"><span style=\"font-size: 14pt;\" class=\"def\"><img fetchpriority=\"high\" decoding=\"async\" src=\"https:\/\/berlingerhaus.com.pl\/images\/tn107\/6000-7000\/Komplet-6-nozy-z-listwa-magnetyczna-BerlingerHaus-Black-Rose-BH-2942_[6068]_696.jpg\" width=\"696\" height=\"696\" alt=\"\" class=\"def\"><\/span><\/p>\n<h2 style=\"text-align: center;\" class=\"def\"><img decoding=\"async\" src=\"https:\/\/berlingerhaus.com.pl\/images\/tn107\/6000-7000\/Komplet-6-nozy-z-listwa-magnetyczna-BerlingerHaus-Black-Rose-BH-2942_[6069]_696.jpg\" width=\"569\" height=\"569\" alt=\"\" style=\"float: left;\" class=\"def\"><span style=\"font-size: 18pt;\" class=\"def\"><strong class=\"def\">Cechy produktu:<\/strong><\/span><\/h2>\n<p style=\"text-align: center;\" class=\"def\"><span style=\"font-size: 14pt;\" class=\"def\"><strong class=\"def\">Linia:<\/strong> Black Rose Collection<\/span><\/p>\n<p style=\"text-align: center;\" class=\"def\"><span style=\"font-size: 14pt;\" class=\"def\"><strong class=\"def\">Marka:<\/strong> Berlinger Haus<\/span><\/p>\n<p style=\"text-align: center;\" class=\"def\"><span style=\"font-size: 14pt;\" class=\"def\">Liczba no\u017cy w zestawie:&nbsp;<\/span><\/p>\n<p data-start=\"386\" data-end=\"412\" style=\"text-align: center;\" class=\"def\"><span style=\"font-size: 14pt;\" class=\"def\">Szefa kuchni \u2013 <strong data-start=\"401\" data-end=\"410\" class=\"def\">20 cm<\/strong><\/span><\/p>\n<p data-start=\"415\" data-end=\"440\" style=\"text-align: center;\" class=\"def\"><span style=\"font-size: 14pt;\" class=\"def\">Do pieczywa \u2013 <strong data-start=\"429\" data-end=\"438\" class=\"def\">20 cm<\/strong><\/span><\/p>\n<p data-start=\"443\" data-end=\"466\" style=\"text-align: center;\" class=\"def\"><span style=\"font-size: 14pt;\" class=\"def\">Santoku \u2013 <strong data-start=\"453\" data-end=\"464\" class=\"def\">17,5 cm<\/strong><\/span><\/p>\n<p data-start=\"469\" data-end=\"496\" style=\"text-align: center;\" class=\"def\"><span style=\"font-size: 14pt;\" class=\"def\">Uniwersalny \u2013 <strong data-start=\"483\" data-end=\"494\" class=\"def\">12,5 cm<\/strong><\/span><\/p>\n<p data-start=\"499\" data-end=\"524\" style=\"text-align: center;\" class=\"def\"><span style=\"font-size: 14pt;\" class=\"def\">Do obierania \u2013 <strong data-start=\"514\" data-end=\"522\" class=\"def\">9 cm<\/strong><\/span><\/p>\n<p data-start=\"527\" data-end=\"586\" style=\"text-align: center;\" class=\"def\"><span style=\"font-size: 14pt;\" class=\"def\">Wieszak magnetyczny z drewna akacjowego<\/span><\/p>\n<p data-start=\"527\" data-end=\"586\" style=\"text-align: center;\" class=\"def\"><span style=\"font-size: 14pt;\" class=\"def\">&nbsp;\u2013 <strong data-start=\"569\" data-end=\"586\" class=\"def\">38 \u00d7 5 \u00d7 2 cm<\/strong><\/span><\/p>\n<p style=\"text-align: center;\" class=\"def\"><b class=\"def\"><span style=\"font-size: 14pt;\" class=\"def\">Uwaga! Nie zalecamy mycia w zmywarce<\/span>.<\/b><\/p>\n<p style=\"text-align: center;\" class=\"def\"><span style=\"font-size: 14pt;\" class=\"def\"><\/span><\/p>\n","protected":false},"excerpt":{"rendered":"<p>Linia: Black Rose Collection<br \/>\nMarka: Berlinger Haus<br \/>\nLiczba no\u017cy w zestawie:\u00a0<br \/>\nSzefa kuchni \u2013 20 cm<br \/>\nDo pieczywa \u2013 20 cm<br \/>\nSantoku \u2013 17,5 cm<br \/>\nUniwersalny \u2013 12,5 cm<br \/>\nDo obierania \u2013 9 cm<br \/>\nWieszak magnetyczny z drewna akacjowego<br \/>\n\u00a0\u2013 38 \u00d7 5 \u00d7 2 cm<br \/>\nUwaga! Nie zalecamy mycia w zmywarce.<\/p>\n","protected":false},"featured_media":0,"comment_status":"open","ping_status":"closed","template":"","meta":{"ocean_post_layout":"","ocean_both_sidebars_style":"","ocean_both_sidebars_content_width":0,"ocean_both_sidebars_sidebars_width":0,"ocean_sidebar":"","ocean_second_sidebar":"","ocean_disable_margins":"enable","ocean_add_body_class":"","ocean_shortcode_before_top_bar":"","ocean_shortcode_after_top_bar":"","ocean_shortcode_before_header":"","ocean_shortcode_after_header":"","ocean_has_shortcode":"","ocean_shortcode_after_title":"","ocean_shortcode_before_footer_widgets":"","ocean_shortcode_after_footer_widgets":"","ocean_shortcode_before_footer_bottom":"","ocean_shortcode_after_footer_bottom":"","ocean_display_top_bar":"default","ocean_display_header":"default","ocean_header_style":"","ocean_center_header_left_menu":"","ocean_custom_header_template":"","ocean_custom_logo":0,"ocean_custom_retina_logo":0,"ocean_custom_logo_max_width":0,"ocean_custom_logo_tablet_max_width":0,"ocean_custom_logo_mobile_max_width":0,"ocean_custom_logo_max_height":0,"ocean_custom_logo_tablet_max_height":0,"ocean_custom_logo_mobile_max_height":0,"ocean_header_custom_menu":"","ocean_menu_typo_font_family":"","ocean_menu_typo_font_subset":"","ocean_menu_typo_font_size":0,"ocean_menu_typo_font_size_tablet":0,"ocean_menu_typo_font_size_mobile":0,"ocean_menu_typo_font_size_unit":"px","ocean_menu_typo_font_weight":"","ocean_menu_typo_font_weight_tablet":"","ocean_menu_typo_font_weight_mobile":"","ocean_menu_typo_transform":"","ocean_menu_typo_transform_tablet":"","ocean_menu_typo_transform_mobile":"","ocean_menu_typo_line_height":0,"ocean_menu_typo_line_height_tablet":0,"ocean_menu_typo_line_height_mobile":0,"ocean_menu_typo_line_height_unit":"","ocean_menu_typo_spacing":0,"ocean_menu_typo_spacing_tablet":0,"ocean_menu_typo_spacing_mobile":0,"ocean_menu_typo_spacing_unit":"","ocean_menu_link_color":"","ocean_menu_link_color_hover":"","ocean_menu_link_color_active":"","ocean_menu_link_background":"","ocean_menu_link_hover_background":"","ocean_menu_link_active_background":"","ocean_menu_social_links_bg":"","ocean_menu_social_hover_links_bg":"","ocean_menu_social_links_color":"","ocean_menu_social_hover_links_color":"","ocean_disable_title":"default","ocean_disable_heading":"default","ocean_post_title":"","ocean_post_subheading":"","ocean_post_title_style":"","ocean_post_title_background_color":"","ocean_post_title_background":0,"ocean_post_title_bg_image_position":"","ocean_post_title_bg_image_attachment":"","ocean_post_title_bg_image_repeat":"","ocean_post_title_bg_image_size":"","ocean_post_title_height":0,"ocean_post_title_bg_overlay":0.5,"ocean_post_title_bg_overlay_color":"","ocean_disable_breadcrumbs":"default","ocean_breadcrumbs_color":"","ocean_breadcrumbs_separator_color":"","ocean_breadcrumbs_links_color":"","ocean_breadcrumbs_links_hover_color":"","ocean_display_footer_widgets":"default","ocean_display_footer_bottom":"default","ocean_custom_footer_template":""},"product_brand":[],"product_cat":[15],"product_tag":[3954,3898,3897,4155],"class_list":{"0":"post-6572","1":"product","2":"type-product","3":"status-publish","5":"product_cat-wszystkie-produkty","6":"product_tag-3954","7":"product_tag-3898","8":"product_tag-berlinger-haus","9":"product_tag-bh-2942","11":"entry","13":"first","14":"instock","15":"shipping-taxable","16":"product-type-simple","17":"has-product-nav","18":"col","19":"span_1_of_4","20":"owp-content-center","21":"owp-thumbs-layout-horizontal","22":"owp-btn-normal","23":"owp-tabs-layout-horizontal","24":"has-no-thumbnails"},"jetpack_sharing_enabled":true,"_links":{"self":[{"href":"https:\/\/domigoo.pl\/index.php\/wp-json\/wp\/v2\/product\/6572","targetHints":{"allow":["GET"]}}],"collection":[{"href":"https:\/\/domigoo.pl\/index.php\/wp-json\/wp\/v2\/product"}],"about":[{"href":"https:\/\/domigoo.pl\/index.php\/wp-json\/wp\/v2\/types\/product"}],"replies":[{"embeddable":true,"href":"https:\/\/domigoo.pl\/index.php\/wp-json\/wp\/v2\/comments?post=6572"}],"wp:attachment":[{"href":"https:\/\/domigoo.pl\/index.php\/wp-json\/wp\/v2\/media?parent=6572"}],"wp:term":[{"taxonomy":"product_brand","embeddable":true,"href":"https:\/\/domigoo.pl\/index.php\/wp-json\/wp\/v2\/product_brand?post=6572"},{"taxonomy":"product_cat","embeddable":true,"href":"https:\/\/domigoo.pl\/index.php\/wp-json\/wp\/v2\/product_cat?post=6572"},{"taxonomy":"product_tag","embeddable":true,"href":"https:\/\/domigoo.pl\/index.php\/wp-json\/wp\/v2\/product_tag?post=6572"}],"curies":[{"name":"wp","href":"https:\/\/api.w.org\/{rel}","templated":true}]}}