{"id":6574,"date":"2025-09-12T10:27:46","date_gmt":"2025-09-12T08:27:46","guid":{"rendered":"https:\/\/domigoo.pl\/index.php\/produkt\/komplet-sztuccow-24-elementy-lustrzane-berlingerhaus-bh-3035\/"},"modified":"2025-12-14T09:40:25","modified_gmt":"2025-12-14T08:40:25","slug":"komplet-sztuccow-24-elementy-lustrzane-berlingerhaus-bh-3035","status":"publish","type":"product","link":"https:\/\/domigoo.pl\/index.php\/produkt\/komplet-sztuccow-24-elementy-lustrzane-berlingerhaus-bh-3035\/","title":{"rendered":"Sztu\u0107ce 24-elementy lustrzane BerlingerHaus BH-3035"},"content":{"rendered":"<h2 style=\"text-align: center;\" class=\"def\">Komplet sztu\u0107c\u00f3w 24-elementy lustrzane BerlingerHaus BH-3035<\/h2>\n<p style=\"text-align: center;\" class=\"def\">\n<p style=\"text-align: center;\" class=\"def\"><img fetchpriority=\"high\" decoding=\"async\" src=\"https:\/\/berlingerhaus.com.pl\/images\/tn107\/3000-4000\/Komplet-sztuccow-24-elementy-lustrzane-BerlingerHaus-BH-3035_[3050]_696.jpg\" width=\"600\" height=\"600\" alt=\"\" class=\"def\"><\/p>\n<p style=\"text-align: center;\" class=\"def\">&nbsp;&nbsp;<\/p>\n<p style=\"text-align: center;\" class=\"def\"><span style=\"font-size: 12pt;\" class=\"def\">Wykonane z najwy\u017cszej jako\u015bci&nbsp;<strong class=\"def\">stali nierdzewnej&nbsp;<\/strong>koloru szarego, kt\u00f3ra zapewnia&nbsp;<strong class=\"def\">trwa\u0142o\u015b\u0107<\/strong>&nbsp;i&nbsp;<strong class=\"def\">odporno\u015b\u0107<\/strong>.&nbsp;Perfekcyjnie wyprofilowany kszta\u0142t nadaje charakter&nbsp;niezwyk\u0142ej&nbsp;elegancji. To wszystko pozwala nam zamieni\u0107 zwyk\u0142\u0105 kolacj\u0119 czy obiad w gustowny posi\u0142ek, dzi\u0119ki czemu idealnie nadaje si\u0119 na specjalne okazje.<\/span><\/p>\n<p style=\"text-align: center;\" class=\"def\"><span style=\"font-size: 12pt;\" class=\"def\">&nbsp;<\/span><\/p>\n<p style=\"text-align: center;\" class=\"def\"><span style=\"font-size: 12pt;\" class=\"def\">Stworzone&nbsp;z najwy\u017csz\u0105 staranno\u015bci\u0105 przez renomowanego producenta &#8211; mark\u0119&nbsp;BerlingerHaus.. Zestaw mo\u017ce by\u0107 te\u017c \u015bwietnym&nbsp;<strong class=\"def\">pomys\u0142em na prezent<\/strong>.<\/span><\/p>\n<p style=\"text-align: center;\" class=\"def\">\n<p style=\"text-align: center;\" class=\"def\">&nbsp;<\/p>\n<p style=\"text-align: center;\" class=\"def\">&nbsp;<\/p>\n<p style=\"text-align: center;\" class=\"def\"><span style=\"font-family: verdana, geneva, sans-serif; font-size: 14pt;\" class=\"def\"><strong class=\"def\">Zawarto\u015b\u0107 zestawu:<\/strong><\/span><\/p>\n<p style=\"text-align: center;\" class=\"def\"><span style=\"font-family: verdana, geneva, sans-serif; font-size: 12pt;\" class=\"def\">&#8211; N\u00f3\u017c sto\u0142owy: 6 szt.<\/span><\/p>\n<p style=\"text-align: center;\" class=\"def\"><br class=\"def\"><br \/>\n<span style=\"font-family: verdana, geneva, sans-serif; font-size: 12pt;\" class=\"def\">&#8211; Widelec sto\u0142owy: 6 szt.<\/span><\/p>\n<p style=\"text-align: center;\" class=\"def\"><br class=\"def\"><br \/>\n<span style=\"font-family: verdana, geneva, sans-serif; font-size: 12pt;\" class=\"def\">&#8211; \u0141y\u017cka sto\u0142owa: 6 szt.<\/span><\/p>\n<p style=\"text-align: center;\" class=\"def\"><br class=\"def\"><br \/>\n<span style=\"font-family: verdana, geneva, sans-serif; font-size: 12pt;\" class=\"def\">&#8211; \u0141y\u017ceczka do herbaty: 6 szt.<\/span><\/p>\n<p style=\"text-align: center;\" class=\"def\">&nbsp;<\/p>\n<p style=\"text-align: center;\" class=\"def\">&nbsp;<\/p>\n<p style=\"text-align: center;\" class=\"def\">&nbsp;<\/p>\n","protected":false},"excerpt":{"rendered":"<p>Parametry:<br \/>\nMateria\u0142: Stal nierdzewna<br \/>\nKolor: Srebrny<br \/>\nMo\u017cliwo\u015b\u0107 mycia w zmywarce: NIE<br \/>\nMarka: BerlingerHaus<br \/>\nZawarto\u015b\u0107 zestawu:<br \/>\n&#8211; N\u00f3\u017c sto\u0142owy: 6 szt.<br \/>\n&#8211; Widelec sto\u0142owy: 6 szt.<br \/>\n&#8211; \u0141y\u017cka sto\u0142owa: 6 szt.<br \/>\n&#8211; \u0141y\u017ceczka do herbaty: 6 szt.<\/p>\n","protected":false},"featured_media":0,"comment_status":"open","ping_status":"closed","template":"","meta":{"ocean_post_layout":"","ocean_both_sidebars_style":"","ocean_both_sidebars_content_width":0,"ocean_both_sidebars_sidebars_width":0,"ocean_sidebar":"","ocean_second_sidebar":"","ocean_disable_margins":"enable","ocean_add_body_class":"","ocean_shortcode_before_top_bar":"","ocean_shortcode_after_top_bar":"","ocean_shortcode_before_header":"","ocean_shortcode_after_header":"","ocean_has_shortcode":"","ocean_shortcode_after_title":"","ocean_shortcode_before_footer_widgets":"","ocean_shortcode_after_footer_widgets":"","ocean_shortcode_before_footer_bottom":"","ocean_shortcode_after_footer_bottom":"","ocean_display_top_bar":"default","ocean_display_header":"default","ocean_header_style":"","ocean_center_header_left_menu":"","ocean_custom_header_template":"","ocean_custom_logo":0,"ocean_custom_retina_logo":0,"ocean_custom_logo_max_width":0,"ocean_custom_logo_tablet_max_width":0,"ocean_custom_logo_mobile_max_width":0,"ocean_custom_logo_max_height":0,"ocean_custom_logo_tablet_max_height":0,"ocean_custom_logo_mobile_max_height":0,"ocean_header_custom_menu":"","ocean_menu_typo_font_family":"","ocean_menu_typo_font_subset":"","ocean_menu_typo_font_size":0,"ocean_menu_typo_font_size_tablet":0,"ocean_menu_typo_font_size_mobile":0,"ocean_menu_typo_font_size_unit":"px","ocean_menu_typo_font_weight":"","ocean_menu_typo_font_weight_tablet":"","ocean_menu_typo_font_weight_mobile":"","ocean_menu_typo_transform":"","ocean_menu_typo_transform_tablet":"","ocean_menu_typo_transform_mobile":"","ocean_menu_typo_line_height":0,"ocean_menu_typo_line_height_tablet":0,"ocean_menu_typo_line_height_mobile":0,"ocean_menu_typo_line_height_unit":"","ocean_menu_typo_spacing":0,"ocean_menu_typo_spacing_tablet":0,"ocean_menu_typo_spacing_mobile":0,"ocean_menu_typo_spacing_unit":"","ocean_menu_link_color":"","ocean_menu_link_color_hover":"","ocean_menu_link_color_active":"","ocean_menu_link_background":"","ocean_menu_link_hover_background":"","ocean_menu_link_active_background":"","ocean_menu_social_links_bg":"","ocean_menu_social_hover_links_bg":"","ocean_menu_social_links_color":"","ocean_menu_social_hover_links_color":"","ocean_disable_title":"default","ocean_disable_heading":"default","ocean_post_title":"","ocean_post_subheading":"","ocean_post_title_style":"","ocean_post_title_background_color":"","ocean_post_title_background":0,"ocean_post_title_bg_image_position":"","ocean_post_title_bg_image_attachment":"","ocean_post_title_bg_image_repeat":"","ocean_post_title_bg_image_size":"","ocean_post_title_height":0,"ocean_post_title_bg_overlay":0.5,"ocean_post_title_bg_overlay_color":"","ocean_disable_breadcrumbs":"default","ocean_breadcrumbs_color":"","ocean_breadcrumbs_separator_color":"","ocean_breadcrumbs_links_color":"","ocean_breadcrumbs_links_hover_color":"","ocean_display_footer_widgets":"default","ocean_display_footer_bottom":"default","ocean_custom_footer_template":""},"product_brand":[],"product_cat":[15],"product_tag":[3954,3898,3897,4157],"class_list":{"0":"post-6574","1":"product","2":"type-product","3":"status-publish","5":"product_cat-wszystkie-produkty","6":"product_tag-3954","7":"product_tag-3898","8":"product_tag-berlinger-haus","9":"product_tag-bh-3035","11":"entry","13":"first","14":"outofstock","15":"shipping-taxable","16":"product-type-simple","17":"has-product-nav","18":"col","19":"span_1_of_4","20":"owp-content-center","21":"owp-thumbs-layout-horizontal","22":"owp-btn-normal","23":"owp-tabs-layout-horizontal","24":"has-no-thumbnails"},"jetpack_sharing_enabled":true,"_links":{"self":[{"href":"https:\/\/domigoo.pl\/index.php\/wp-json\/wp\/v2\/product\/6574","targetHints":{"allow":["GET"]}}],"collection":[{"href":"https:\/\/domigoo.pl\/index.php\/wp-json\/wp\/v2\/product"}],"about":[{"href":"https:\/\/domigoo.pl\/index.php\/wp-json\/wp\/v2\/types\/product"}],"replies":[{"embeddable":true,"href":"https:\/\/domigoo.pl\/index.php\/wp-json\/wp\/v2\/comments?post=6574"}],"wp:attachment":[{"href":"https:\/\/domigoo.pl\/index.php\/wp-json\/wp\/v2\/media?parent=6574"}],"wp:term":[{"taxonomy":"product_brand","embeddable":true,"href":"https:\/\/domigoo.pl\/index.php\/wp-json\/wp\/v2\/product_brand?post=6574"},{"taxonomy":"product_cat","embeddable":true,"href":"https:\/\/domigoo.pl\/index.php\/wp-json\/wp\/v2\/product_cat?post=6574"},{"taxonomy":"product_tag","embeddable":true,"href":"https:\/\/domigoo.pl\/index.php\/wp-json\/wp\/v2\/product_tag?post=6574"}],"curies":[{"name":"wp","href":"https:\/\/api.w.org\/{rel}","templated":true}]}}