{"id":6575,"date":"2025-09-12T10:27:46","date_gmt":"2025-09-12T08:27:46","guid":{"rendered":"https:\/\/domigoo.pl\/index.php\/produkt\/komplet-sztuccow-24-elementy-lustrzane-berlingerhaus-sahara-collection-bh-3064\/"},"modified":"2026-03-23T09:18:11","modified_gmt":"2026-03-23T08:18:11","slug":"komplet-sztuccow-24-elementy-lustrzane-berlingerhaus-sahara-collection-bh-3064","status":"publish","type":"product","link":"https:\/\/domigoo.pl\/index.php\/produkt\/komplet-sztuccow-24-elementy-lustrzane-berlingerhaus-sahara-collection-bh-3064\/","title":{"rendered":"Sztu\u0107ce 24-elementy lustrzane BerlingerHaus Sahara Collection BH-3064"},"content":{"rendered":"<h2 style=\"text-align: center;\" class=\"def\"><span style=\"font-size: 24pt;\" class=\"def\">Komplet sztu\u0107c\u00f3w 24-elementy lustrzane BerlingerHaus<\/span><\/h2>\n<h2 style=\"text-align: center;\" class=\"def\"><span style=\"font-size: 24pt;\" class=\"def\">&nbsp;Sahara Collection BH-3064<\/span><\/h2>\n<hr class=\"def\">\n<p style=\"text-align: center;\" class=\"def\"><span style=\"font-size: 14pt;\" class=\"def\">Komplet sztu\u0107c\u00f3w 24-elementowy Berlinger Haus Sahara Collection BH-3064 to synonim elegancji i wyrafinowanego stylu.<\/span><\/p>\n<p style=\"text-align: center;\" class=\"def\"><span style=\"font-size: 14pt;\" class=\"def\">Wykonane z wysokiej jako\u015bci stali nierdzewnej, pokrytej luksusow\u0105 z\u0142ot\u0105 pow\u0142ok\u0105 PVD, sztu\u0107ce przyci\u0105gaj\u0105 wzrok swoim szampa\u0144skim odcieniem i lustrzanym wyko\u0144czeniem.<\/span><\/p>\n<p style=\"text-align: center;\" class=\"def\"><span style=\"font-size: 14pt;\" class=\"def\">Ka\u017cdy element zestawu \u2013 od no\u017cy po delikatne \u0142y\u017ceczki do herbaty \u2013 cechuje perfekcyjne wykonanie i subtelna gracja, kt\u00f3re idealnie komponuj\u0105 si\u0119 zar\u00f3wno z klasyczn\u0105, jak i nowoczesn\u0105 zastaw\u0105.<\/span><\/p>\n<p style=\"text-align: center;\" class=\"def\"><span style=\"font-size: 14pt;\" class=\"def\">Zapakowane w eleganckie pude\u0142ko upominkowe, sztu\u0107ce te s\u0105 doskona\u0142ym wyborem na prezent, kt\u00f3ry oczaruje swoim pi\u0119knem i funkcjonalno\u015bci\u0105.<\/span><\/p>\n<p class=\"def\"><img fetchpriority=\"high\" decoding=\"async\" src=\"https:\/\/berlingerhaus.com.pl\/images\/tn107\/4000-5000\/Komplet-sztuccow-24-elementy-lustrzane-BerlingerHaus-Sahara-Collection-BH-3064_[4765]_696.jpg\" width=\"601\" height=\"601\" alt=\"\" style=\"display: block; margin-left: auto; margin-right: auto;\" class=\"def\"><\/p>\n<div class=\"def\">\n<div data-message-author-role=\"assistant\" data-message-id=\"c17cfaeb-d9c5-4073-bea2-048f976b0e95\" dir=\"auto\" class=\"min-h-8 text-message flex w-full flex-col items-end gap-2 whitespace-normal break-words [.text-message+&amp;]:mt-5\" data-message-model-slug=\"gpt-4o\" class=\"def\">\n<div class=\"flex w-full flex-col gap-1 empty:hidden first:pt-[3px]\" class=\"def\">\n<div class=\"markdown prose w-full break-words dark:prose-invert light\" class=\"def\">\n<p style=\"text-align: center;\" class=\"def\"><span style=\"font-size: 14pt;\" class=\"def\"><\/span><\/p>\n<p style=\"text-align: center;\" class=\"def\"><span style=\"font-size: 14pt;\" class=\"def\"><strong class=\"def\">Uwaga: <\/strong>sztu\u0107ce nie nadaj\u0105 si\u0119 do mycia w zmywarce \u2014 wysoka temperatura oraz silne detergenty mog\u0105 powodowa\u0107 odbarwienia, matowienie i uszkodzenie powierzchni.<\/span><\/p>\n<h2 style=\"text-align: center;\" class=\"def\"><strong class=\"def\">&nbsp; &nbsp; &nbsp; &nbsp; &nbsp; &nbsp; &nbsp; &nbsp; &nbsp; &nbsp; &nbsp; &nbsp; &nbsp; &nbsp; &nbsp; &nbsp; &nbsp; &nbsp; &nbsp; &nbsp; &nbsp; &nbsp; &nbsp; &nbsp; &nbsp; &nbsp; &nbsp; &nbsp; &nbsp; &nbsp; &nbsp; &nbsp; &nbsp; &nbsp; &nbsp; &nbsp; &nbsp; &nbsp; &nbsp; &nbsp; &nbsp; &nbsp; &nbsp; &nbsp; &nbsp; &nbsp; &nbsp; &nbsp; &nbsp; &nbsp; &nbsp; &nbsp; &nbsp; &nbsp; &nbsp; &nbsp; &nbsp; &nbsp; &nbsp; &nbsp; &nbsp; &nbsp; &nbsp; &nbsp; &nbsp; &nbsp; &nbsp; &nbsp; &nbsp; &nbsp; &nbsp; &nbsp; &nbsp; &nbsp; &nbsp;&nbsp;<\/strong><\/h2>\n<h2 class=\"def\"><strong style=\"text-align: center;\" class=\"def\"><img decoding=\"async\" src=\"https:\/\/berlingerhaus.com.pl\/images\/tn107\/4000-5000\/Komplet-sztuccow-24-elementy-lustrzane-BerlingerHaus-Sahara-Collection-BH-3064_[4767]_696.jpg\" width=\"490\" height=\"490\" alt=\"\" style=\"float: left;\" class=\"def\"><\/strong><\/h2>\n<h2 style=\"text-align: center;\" class=\"def\"><strong class=\"def\"><\/strong><\/h2>\n<h2 style=\"text-align: center;\" class=\"def\"><strong class=\"def\">Zawarto\u015b\u0107 zestawu :&nbsp;<\/strong><strong class=\"def\"><\/strong><\/h2>\n<p style=\"text-align: center;\" class=\"def\"><span style=\"font-size: 14pt;\" class=\"def\">No\u017ce sto\u0142owe: 6 szt. (grubo\u015b\u0107 7,0 mm)<\/span><\/p>\n<p style=\"text-align: center;\" class=\"def\"><span style=\"font-size: 14pt;\" class=\"def\">Widelce sto\u0142owe: 6 szt. (grubo\u015b\u0107 4,0 mm)<\/span><\/p>\n<p style=\"text-align: center;\" class=\"def\"><span style=\"font-size: 14pt;\" class=\"def\">\u0141y\u017cki sto\u0142owe: 6 szt. (grubo\u015b\u0107 4,0 mm)<\/span><\/p>\n<p style=\"text-align: center;\" class=\"def\"><span style=\"font-size: 14pt;\" class=\"def\">\u0141y\u017ceczki do herbaty: 6 szt. (grubo\u015b\u0107 2,7 mm)<\/span><\/p>\n<p style=\"text-align: center;\" class=\"def\"><span style=\"font-size: 14pt;\" class=\"def\">Eleganckie, reprezentacyjne pude\u0142ko upominkowe<\/span><\/p>\n<p style=\"text-align: center;\" class=\"def\"><span style=\"font-size: 14pt;\" class=\"def\">Lustrzane wyko\u0144czenie nadaj\u0105ce elegancki wygl\u0105d<\/span><\/p>\n<p style=\"text-align: center;\" class=\"def\">\n<p style=\"text-align: center;\" class=\"def\"><span style=\"font-size: 14pt;\" class=\"def\"><span class=\"def\">&nbsp;<\/span><\/span><\/p>\n<p class=\"def\"><span style=\"font-size: 14pt;\" class=\"def\"><\/span><\/p>\n<\/p><\/div>\n<\/p><\/div>\n<\/p><\/div>\n<\/p><\/div>\n<h2 style=\"text-align: center;\" class=\"def\"><\/h2>\n","protected":false},"excerpt":{"rendered":"<p>Materia\u0142: Wysokiej jako\u015bci stal nierdzewna<br \/>\nPow\u0142oka: Z\u0142ota pow\u0142oka PVD<br \/>\nWyko\u0144czenie: Lustrzane<br \/>\nKolor: Szampa\u0144ski<\/p>\n","protected":false},"featured_media":0,"comment_status":"open","ping_status":"closed","template":"","meta":{"ocean_post_layout":"","ocean_both_sidebars_style":"","ocean_both_sidebars_content_width":0,"ocean_both_sidebars_sidebars_width":0,"ocean_sidebar":"","ocean_second_sidebar":"","ocean_disable_margins":"enable","ocean_add_body_class":"","ocean_shortcode_before_top_bar":"","ocean_shortcode_after_top_bar":"","ocean_shortcode_before_header":"","ocean_shortcode_after_header":"","ocean_has_shortcode":"","ocean_shortcode_after_title":"","ocean_shortcode_before_footer_widgets":"","ocean_shortcode_after_footer_widgets":"","ocean_shortcode_before_footer_bottom":"","ocean_shortcode_after_footer_bottom":"","ocean_display_top_bar":"default","ocean_display_header":"default","ocean_header_style":"","ocean_center_header_left_menu":"","ocean_custom_header_template":"","ocean_custom_logo":0,"ocean_custom_retina_logo":0,"ocean_custom_logo_max_width":0,"ocean_custom_logo_tablet_max_width":0,"ocean_custom_logo_mobile_max_width":0,"ocean_custom_logo_max_height":0,"ocean_custom_logo_tablet_max_height":0,"ocean_custom_logo_mobile_max_height":0,"ocean_header_custom_menu":"","ocean_menu_typo_font_family":"","ocean_menu_typo_font_subset":"","ocean_menu_typo_font_size":0,"ocean_menu_typo_font_size_tablet":0,"ocean_menu_typo_font_size_mobile":0,"ocean_menu_typo_font_size_unit":"px","ocean_menu_typo_font_weight":"","ocean_menu_typo_font_weight_tablet":"","ocean_menu_typo_font_weight_mobile":"","ocean_menu_typo_transform":"","ocean_menu_typo_transform_tablet":"","ocean_menu_typo_transform_mobile":"","ocean_menu_typo_line_height":0,"ocean_menu_typo_line_height_tablet":0,"ocean_menu_typo_line_height_mobile":0,"ocean_menu_typo_line_height_unit":"","ocean_menu_typo_spacing":0,"ocean_menu_typo_spacing_tablet":0,"ocean_menu_typo_spacing_mobile":0,"ocean_menu_typo_spacing_unit":"","ocean_menu_link_color":"","ocean_menu_link_color_hover":"","ocean_menu_link_color_active":"","ocean_menu_link_background":"","ocean_menu_link_hover_background":"","ocean_menu_link_active_background":"","ocean_menu_social_links_bg":"","ocean_menu_social_hover_links_bg":"","ocean_menu_social_links_color":"","ocean_menu_social_hover_links_color":"","ocean_disable_title":"default","ocean_disable_heading":"default","ocean_post_title":"","ocean_post_subheading":"","ocean_post_title_style":"","ocean_post_title_background_color":"","ocean_post_title_background":0,"ocean_post_title_bg_image_position":"","ocean_post_title_bg_image_attachment":"","ocean_post_title_bg_image_repeat":"","ocean_post_title_bg_image_size":"","ocean_post_title_height":0,"ocean_post_title_bg_overlay":0.5,"ocean_post_title_bg_overlay_color":"","ocean_disable_breadcrumbs":"default","ocean_breadcrumbs_color":"","ocean_breadcrumbs_separator_color":"","ocean_breadcrumbs_links_color":"","ocean_breadcrumbs_links_hover_color":"","ocean_display_footer_widgets":"default","ocean_display_footer_bottom":"default","ocean_custom_footer_template":""},"product_brand":[],"product_cat":[15],"product_tag":[3898,3919,3897,4158],"class_list":{"0":"post-6575","1":"product","2":"type-product","3":"status-publish","5":"product_cat-wszystkie-produkty","6":"product_tag-3898","7":"product_tag-3919","8":"product_tag-berlinger-haus","9":"product_tag-bh-3064","11":"entry","13":"first","14":"outofstock","15":"shipping-taxable","16":"product-type-simple","17":"has-product-nav","18":"col","19":"span_1_of_4","20":"owp-content-center","21":"owp-thumbs-layout-horizontal","22":"owp-btn-normal","23":"owp-tabs-layout-horizontal","24":"has-no-thumbnails"},"jetpack_sharing_enabled":true,"_links":{"self":[{"href":"https:\/\/domigoo.pl\/index.php\/wp-json\/wp\/v2\/product\/6575","targetHints":{"allow":["GET"]}}],"collection":[{"href":"https:\/\/domigoo.pl\/index.php\/wp-json\/wp\/v2\/product"}],"about":[{"href":"https:\/\/domigoo.pl\/index.php\/wp-json\/wp\/v2\/types\/product"}],"replies":[{"embeddable":true,"href":"https:\/\/domigoo.pl\/index.php\/wp-json\/wp\/v2\/comments?post=6575"}],"wp:attachment":[{"href":"https:\/\/domigoo.pl\/index.php\/wp-json\/wp\/v2\/media?parent=6575"}],"wp:term":[{"taxonomy":"product_brand","embeddable":true,"href":"https:\/\/domigoo.pl\/index.php\/wp-json\/wp\/v2\/product_brand?post=6575"},{"taxonomy":"product_cat","embeddable":true,"href":"https:\/\/domigoo.pl\/index.php\/wp-json\/wp\/v2\/product_cat?post=6575"},{"taxonomy":"product_tag","embeddable":true,"href":"https:\/\/domigoo.pl\/index.php\/wp-json\/wp\/v2\/product_tag?post=6575"}],"curies":[{"name":"wp","href":"https:\/\/api.w.org\/{rel}","templated":true}]}}