{"id":6577,"date":"2025-09-12T10:27:46","date_gmt":"2025-09-12T08:27:46","guid":{"rendered":"https:\/\/domigoo.pl\/index.php\/produkt\/komplet-sztuccow-24szt-berlingerhaus-bh-3061\/"},"modified":"2026-04-06T12:42:17","modified_gmt":"2026-04-06T10:42:17","slug":"komplet-sztuccow-24szt-berlingerhaus-bh-3061","status":"publish","type":"product","link":"https:\/\/domigoo.pl\/index.php\/produkt\/komplet-sztuccow-24szt-berlingerhaus-bh-3061\/","title":{"rendered":"Sztu\u0107ce 24szt BerlingerHaus BH-3061"},"content":{"rendered":"<h1 style=\"text-align: center;\" class=\"def\"><span style=\"font-size: 24pt;\" class=\"def\"><strong class=\"def\">Komplet sztu\u0107c\u00f3w 24szt BerlingerHaus<\/strong><\/span><\/h1>\n<h1 style=\"text-align: center;\" class=\"def\"><span style=\"font-size: 24pt;\" class=\"def\"><strong class=\"def\">Sahara Collection&nbsp; BH-3061<\/strong><\/span><\/h1>\n<hr class=\"def\">\n<p style=\"text-align: center;\" class=\"def\"><span style=\"font-size: 14pt;\" class=\"def\">Komplet sztu\u0107c\u00f3w BerlingerHaus z lustrzanym wyko\u0144czeniem, zapewnia elegancki i luksusowy wygl\u0105d, kt\u00f3ry idelanie sprawdzi si\u0119 na specjalne okazje.<\/span><\/p>\n<p style=\"text-align: center;\" class=\"def\"><span style=\"font-size: 14pt;\" class=\"def\">Sztu\u0107ce s\u0105 w szampa\u0144skim kolorze, wzmocnione z\u0142ot\u0105 pow\u0142ok\u0105 PVD.<\/span><\/p>\n<p style=\"text-align: center;\" class=\"def\"><span style=\"font-size: 14pt;\" class=\"def\">Wykonane z najwy\u017cszej jako\u015bci stali nierdzewnej, co zapewnia trwa\u0142o\u015b\u0107 przez niezliczon\u0105 ilo\u015b\u0107 posi\u0142k\u00f3w.<\/span><\/p>\n<p style=\"text-align: center;\" class=\"def\"><strong class=\"def\"><span style=\"font-size: 14pt;\" class=\"def\">Zalecamy delikatne mycie r\u0119czne, unikanie szorstkich \u015bciereczek, kt\u00f3re mog\u0142yby zmatowi\u0107 po\u0142ysk.&nbsp;<\/span><\/strong><\/p>\n<p style=\"text-align: center;\" class=\"def\"><img fetchpriority=\"high\" decoding=\"async\" src=\"https:\/\/berlingerhaus.com.pl\/images\/tn107\/3000-4000\/Komplet-sztuccow-24szt-BerlingerHaus-BH-3061_[3581]_696.jpg\" width=\"661\" height=\"661\" alt=\"\" class=\"def\"><\/p>\n<p style=\"text-align: center;\" class=\"def\"><span style=\"font-size: 14pt;\" class=\"def\"><\/span><\/p>\n<p style=\"text-align: center;\" class=\"def\"><span style=\"font-size: 14pt;\" class=\"def\"><strong class=\"def\">Uwaga: sztu\u0107ce nie nadaj\u0105 si\u0119 do mycia w zmywarce \u2014 wysoka temperatura oraz silne detergenty mog\u0105 powodowa\u0107 odbarwienia, matowienie i uszkodzenie powierzchni.<\/strong><\/span><\/p>\n<p style=\"text-align: center;\" class=\"def\"><img decoding=\"async\" src=\"https:\/\/berlingerhaus.com.pl\/images\/tn107\/3000-4000\/Komplet-sztuccow-24szt-BerlingerHaus-BH-3061_[3244]_696.jpg\" width=\"672\" height=\"672\" alt=\"\" style=\"float: left;\" class=\"def\"><\/p>\n<h2 style=\"text-align: center;\" class=\"def\"><span style=\"font-size: 18pt;\" class=\"def\"><strong class=\"def\">Cechy produktu:<\/strong><\/span><\/h2>\n<p style=\"text-align: center;\" class=\"def\"><span style=\"font-size: 14pt;\" class=\"def\"><strong class=\"def\">Materia\u0142:<\/strong> stal nierdzewna z lustrzanym wyko\u0144czeniem<br class=\"def\"><br \/>\n <br class=\"def\"><br \/>\n <strong class=\"def\">W zestawie:<\/strong><br class=\"def\"><br \/>\n <br class=\"def\"><br \/>\n &#8211; n\u00f3\u017c sto\u0142owy 6szt 7,0 mm<br class=\"def\"><br \/>\n <br class=\"def\"><br \/>\n &#8211; widelce sto\u0142owe 6szt. 4,0 mm<br class=\"def\"><br \/>\n <br class=\"def\"><br \/>\n &#8211; \u0142y\u017cki sto\u0142owe 6szt. 4,0 mm<br class=\"def\"><br \/>\n <br class=\"def\"><br \/>\n &#8211; \u0142y\u017ceczki do herbaty 6szt. 2,7mm<br class=\"def\"><br \/>\n <br class=\"def\"><br \/>\n <strong class=\"def\">Kolor:<\/strong> szampa\u0144skie z\u0142oto&nbsp;<\/span><\/p>\n<p style=\"text-align: center;\" class=\"def\"><span style=\"font-size: 12pt;\" class=\"def\"><\/span><\/p>\n","protected":false},"excerpt":{"rendered":"<p>Materia\u0142: stal nierdzewna z lustrzanym wyko\u0144czeniem<br \/>\nW zestawie:<br \/>\n&#8211; n\u00f3\u017c sto\u0142owy 6szt 7,0 mm<br \/>\n&#8211; widelce sto\u0142owe 6szt. 4,0 mm<br \/>\n&#8211; \u0142y\u017cki sto\u0142owe 6szt. 4,0 mm<br \/>\n&#8211; \u0142y\u017ceczki do herbaty 6szt. 2,7mm<br \/>\nKolor: szampa\u0144skie z\u0142oto<\/p>\n","protected":false},"featured_media":0,"comment_status":"open","ping_status":"closed","template":"","meta":{"ocean_post_layout":"","ocean_both_sidebars_style":"","ocean_both_sidebars_content_width":0,"ocean_both_sidebars_sidebars_width":0,"ocean_sidebar":"","ocean_second_sidebar":"","ocean_disable_margins":"enable","ocean_add_body_class":"","ocean_shortcode_before_top_bar":"","ocean_shortcode_after_top_bar":"","ocean_shortcode_before_header":"","ocean_shortcode_after_header":"","ocean_has_shortcode":"","ocean_shortcode_after_title":"","ocean_shortcode_before_footer_widgets":"","ocean_shortcode_after_footer_widgets":"","ocean_shortcode_before_footer_bottom":"","ocean_shortcode_after_footer_bottom":"","ocean_display_top_bar":"default","ocean_display_header":"default","ocean_header_style":"","ocean_center_header_left_menu":"","ocean_custom_header_template":"","ocean_custom_logo":0,"ocean_custom_retina_logo":0,"ocean_custom_logo_max_width":0,"ocean_custom_logo_tablet_max_width":0,"ocean_custom_logo_mobile_max_width":0,"ocean_custom_logo_max_height":0,"ocean_custom_logo_tablet_max_height":0,"ocean_custom_logo_mobile_max_height":0,"ocean_header_custom_menu":"","ocean_menu_typo_font_family":"","ocean_menu_typo_font_subset":"","ocean_menu_typo_font_size":0,"ocean_menu_typo_font_size_tablet":0,"ocean_menu_typo_font_size_mobile":0,"ocean_menu_typo_font_size_unit":"px","ocean_menu_typo_font_weight":"","ocean_menu_typo_font_weight_tablet":"","ocean_menu_typo_font_weight_mobile":"","ocean_menu_typo_transform":"","ocean_menu_typo_transform_tablet":"","ocean_menu_typo_transform_mobile":"","ocean_menu_typo_line_height":0,"ocean_menu_typo_line_height_tablet":0,"ocean_menu_typo_line_height_mobile":0,"ocean_menu_typo_line_height_unit":"","ocean_menu_typo_spacing":0,"ocean_menu_typo_spacing_tablet":0,"ocean_menu_typo_spacing_mobile":0,"ocean_menu_typo_spacing_unit":"","ocean_menu_link_color":"","ocean_menu_link_color_hover":"","ocean_menu_link_color_active":"","ocean_menu_link_background":"","ocean_menu_link_hover_background":"","ocean_menu_link_active_background":"","ocean_menu_social_links_bg":"","ocean_menu_social_hover_links_bg":"","ocean_menu_social_links_color":"","ocean_menu_social_hover_links_color":"","ocean_disable_title":"default","ocean_disable_heading":"default","ocean_post_title":"","ocean_post_subheading":"","ocean_post_title_style":"","ocean_post_title_background_color":"","ocean_post_title_background":0,"ocean_post_title_bg_image_position":"","ocean_post_title_bg_image_attachment":"","ocean_post_title_bg_image_repeat":"","ocean_post_title_bg_image_size":"","ocean_post_title_height":0,"ocean_post_title_bg_overlay":0.5,"ocean_post_title_bg_overlay_color":"","ocean_disable_breadcrumbs":"default","ocean_breadcrumbs_color":"","ocean_breadcrumbs_separator_color":"","ocean_breadcrumbs_links_color":"","ocean_breadcrumbs_links_hover_color":"","ocean_display_footer_widgets":"default","ocean_display_footer_bottom":"default","ocean_custom_footer_template":""},"product_brand":[],"product_cat":[15],"product_tag":[3898,3919,3897,4160],"class_list":{"0":"post-6577","1":"product","2":"type-product","3":"status-publish","5":"product_cat-wszystkie-produkty","6":"product_tag-3898","7":"product_tag-3919","8":"product_tag-berlinger-haus","9":"product_tag-bh-3061","11":"entry","13":"first","14":"instock","15":"shipping-taxable","16":"product-type-simple","17":"has-product-nav","18":"col","19":"span_1_of_4","20":"owp-content-center","21":"owp-thumbs-layout-horizontal","22":"owp-btn-normal","23":"owp-tabs-layout-horizontal","24":"has-no-thumbnails"},"jetpack_sharing_enabled":true,"_links":{"self":[{"href":"https:\/\/domigoo.pl\/index.php\/wp-json\/wp\/v2\/product\/6577","targetHints":{"allow":["GET"]}}],"collection":[{"href":"https:\/\/domigoo.pl\/index.php\/wp-json\/wp\/v2\/product"}],"about":[{"href":"https:\/\/domigoo.pl\/index.php\/wp-json\/wp\/v2\/types\/product"}],"replies":[{"embeddable":true,"href":"https:\/\/domigoo.pl\/index.php\/wp-json\/wp\/v2\/comments?post=6577"}],"wp:attachment":[{"href":"https:\/\/domigoo.pl\/index.php\/wp-json\/wp\/v2\/media?parent=6577"}],"wp:term":[{"taxonomy":"product_brand","embeddable":true,"href":"https:\/\/domigoo.pl\/index.php\/wp-json\/wp\/v2\/product_brand?post=6577"},{"taxonomy":"product_cat","embeddable":true,"href":"https:\/\/domigoo.pl\/index.php\/wp-json\/wp\/v2\/product_cat?post=6577"},{"taxonomy":"product_tag","embeddable":true,"href":"https:\/\/domigoo.pl\/index.php\/wp-json\/wp\/v2\/product_tag?post=6577"}],"curies":[{"name":"wp","href":"https:\/\/api.w.org\/{rel}","templated":true}]}}