{"id":6578,"date":"2025-09-12T10:27:47","date_gmt":"2025-09-12T08:27:47","guid":{"rendered":"https:\/\/domigoo.pl\/index.php\/produkt\/komplet-sztuccow-24szt-berlingerhaus-bh-3074\/"},"modified":"2026-04-06T12:42:17","modified_gmt":"2026-04-06T10:42:17","slug":"komplet-sztuccow-24szt-berlingerhaus-bh-3074","status":"publish","type":"product","link":"https:\/\/domigoo.pl\/index.php\/produkt\/komplet-sztuccow-24szt-berlingerhaus-bh-3074\/","title":{"rendered":"Sztu\u0107ce 24szt BerlingerHaus BH-3074"},"content":{"rendered":"<h2 style=\"text-align: center;\" class=\"def\"><span style=\"font-size: 24pt;\" class=\"def\">Komplet sztu\u0107c\u00f3w 24szt BerlingerHaus BH-3074<\/span><\/h2>\n<hr class=\"def\">\n<p style=\"text-align: center;\" class=\"def\"><span style=\"font-size: 14pt; font-family: Montserrat;\" class=\"def\">Sztu\u0107ce&nbsp;BerlingerHaus&nbsp;to elegancki zestaw, kt\u00f3ry \u0142\u0105czy w sobie nowoczesny design i wyj\u0105tkow\u0105 jako\u015b\u0107.<\/span><\/p>\n<p style=\"text-align: center;\" class=\"def\"><span style=\"font-size: 14pt; font-family: Montserrat;\" class=\"def\">Wykonane z wysokiej jako\u015bci stali nierdzewnej, posiadaj\u0105 lustrzane wyko\u0144czenie, kt\u00f3re nadaje im wyj\u0105tkowego blasku i estetyki.<\/span><\/p>\n<p style=\"text-align: center;\" class=\"def\"><span style=\"font-size: 14pt; font-family: Montserrat;\" class=\"def\">&nbsp;Zestaw sk\u0142ada si\u0119 z 24 element\u00f3w, w tym 6 no\u017cy sto\u0142owych, 6 widelc\u00f3w sto\u0142owych, 6 \u0142y\u017cek sto\u0142owych oraz 6 \u0142y\u017ceczek do herbaty, co sprawia, \u017ce jest idealny zar\u00f3wno na co dzie\u0144, jak i na specjalne okazje.<\/span><\/p>\n<p style=\"text-align: center;\" class=\"def\"><span style=\"font-size: 14pt; font-family: Montserrat;\" class=\"def\"><img fetchpriority=\"high\" decoding=\"async\" src=\"https:\/\/berlingerhaus.com.pl\/images\/tn107\/6000-7000\/Sztucce-24szt-BerlingerHaus-BH-3074_[6741]_696.jpg\" width=\"614\" height=\"614\" alt=\"\" class=\"def\"><\/span><\/p>\n<p style=\"text-align: center;\" class=\"def\"><strong class=\"def\"><span style=\"font-size: 18pt;\" class=\"def\"><span style=\"font-size: 14pt;\" class=\"def\">Uwaga: sztu\u0107ce nie nadaj\u0105 si\u0119 do mycia w zmywarce \u2014 wysoka temperatura oraz silne detergenty mog\u0105 powodowa\u0107 odbarwienia, matowienie i uszkodzenie powierzchni.<\/span><\/span><\/strong><\/p>\n<p style=\"text-align: center;\" class=\"def\"><span style=\"font-size: 18pt;\" class=\"def\"><strong class=\"def\"><img decoding=\"async\" src=\"https:\/\/berlingerhaus.com.pl\/images\/tn107\/7000-8000\/Sztucce-24szt-BerlingerHaus-BH-3074_[7313]_696.jpg\" alt=\"\" width=\"540\" height=\"540\" style=\"float: left;\" class=\"def\"><\/strong><\/span><\/p>\n<p style=\"text-align: center;\" class=\"def\"><span style=\"font-size: 18pt;\" class=\"def\"><strong class=\"def\">W zestawie<\/strong>&nbsp;<\/span><\/p>\n<p style=\"text-align: center;\" class=\"def\"><span style=\"font-size: 14pt;\" class=\"def\">No\u017ce sto\u0142owe 6 szt.&nbsp;<\/span><\/p>\n<p style=\"text-align: center;\" class=\"def\"><span style=\"font-size: 14pt;\" class=\"def\">Widelce sto\u0142owe 6 szt.&nbsp;<\/span><\/p>\n<p style=\"text-align: center;\" class=\"def\"><span style=\"font-size: 14pt;\" class=\"def\">\u0141y\u017cki sto\u0142owe 6 szt.&nbsp;<\/span><\/p>\n<p style=\"text-align: center;\" class=\"def\"><span style=\"font-size: 14pt;\" class=\"def\">\u0141y\u017ceczki 6 szt.<\/span><\/p>\n<p style=\"text-align: center;\" class=\"def\"><span style=\"font-size: 18pt;\" class=\"def\"><strong class=\"def\">&nbsp;<\/strong><\/span><\/p>\n","protected":false},"excerpt":{"rendered":"<p>Materia\u0142: Stal nierdzewna z wyko\u0144czeniem lustrzanym<br \/>\nKolor: Czarny<br \/>\nW zestawie:<br \/>\n\u2022 N\u00f3\u017c sto\u0142owy 6 szt. 7,0 mm<br \/>\n\u2022 Widelec sto\u0142owy 6 szt. 4,0 mm<br \/>\n\u2022 \u0141y\u017cka sto\u0142owa 6 szt. 4,0 mm<br \/>\n\u2022 \u0141y\u017ceczka 6 szt. 3,5 mm<\/p>\n","protected":false},"featured_media":0,"comment_status":"open","ping_status":"closed","template":"","meta":{"ocean_post_layout":"","ocean_both_sidebars_style":"","ocean_both_sidebars_content_width":0,"ocean_both_sidebars_sidebars_width":0,"ocean_sidebar":"","ocean_second_sidebar":"","ocean_disable_margins":"enable","ocean_add_body_class":"","ocean_shortcode_before_top_bar":"","ocean_shortcode_after_top_bar":"","ocean_shortcode_before_header":"","ocean_shortcode_after_header":"","ocean_has_shortcode":"","ocean_shortcode_after_title":"","ocean_shortcode_before_footer_widgets":"","ocean_shortcode_after_footer_widgets":"","ocean_shortcode_before_footer_bottom":"","ocean_shortcode_after_footer_bottom":"","ocean_display_top_bar":"default","ocean_display_header":"default","ocean_header_style":"","ocean_center_header_left_menu":"","ocean_custom_header_template":"","ocean_custom_logo":0,"ocean_custom_retina_logo":0,"ocean_custom_logo_max_width":0,"ocean_custom_logo_tablet_max_width":0,"ocean_custom_logo_mobile_max_width":0,"ocean_custom_logo_max_height":0,"ocean_custom_logo_tablet_max_height":0,"ocean_custom_logo_mobile_max_height":0,"ocean_header_custom_menu":"","ocean_menu_typo_font_family":"","ocean_menu_typo_font_subset":"","ocean_menu_typo_font_size":0,"ocean_menu_typo_font_size_tablet":0,"ocean_menu_typo_font_size_mobile":0,"ocean_menu_typo_font_size_unit":"px","ocean_menu_typo_font_weight":"","ocean_menu_typo_font_weight_tablet":"","ocean_menu_typo_font_weight_mobile":"","ocean_menu_typo_transform":"","ocean_menu_typo_transform_tablet":"","ocean_menu_typo_transform_mobile":"","ocean_menu_typo_line_height":0,"ocean_menu_typo_line_height_tablet":0,"ocean_menu_typo_line_height_mobile":0,"ocean_menu_typo_line_height_unit":"","ocean_menu_typo_spacing":0,"ocean_menu_typo_spacing_tablet":0,"ocean_menu_typo_spacing_mobile":0,"ocean_menu_typo_spacing_unit":"","ocean_menu_link_color":"","ocean_menu_link_color_hover":"","ocean_menu_link_color_active":"","ocean_menu_link_background":"","ocean_menu_link_hover_background":"","ocean_menu_link_active_background":"","ocean_menu_social_links_bg":"","ocean_menu_social_hover_links_bg":"","ocean_menu_social_links_color":"","ocean_menu_social_hover_links_color":"","ocean_disable_title":"default","ocean_disable_heading":"default","ocean_post_title":"","ocean_post_subheading":"","ocean_post_title_style":"","ocean_post_title_background_color":"","ocean_post_title_background":0,"ocean_post_title_bg_image_position":"","ocean_post_title_bg_image_attachment":"","ocean_post_title_bg_image_repeat":"","ocean_post_title_bg_image_size":"","ocean_post_title_height":0,"ocean_post_title_bg_overlay":0.5,"ocean_post_title_bg_overlay_color":"","ocean_disable_breadcrumbs":"default","ocean_breadcrumbs_color":"","ocean_breadcrumbs_separator_color":"","ocean_breadcrumbs_links_color":"","ocean_breadcrumbs_links_hover_color":"","ocean_display_footer_widgets":"default","ocean_display_footer_bottom":"default","ocean_custom_footer_template":""},"product_brand":[],"product_cat":[15],"product_tag":[3898,3919,3897,4161],"class_list":{"0":"post-6578","1":"product","2":"type-product","3":"status-publish","5":"product_cat-wszystkie-produkty","6":"product_tag-3898","7":"product_tag-3919","8":"product_tag-berlinger-haus","9":"product_tag-bh-3074","11":"entry","13":"first","14":"instock","15":"shipping-taxable","16":"product-type-simple","17":"has-product-nav","18":"col","19":"span_1_of_4","20":"owp-content-center","21":"owp-thumbs-layout-horizontal","22":"owp-btn-normal","23":"owp-tabs-layout-horizontal","24":"has-no-thumbnails"},"jetpack_sharing_enabled":true,"_links":{"self":[{"href":"https:\/\/domigoo.pl\/index.php\/wp-json\/wp\/v2\/product\/6578","targetHints":{"allow":["GET"]}}],"collection":[{"href":"https:\/\/domigoo.pl\/index.php\/wp-json\/wp\/v2\/product"}],"about":[{"href":"https:\/\/domigoo.pl\/index.php\/wp-json\/wp\/v2\/types\/product"}],"replies":[{"embeddable":true,"href":"https:\/\/domigoo.pl\/index.php\/wp-json\/wp\/v2\/comments?post=6578"}],"wp:attachment":[{"href":"https:\/\/domigoo.pl\/index.php\/wp-json\/wp\/v2\/media?parent=6578"}],"wp:term":[{"taxonomy":"product_brand","embeddable":true,"href":"https:\/\/domigoo.pl\/index.php\/wp-json\/wp\/v2\/product_brand?post=6578"},{"taxonomy":"product_cat","embeddable":true,"href":"https:\/\/domigoo.pl\/index.php\/wp-json\/wp\/v2\/product_cat?post=6578"},{"taxonomy":"product_tag","embeddable":true,"href":"https:\/\/domigoo.pl\/index.php\/wp-json\/wp\/v2\/product_tag?post=6578"}],"curies":[{"name":"wp","href":"https:\/\/api.w.org\/{rel}","templated":true}]}}