{"id":7412,"date":"2026-03-23T09:21:42","date_gmt":"2026-03-23T08:21:42","guid":{"rendered":"https:\/\/domigoo.pl\/index.php\/produkt\/zaparzacz-zeliwny-do-herbaty-berlingerhaus-bh-8940-leonardo-collection\/"},"modified":"2026-03-30T10:44:15","modified_gmt":"2026-03-30T08:44:15","slug":"zaparzacz-zeliwny-do-herbaty-berlingerhaus-bh-8940-leonardo-collection","status":"publish","type":"product","link":"https:\/\/domigoo.pl\/index.php\/produkt\/zaparzacz-zeliwny-do-herbaty-berlingerhaus-bh-8940-leonardo-collection\/","title":{"rendered":"Zaparzacz \u017celiwny do herbaty BerlingerHaus BH-8940 Leonardo Collection"},"content":{"rendered":"<h1 style=\"text-align: center;\" class=\"def\"><strong class=\"def\">Zaparzacz \u017celiwny do herbaty BerlingerHaus<\/strong><\/h1>\n<h1 style=\"text-align: center;\" class=\"def\"><strong class=\"def\">&nbsp;BH-8940 Leonardo Collection<\/strong><\/h1>\n<hr class=\"def\">\n<p data-start=\"366\" data-end=\"655\" style=\"text-align: center;\" class=\"def\"><span style=\"font-size: 14pt;\" class=\"def\">Zaparzacz \u017celiwny BerlingerHaus&nbsp; zosta\u0142 zaprojektowany z my\u015bl\u0105 o tradycyjnym parzeniu herbaty, a jednocze\u015bnie mo\u017ce by\u0107 u\u017cywany na p\u0142ycie indukcyjnej do podgrzewania wody.<\/span><\/p>\n<p data-start=\"366\" data-end=\"655\" style=\"text-align: center;\" class=\"def\"><strong class=\"def\"><span style=\"font-size: 14pt;\" class=\"def\">&nbsp;Dzi\u0119ki temu \u0142\u0105czy funkcj\u0119 zaparzacza i czajnika, oferuj\u0105c wygod\u0119 oraz wszechstronno\u015b\u0107 w codziennym u\u017cytkowaniu.<\/span><\/strong><\/p>\n<p data-start=\"657\" data-end=\"901\" style=\"text-align: center;\" class=\"def\"><span style=\"font-size: 14pt;\" class=\"def\">Wykonany z <strong class=\"def\">wysokiej jako\u015bci \u017celiwa,<\/strong> doskonale <strong class=\"def\">akumuluje<\/strong> i <strong class=\"def\">utrzymuje ciep\u0142o<\/strong>, co pozwala d\u0142u\u017cej cieszy\u0107 si\u0119 odpowiedni\u0105 temperatur\u0105 naparu. <\/span><\/p>\n<p data-start=\"657\" data-end=\"901\" style=\"text-align: center;\" class=\"def\"><span style=\"font-size: 14pt;\" class=\"def\">Wn\u0119trze pokryte <strong class=\"def\">pow\u0142ok\u0105 emaliowan\u0105<\/strong> chroni przed korozj\u0105, nie wp\u0142ywa na smak herbaty i u\u0142atwia czyszczenie.<\/span><\/p>\n<p data-start=\"903\" data-end=\"1138\" style=\"text-align: center;\" class=\"def\"><span style=\"font-size: 14pt;\" class=\"def\">Zaparzacz wyposa\u017cono w wyjmowany <strong class=\"def\">filtr ze stali nierdzewnej 18\/10<\/strong>, idealny do parzenia herbat li\u015bciastych. <\/span><\/p>\n<p data-start=\"903\" data-end=\"1138\" style=\"text-align: center;\" class=\"def\"><span style=\"font-size: 14pt;\" class=\"def\"><strong class=\"def\">Pojemno\u015b\u0107 1 litra<\/strong> sprawia, \u017ce produkt sprawdzi si\u0119 zar\u00f3wno podczas codziennego relaksu, jak i kameralnych spotka\u0144 przy herbacie.<\/span><\/p>\n<p data-start=\"903\" data-end=\"1138\" style=\"text-align: center;\" class=\"def\"><span style=\"font-size: 14pt;\" class=\"def\"><img fetchpriority=\"high\" decoding=\"async\" src=\"https:\/\/berlingerhaus.com.pl\/images\/tn107\/7000-8000\/Zaparzacz-zeliwny-do-herbaty-BerlingerHaus-BH-8940-Leonardo-Collection_[7470]_696.jpg\" width=\"639\" height=\"639\" alt=\"\" class=\"def\"><\/span><\/p>\n<p style=\"text-align: center;\" class=\"def\"><span style=\"font-size: 14pt;\" class=\"def\"><strong class=\"def\">Materia\u0142:&nbsp;<\/strong>\u017beliwo<\/span><\/p>\n<p style=\"text-align: center;\" class=\"def\"><span style=\"font-size: 14pt;\" class=\"def\"><strong class=\"def\">Wn\u0119trze:&nbsp;<\/strong>Pow\u0142oka emaliowana<\/span><\/p>\n<p style=\"text-align: center;\" class=\"def\"><span style=\"font-size: 14pt;\" class=\"def\"><strong class=\"def\">Pojemno\u015b\u0107:&nbsp;<\/strong>1 L<\/span><\/p>\n<p style=\"text-align: center;\" class=\"def\"><span style=\"font-size: 14pt;\" class=\"def\"><strong class=\"def\">Filtr:&nbsp;<\/strong>Wyjmowany filtr ze stali nierdzewnej&nbsp;<strong class=\"def\">18\/10<\/strong><\/span><\/p>\n<p style=\"text-align: center;\" class=\"def\"><span style=\"font-size: 14pt;\" class=\"def\"><strong class=\"def\">Kolor:&nbsp;<\/strong>bordowy<\/span><\/p>\n<p style=\"text-align: center;\" class=\"def\"><span style=\"font-size: 14pt;\" class=\"def\"><img decoding=\"async\" src=\"https:\/\/berlingerhaus.com.pl\/images\/tn107\/7000-8000\/Zaparzacz-zeliwny-do-herbaty-BerlingerHaus-BH-8940-Leonardo-Collection_[7469]_696.jpg\" width=\"495\" height=\"495\" alt=\"\" style=\"float: left;\" class=\"def\"><\/span><\/p>\n<p style=\"text-align: center;\" class=\"def\"><span style=\"font-size: 14pt;\" class=\"def\"><strong class=\"def\">Cechy:<\/strong><\/span><\/p>\n<p style=\"text-align: center;\" class=\"def\"><span style=\"font-size: 14pt;\" class=\"def\">D\u0142ugo utrzymuje ciep\u0142o<\/span><\/p>\n<p style=\"text-align: center;\" class=\"def\"><span style=\"font-size: 14pt;\" class=\"def\">Wygodny i komfortowy w u\u017cytkowaniu<\/span><\/p>\n<p style=\"text-align: center;\" class=\"def\"><span style=\"font-size: 14pt;\" class=\"def\">Odpowiedni do kuchenek indukcyjnych<\/span><\/p>\n","protected":false},"excerpt":{"rendered":"<p>Materia\u0142:\u00a0\u017beliwo<br \/>\nWn\u0119trze:\u00a0Pow\u0142oka emaliowana<br \/>\nPojemno\u015b\u0107:\u00a01 L<br \/>\nFiltr:\u00a0Wyjmowany filtr ze stali nierdzewnej\u00a018\/10<br \/>\nKolor:\u00a0bordowy<\/p>\n","protected":false},"featured_media":0,"comment_status":"open","ping_status":"closed","template":"","meta":{"ocean_post_layout":"","ocean_both_sidebars_style":"","ocean_both_sidebars_content_width":0,"ocean_both_sidebars_sidebars_width":0,"ocean_sidebar":"","ocean_second_sidebar":"","ocean_disable_margins":"enable","ocean_add_body_class":"","ocean_shortcode_before_top_bar":"","ocean_shortcode_after_top_bar":"","ocean_shortcode_before_header":"","ocean_shortcode_after_header":"","ocean_has_shortcode":"","ocean_shortcode_after_title":"","ocean_shortcode_before_footer_widgets":"","ocean_shortcode_after_footer_widgets":"","ocean_shortcode_before_footer_bottom":"","ocean_shortcode_after_footer_bottom":"","ocean_display_top_bar":"default","ocean_display_header":"default","ocean_header_style":"","ocean_center_header_left_menu":"","ocean_custom_header_template":"","ocean_custom_logo":0,"ocean_custom_retina_logo":0,"ocean_custom_logo_max_width":0,"ocean_custom_logo_tablet_max_width":0,"ocean_custom_logo_mobile_max_width":0,"ocean_custom_logo_max_height":0,"ocean_custom_logo_tablet_max_height":0,"ocean_custom_logo_mobile_max_height":0,"ocean_header_custom_menu":"","ocean_menu_typo_font_family":"","ocean_menu_typo_font_subset":"","ocean_menu_typo_font_size":0,"ocean_menu_typo_font_size_tablet":0,"ocean_menu_typo_font_size_mobile":0,"ocean_menu_typo_font_size_unit":"px","ocean_menu_typo_font_weight":"","ocean_menu_typo_font_weight_tablet":"","ocean_menu_typo_font_weight_mobile":"","ocean_menu_typo_transform":"","ocean_menu_typo_transform_tablet":"","ocean_menu_typo_transform_mobile":"","ocean_menu_typo_line_height":0,"ocean_menu_typo_line_height_tablet":0,"ocean_menu_typo_line_height_mobile":0,"ocean_menu_typo_line_height_unit":"","ocean_menu_typo_spacing":0,"ocean_menu_typo_spacing_tablet":0,"ocean_menu_typo_spacing_mobile":0,"ocean_menu_typo_spacing_unit":"","ocean_menu_link_color":"","ocean_menu_link_color_hover":"","ocean_menu_link_color_active":"","ocean_menu_link_background":"","ocean_menu_link_hover_background":"","ocean_menu_link_active_background":"","ocean_menu_social_links_bg":"","ocean_menu_social_hover_links_bg":"","ocean_menu_social_links_color":"","ocean_menu_social_hover_links_color":"","ocean_disable_title":"default","ocean_disable_heading":"default","ocean_post_title":"","ocean_post_subheading":"","ocean_post_title_style":"","ocean_post_title_background_color":"","ocean_post_title_background":0,"ocean_post_title_bg_image_position":"","ocean_post_title_bg_image_attachment":"","ocean_post_title_bg_image_repeat":"","ocean_post_title_bg_image_size":"","ocean_post_title_height":0,"ocean_post_title_bg_overlay":0.5,"ocean_post_title_bg_overlay_color":"","ocean_disable_breadcrumbs":"default","ocean_breadcrumbs_color":"","ocean_breadcrumbs_separator_color":"","ocean_breadcrumbs_links_color":"","ocean_breadcrumbs_links_hover_color":"","ocean_display_footer_widgets":"default","ocean_display_footer_bottom":"default","ocean_custom_footer_template":""},"product_brand":[],"product_cat":[15],"product_tag":[3930,3898,3897,4998],"class_list":{"0":"post-7412","1":"product","2":"type-product","3":"status-publish","5":"product_cat-wszystkie-produkty","6":"product_tag-3930","7":"product_tag-3898","8":"product_tag-berlinger-haus","9":"product_tag-bh-8940","11":"entry","13":"first","14":"instock","15":"shipping-taxable","16":"product-type-simple","17":"has-product-nav","18":"col","19":"span_1_of_4","20":"owp-content-center","21":"owp-thumbs-layout-horizontal","22":"owp-btn-normal","23":"owp-tabs-layout-horizontal","24":"has-no-thumbnails"},"jetpack_sharing_enabled":true,"_links":{"self":[{"href":"https:\/\/domigoo.pl\/index.php\/wp-json\/wp\/v2\/product\/7412","targetHints":{"allow":["GET"]}}],"collection":[{"href":"https:\/\/domigoo.pl\/index.php\/wp-json\/wp\/v2\/product"}],"about":[{"href":"https:\/\/domigoo.pl\/index.php\/wp-json\/wp\/v2\/types\/product"}],"replies":[{"embeddable":true,"href":"https:\/\/domigoo.pl\/index.php\/wp-json\/wp\/v2\/comments?post=7412"}],"wp:attachment":[{"href":"https:\/\/domigoo.pl\/index.php\/wp-json\/wp\/v2\/media?parent=7412"}],"wp:term":[{"taxonomy":"product_brand","embeddable":true,"href":"https:\/\/domigoo.pl\/index.php\/wp-json\/wp\/v2\/product_brand?post=7412"},{"taxonomy":"product_cat","embeddable":true,"href":"https:\/\/domigoo.pl\/index.php\/wp-json\/wp\/v2\/product_cat?post=7412"},{"taxonomy":"product_tag","embeddable":true,"href":"https:\/\/domigoo.pl\/index.php\/wp-json\/wp\/v2\/product_tag?post=7412"}],"curies":[{"name":"wp","href":"https:\/\/api.w.org\/{rel}","templated":true}]}}